{"id":3568,"date":"2017-10-24T19:30:33","date_gmt":"2017-10-24T19:30:33","guid":{"rendered":"https:\/\/www.monnaieroyale.com\/desjardins\/?page_id=3568"},"modified":"2024-01-16T20:47:40","modified_gmt":"2024-01-16T20:47:40","slug":"oraugramme-8","status":"publish","type":"page","link":"https:\/\/www.monnaieroyale.com\/investissement\/oraugramme-8\/","title":{"rendered":"OrAuGramme | 8"},"content":{"rendered":"<div class=\"row sc  \"><div class=\"item col-md-9 \">\n<h5><strong>(Non disponible pour le moment)<\/strong><\/h5>\n<h3>Caract\u00e9ristiques particuli\u00e8res :<\/h3>\n<ul>\n<li>Emballage-coque divisible contenant huit pi\u00e8ces Feuille d\u2019\u00e9rable en or de un gramme ayant cours l\u00e9gal.<\/li>\n<li>Chaque pi\u00e8ce poss\u00e8de un num\u00e9ro de s\u00e9rie distinct. Les huit pi\u00e8ces de un gramme pr\u00e9sent\u00e9es dans cet emballage<br \/>\n<span style=\"margin- left: 25px;\">\u00a0 \u00a0 sont compos\u00e9es d\u2019or pur \u00e0 99,99 %.<\/span><\/li>\n<li>Au dos de la carte figure le certificat de titrage de la Monnaie royale canadienne, sign\u00e9 par l\u2019essayeur en chef, attestant<br \/>\n<span style=\"margin- left: 25px;\">\u00a0 \u00a0 l\u2019authenticit\u00e9 et le degr\u00e9 de puret\u00e9 de chaque pi\u00e8ce d\u2019investissement en or pur.<\/span><\/li>\n<li>NOUVEAUT\u00c9 en 2016 : chaque pi\u00e8ce Feuille d\u2019\u00e9rable en or comporte des lignes radiales grav\u00e9es avec une grande pr\u00e9cision,<br \/>\n<span style=\"margin- left: 25px;\">\u00a0 \u00a0 une caract\u00e9ristique de s\u00e9curit\u00e9 qui repousse les limites de la technologie en mati\u00e8re de gravure.<\/span><\/li>\n<li>Un caract\u00e8re en chinois simplifi\u00e9 qui signifie \u00ab OrAuGRAMME8 \u00bb figure sur l\u2019emballage.<\/li>\n<li>Les couleurs rouge et or ornant l\u2019emballage sp\u00e9cialement con\u00e7u symbolisent la prosp\u00e9rit\u00e9 et la chance et transmettent<br \/>\n<span style=\"margin- left: 25px;\">\u00a0 \u00a0 un voeu de bonne fortune et de bonheur \u00e0 son propri\u00e9taire.<\/span><\/li>\n<li>Le chiffre \u00ab 8 \u00bb joue un r\u00f4le important dans la culture chinoise, et repr\u00e9sente la richesse et la prosp\u00e9rit\u00e9. Il est consid\u00e9r\u00e9<br \/>\n<span style=\"margin- left: 25px;\">\u00a0 \u00a0 comme \u00e9tant le chiffre le plus chanceux de la tradition chinoise.<\/span><\/li>\n<\/ul>\n<\/div><div class=\"item col-md-3 \">\n<div class=\"productmenu\">\n<h2>Produits en or<\/h2>\n<p><a href=\"https:\/\/www.monnaieroyale.com\/investissement\/pieces-dor\/\">Pi\u00e8ce d&#8217;or<\/a><a href=\"https:\/\/www.monnaieroyale.com\/investissement\/plaquette-en-or\/\">Plaquette en or<\/a><a href=\"https:\/\/www.monnaieroyale.com\/investissement\/lingodor\/\">Lingot d&#8217;or<\/a><a href=\" https:\/\/www.monnaieroyale.com\/investissement\/oraugramme-8\/\">OrAuGramme | 8<\/a><\/p>\n<\/div>\n<\/div><\/div>\n<ul>\n<li>Poids (g) :\u00a0 \u00a0 \u00a0 \u00a0 \u00a0 \u00a08 X 1<\/li>\n<li>Puret\u00e9 (%) :\u00a0 \u00a0 \u00a0 \u00a0 \u00a099.99<\/li>\n<li>Dimension (mm) :\u00a0 \u00a0 8<\/li>\n<\/ul>\n","protected":false},"excerpt":{"rendered":"<p>Poids (g) :\u00a0 \u00a0 \u00a0 \u00a0 \u00a0 \u00a08 X 1 Puret\u00e9 (%) :\u00a0 \u00a0 \u00a0 \u00a0 \u00a099.99 Dimension (mm) :\u00a0 \u00a0 8<\/p>\n","protected":false},"author":8,"featured_media":3551,"parent":0,"menu_order":0,"comment_status":"closed","ping_status":"closed","template":"","meta":{"footnotes":""},"class_list":["post-3568","page","type-page","status-publish","has-post-thumbnail","hentry","clearfix"],"_links":{"self":[{"href":"https:\/\/www.monnaieroyale.com\/investissement\/wp-json\/wp\/v2\/pages\/3568","targetHints":{"allow":["GET"]}}],"collection":[{"href":"https:\/\/www.monnaieroyale.com\/investissement\/wp-json\/wp\/v2\/pages"}],"about":[{"href":"https:\/\/www.monnaieroyale.com\/investissement\/wp-json\/wp\/v2\/types\/page"}],"author":[{"embeddable":true,"href":"https:\/\/www.monnaieroyale.com\/investissement\/wp-json\/wp\/v2\/users\/8"}],"replies":[{"embeddable":true,"href":"https:\/\/www.monnaieroyale.com\/investissement\/wp-json\/wp\/v2\/comments?post=3568"}],"version-history":[{"count":5,"href":"https:\/\/www.monnaieroyale.com\/investissement\/wp-json\/wp\/v2\/pages\/3568\/revisions"}],"predecessor-version":[{"id":4147,"href":"https:\/\/www.monnaieroyale.com\/investissement\/wp-json\/wp\/v2\/pages\/3568\/revisions\/4147"}],"wp:featuredmedia":[{"embeddable":true,"href":"https:\/\/www.monnaieroyale.com\/investissement\/wp-json\/wp\/v2\/media\/3551"}],"wp:attachment":[{"href":"https:\/\/www.monnaieroyale.com\/investissement\/wp-json\/wp\/v2\/media?parent=3568"}],"curies":[{"name":"wp","href":"https:\/\/api.w.org\/{rel}","templated":true}]}}