{"id":3553,"date":"2017-10-24T19:19:43","date_gmt":"2017-10-24T19:19:43","guid":{"rendered":"https:\/\/www.monnaieroyale.com\/desjardins\/?page_id=3553"},"modified":"2017-11-06T14:09:38","modified_gmt":"2017-11-06T14:09:38","slug":"or-25","status":"publish","type":"page","link":"https:\/\/www.monnaieroyale.com\/investissement\/or-25\/","title":{"rendered":"OrAuGramme | 25"},"content":{"rendered":"<div class=\"row sc  \"><div class=\"item col-md-9 \">\n<h3>Caract\u00e9ristiques particuli\u00e8res :<\/h3>\n<ul>\n<li>Emballage-coque divisible contenant 25 pi\u00e8ces Feuille d&#8217;\u00e9rable en or de 1 gramme ayant cours l\u00e9gal.<\/li>\n<li>Chacune des 25 pi\u00e8ces est frapp\u00e9e dans 1 gramme d&#8217;or pur \u00e0 99,99 % et poss\u00e8de un num\u00e9ro de s\u00e9rie distinct.<\/li>\n<li>Les pi\u00e8ces d&#8217;une qualit\u00e9 in\u00e9gal\u00e9e sont frapp\u00e9es du motif embl\u00e9matique de feuille d&#8217;\u00e9rable canadienne et orn\u00e9es de<br \/>\n<span style=\"margin- left: 26px;\">\u00a0 \u00a0 \u00a0d\u00e9tails exquis.<\/span><\/li>\n<li>Un investissement s\u00e9curitaire et une acquisition de choix autant pour un premier achat de m\u00e9taux pr\u00e9cieux que pour<br \/>\n<span style=\"margin- left: 25px;\">\u00a0 \u00a0 \u00a0les investissements \u00e0 long terme.<\/span><\/li>\n<\/ul>\n<\/div><div class=\"item col-md-3 \">\n<div class=\"productmenu\">\n<h2>Produits en or<\/h2>\n<p><a href=\"https:\/\/www.monnaieroyale.com\/investissement\/pieces-dor\/\">Pi\u00e8ce d&#8217;or<\/a><a href=\"https:\/\/www.monnaieroyale.com\/investissement\/plaquette-en-or\/\">Plaquette en or<\/a><a href=\" https:\/\/www.monnaieroyale.com\/investissement\/lingodor\/\">Lingot en or<\/a><a href=\" https:\/\/www.monnaieroyale.com\/investissement\/oraugramme-8\/\">OrAuGramme | 8<\/a><\/p>\n<\/div>\n<\/div><\/div>\n<ul>\n<li>Poids (g) :\u00a0 \u00a0 \u00a0 \u00a0 \u00a0 \u00a025 x 1<\/li>\n<li>Puret\u00e9 (%) :\u00a0 \u00a0 \u00a0 \u00a0 \u00a099.99<\/li>\n<li>Dimension (mm) :\u00a0 \u00a0 8<\/li>\n<\/ul>\n","protected":false},"excerpt":{"rendered":"<p>Poids (g) :\u00a0 \u00a0 \u00a0 \u00a0 \u00a0 \u00a025 x 1 Puret\u00e9 (%) :\u00a0 \u00a0 \u00a0 \u00a0 \u00a099.99 Dimension (mm) :\u00a0 \u00a0 8<\/p>\n","protected":false},"author":8,"featured_media":3552,"parent":0,"menu_order":0,"comment_status":"closed","ping_status":"closed","template":"","meta":{"footnotes":""},"class_list":["post-3553","page","type-page","status-publish","has-post-thumbnail","hentry","clearfix"],"_links":{"self":[{"href":"https:\/\/www.monnaieroyale.com\/investissement\/wp-json\/wp\/v2\/pages\/3553","targetHints":{"allow":["GET"]}}],"collection":[{"href":"https:\/\/www.monnaieroyale.com\/investissement\/wp-json\/wp\/v2\/pages"}],"about":[{"href":"https:\/\/www.monnaieroyale.com\/investissement\/wp-json\/wp\/v2\/types\/page"}],"author":[{"embeddable":true,"href":"https:\/\/www.monnaieroyale.com\/investissement\/wp-json\/wp\/v2\/users\/8"}],"replies":[{"embeddable":true,"href":"https:\/\/www.monnaieroyale.com\/investissement\/wp-json\/wp\/v2\/comments?post=3553"}],"version-history":[{"count":5,"href":"https:\/\/www.monnaieroyale.com\/investissement\/wp-json\/wp\/v2\/pages\/3553\/revisions"}],"predecessor-version":[{"id":3934,"href":"https:\/\/www.monnaieroyale.com\/investissement\/wp-json\/wp\/v2\/pages\/3553\/revisions\/3934"}],"wp:featuredmedia":[{"embeddable":true,"href":"https:\/\/www.monnaieroyale.com\/investissement\/wp-json\/wp\/v2\/media\/3552"}],"wp:attachment":[{"href":"https:\/\/www.monnaieroyale.com\/investissement\/wp-json\/wp\/v2\/media?parent=3553"}],"curies":[{"name":"wp","href":"https:\/\/api.w.org\/{rel}","templated":true}]}}