{"id":351,"date":"2015-09-22T08:34:46","date_gmt":"2015-09-22T08:34:46","guid":{"rendered":"http:\/\/watermark.pixelemu.com\/pe-public-institutions\/?page_id=351"},"modified":"2017-11-15T21:35:13","modified_gmt":"2017-11-15T21:35:13","slug":"lingodor","status":"publish","type":"page","link":"https:\/\/www.monnaieroyale.com\/investissement\/lingodor\/","title":{"rendered":"Lingot d&#8217;or"},"content":{"rendered":"<div class=\"row sc  \"><div class=\"item col-md-9 \">\nLes lingots d&#8217;or de la Monnaie royale canadienne sont synonymes de vari\u00e9t\u00e9 et de qualit\u00e9.<\/p>\n<p>Qu&#8217;il s&#8217;agisse d&#8217;un format moyen comme le lingot de 1 kilogramme (32,14 oz) ou encore du format imposant des lingots \u00ab bonne livraison \u00bb de Londres de 400 onces troy (12.45 kilogrammes), les lingots d&#8217;or de la Monnaie sont offerts dans toute une gamme de poids et de dimensions, pour combler les besoins de tous les clients.<\/p>\n<p>D&#8217;un degr\u00e9 de puret\u00e9 de 99,99 %, les lingots d&#8217;or sont un moyen \u00e9conomique et rentable d&#8217;investir dans de l&#8217;or provenant d&#8217;un affineur de r\u00e9putation mondiale : la Monnaie royale canadienne.<\/div>\n<div class=\"item col-md-3 \">\n<div class=\"productmenu\">\n<h2>Produits en or<\/h2>\n<p><a href=\"https:\/\/www.monnaieroyale.com\/investissement\/plaquette-en-or\/\">Plaquette en or<\/a><a href=\"https:\/\/www.monnaieroyale.com\/investissement\/pieces-dor\/\">Pi\u00e8ce d&#8217;or<\/a><a href=\"https:\/\/www.monnaieroyale.com\/investissement\/or-25\/\">OrAuGramme | 25<\/a><a href=\" https:\/\/www.monnaieroyale.com\/investissement\/oraugramme-8\/\">OrAuGramme | 8<\/a><\/p>\n<\/div>\n<\/div><\/div>\n<p><strong>Lingot 1kg<\/strong><\/p>\n<ul>\n<li>Poids (g) :\u00a0 \u00a0 \u00a0 \u00a0 \u00a0 \u00a01<\/li>\n<li>Puret\u00e9 (%) :\u00a0 \u00a0 \u00a0 \u00a0 \u00a099.99<\/li>\n<li>Dimension (mm) :\u00a0 \u00a0 50,<sup>5<\/sup>\u00a0 x\u00a0 110,<sup>3<\/sup>\u00a0 x\u00a0 9,<sup>5<\/sup><\/li>\n<\/ul>\n<p><strong>Lingot 400 onces<\/strong><\/p>\n<ul>\n<li>Poids (oz) :<span style=\"margin- left: 25px;\">\u00a0 \u00a0 \u00a0 \u00a0 \u00a0400<\/span><\/li>\n<li>Poids (g) :<span style=\"margin- left: 24px;\">\u00a0 \u00a0 \u00a0 \u00a0 \u00a0 \u00a012,<sup>445<\/sup><\/span><\/li>\n<li>Puret\u00e9 (%) :<span style=\"margin- left: 23px;\">\u00a0 \u00a0 \u00a0 \u00a0 \u00a099.99<\/span><\/li>\n<li>Dimension\u00a0 (mm):<span style=\"margin- left: 24px;\">\u00a0 \u00a0 70,<sup>0<\/sup>\u00a0 x 250,<sup>0<\/sup>\u00a0 x 43,<sup>9<\/sup><\/span><\/li>\n<\/ul>\n","protected":false},"excerpt":{"rendered":"<p>Lingot 1kg Poids (g) :\u00a0 \u00a0 \u00a0 \u00a0 \u00a0 \u00a01 Puret\u00e9 (%) :\u00a0 \u00a0 \u00a0 \u00a0 \u00a099.99 Dimension (mm) :\u00a0 \u00a0 50,5\u00a0 x\u00a0 110,3\u00a0 x\u00a0 9,5 Lingot 400 onces Poids [&hellip;]<\/p>\n","protected":false},"author":8,"featured_media":3049,"parent":0,"menu_order":0,"comment_status":"open","ping_status":"closed","template":"page-templates\/page-full-width.php","meta":{"footnotes":""},"class_list":["post-351","page","type-page","status-publish","has-post-thumbnail","hentry","clearfix"],"_links":{"self":[{"href":"https:\/\/www.monnaieroyale.com\/investissement\/wp-json\/wp\/v2\/pages\/351","targetHints":{"allow":["GET"]}}],"collection":[{"href":"https:\/\/www.monnaieroyale.com\/investissement\/wp-json\/wp\/v2\/pages"}],"about":[{"href":"https:\/\/www.monnaieroyale.com\/investissement\/wp-json\/wp\/v2\/types\/page"}],"author":[{"embeddable":true,"href":"https:\/\/www.monnaieroyale.com\/investissement\/wp-json\/wp\/v2\/users\/8"}],"replies":[{"embeddable":true,"href":"https:\/\/www.monnaieroyale.com\/investissement\/wp-json\/wp\/v2\/comments?post=351"}],"version-history":[{"count":5,"href":"https:\/\/www.monnaieroyale.com\/investissement\/wp-json\/wp\/v2\/pages\/351\/revisions"}],"predecessor-version":[{"id":3943,"href":"https:\/\/www.monnaieroyale.com\/investissement\/wp-json\/wp\/v2\/pages\/351\/revisions\/3943"}],"wp:featuredmedia":[{"embeddable":true,"href":"https:\/\/www.monnaieroyale.com\/investissement\/wp-json\/wp\/v2\/media\/3049"}],"wp:attachment":[{"href":"https:\/\/www.monnaieroyale.com\/investissement\/wp-json\/wp\/v2\/media?parent=351"}],"curies":[{"name":"wp","href":"https:\/\/api.w.org\/{rel}","templated":true}]}}