{"id":3051,"date":"2017-10-04T15:16:26","date_gmt":"2017-10-04T15:16:26","guid":{"rendered":"https:\/\/www.monnaieroyale.com\/desjardins\/?page_id=3051"},"modified":"2020-03-04T15:16:02","modified_gmt":"2020-03-04T15:16:02","slug":"plaquette-en-or","status":"publish","type":"page","link":"https:\/\/www.monnaieroyale.com\/investissement\/plaquette-en-or\/","title":{"rendered":"Plaquette en or"},"content":{"rendered":"<div class=\"row sc  \"><div class=\"item col-md-9 \">\n<p>Ce produit de format moyen propose un bel \u00e9quilibre entre liquidit\u00e9 et prix d&#8217;achat. Sa qualit\u00e9, sa puret\u00e9 et sa perfection technique sont in\u00e9gal\u00e9es et sont le fruit des comp\u00e9tences d&#8217;affinage et de frappe de l&#8217;or de r\u00e9putation mondiale de la Monnaie royale canadienne.<\/div><div class=\"item col-md-3 \">\n<div class=\"productmenu\">\n<h2>Produits en or<\/h2>\n<p><a href=\"https:\/\/www.monnaieroyale.com\/investissement\/pieces-dor\/\">Pi\u00e8ce d&#8217;or<\/a><a href=\"https:\/\/www.monnaieroyale.com\/investissement\/lingodor\/\">Lingot d&#8217;or<\/a><a href=\"https:\/\/www.monnaieroyale.com\/investissement\/or-25\/\">OrAuGramme | 25<\/a><a href=\" https:\/\/www.monnaieroyale.com\/investissement\/oraugramme-8\/\">OrAuGramme | 8<\/a><\/p>\n<\/div>\n<\/div><\/div>\n<ul>\n<li>Poids (oz) :<span style=\"margin- left: 25px;\">\u00a0 \u00a0 \u00a0 \u00a0 \u00a01\u00a0\u00a0<\/span><\/li>\n<li>Poids (g) :<span style=\"margin- left: 24px;\">\u00a0 \u00a0 \u00a0 \u00a0 \u00a0 \u00a031.<sup>11<\/sup>\u00a0\u00a0<\/span><\/li>\n<li>Puret\u00e9 (%) :<span style=\"margin- left: 23px;\">\u00a0 \u00a0 \u00a0 \u00a0 \u00a099.99<\/span><\/li>\n<li>Dimension (mm) :<span style=\"margin- left: 24px;\">\u00a0 \u00a029,<sup>o<\/sup>\u00a0 x 50,<sup>o<\/sup>\u00a0 \u00a0x 1,<sup>7<\/sup><\/span><\/li>\n<\/ul>\n","protected":false},"excerpt":{"rendered":"<p>Poids (oz) :\u00a0 \u00a0 \u00a0 \u00a0 \u00a01\u00a0\u00a0 Poids (g) :\u00a0 \u00a0 \u00a0 \u00a0 \u00a0 \u00a031.11\u00a0\u00a0 Puret\u00e9 (%) :\u00a0 \u00a0 \u00a0 \u00a0 \u00a099.99 Dimension (mm) :\u00a0 \u00a029,o\u00a0 x 50,o\u00a0 \u00a0x 1,7<\/p>\n","protected":false},"author":8,"featured_media":3052,"parent":0,"menu_order":0,"comment_status":"closed","ping_status":"closed","template":"","meta":{"footnotes":""},"class_list":["post-3051","page","type-page","status-publish","has-post-thumbnail","hentry","clearfix"],"_links":{"self":[{"href":"https:\/\/www.monnaieroyale.com\/investissement\/wp-json\/wp\/v2\/pages\/3051","targetHints":{"allow":["GET"]}}],"collection":[{"href":"https:\/\/www.monnaieroyale.com\/investissement\/wp-json\/wp\/v2\/pages"}],"about":[{"href":"https:\/\/www.monnaieroyale.com\/investissement\/wp-json\/wp\/v2\/types\/page"}],"author":[{"embeddable":true,"href":"https:\/\/www.monnaieroyale.com\/investissement\/wp-json\/wp\/v2\/users\/8"}],"replies":[{"embeddable":true,"href":"https:\/\/www.monnaieroyale.com\/investissement\/wp-json\/wp\/v2\/comments?post=3051"}],"version-history":[{"count":5,"href":"https:\/\/www.monnaieroyale.com\/investissement\/wp-json\/wp\/v2\/pages\/3051\/revisions"}],"predecessor-version":[{"id":4059,"href":"https:\/\/www.monnaieroyale.com\/investissement\/wp-json\/wp\/v2\/pages\/3051\/revisions\/4059"}],"wp:featuredmedia":[{"embeddable":true,"href":"https:\/\/www.monnaieroyale.com\/investissement\/wp-json\/wp\/v2\/media\/3052"}],"wp:attachment":[{"href":"https:\/\/www.monnaieroyale.com\/investissement\/wp-json\/wp\/v2\/media?parent=3051"}],"curies":[{"name":"wp","href":"https:\/\/api.w.org\/{rel}","templated":true}]}}