 {"id":20979,"date":"2025-12-22T15:18:34","date_gmt":"2025-12-22T20:18:34","guid":{"rendered":"https:\/\/mrc.2dev.ca\/product\/1-kilo-silver-bar-royal-canadian-mint\/"},"modified":"2026-04-15T10:39:53","modified_gmt":"2026-04-15T14:39:53","slug":"lingot-argent-1-kg-monnaie-royale-canadienne","status":"publish","type":"product","link":"https:\/\/www.monnaieroyale.com\/en\/product\/lingot-argent-1-kg-monnaie-royale-canadienne\/","title":{"rendered":"Lingot d\u2019argent 1 kg | Monnaie royale Canadienne"},"content":{"rendered":"<p><strong>CARACT\u00c9RISTIQUES DE LA PI\u00c8CE<\/strong><\/p>\n<div class=\"ewa-rteLine\"><\/div>\n<div class=\"ewa-rteLine\">\n<ul>\n<li class=\"ewa-rteLine\">\n<p data-start=\"48\" data-end=\"388\">Exp\u00e9di\u00e9 individuellement dans un emballage protecteur<\/p>\n<\/li>\n<li class=\"ewa-rteLine\">\n<p data-start=\"48\" data-end=\"388\">Compos\u00e9 de 1 kilogramme d\u2019argent fin 999<\/p>\n<\/li>\n<li class=\"ewa-rteLine\">\n<p data-start=\"48\" data-end=\"388\"><strong>Avers :<\/strong> Pr\u00e9sente le logo et le nom de la Monnaie royale canadienne en anglais et en fran\u00e7ais, les inscriptions \u00ab 1 KILO 99.9 \u00bb, \u00ab FINE SILVER ARGENT PUR \u00bb, deux feuilles d\u2019\u00e9rable ainsi qu\u2019un num\u00e9ro de s\u00e9rie unique<\/p>\n<\/li>\n<li class=\"ewa-rteLine\">\n<p data-start=\"48\" data-end=\"388\"><strong>Revers :<\/strong> Surface vierge<\/p>\n<\/li>\n<\/ul>\n<p data-start=\"390\" data-end=\"511\">L\u2019avers du lingot pr\u00e9sente le logo de la Monnaie royale canadienne, bien en \u00e9vidence dans la partie sup\u00e9rieure du lingot. Sous le logo se trouvent la d\u00e9nomination et la puret\u00e9 du lingot, accompagn\u00e9es de marques distinctives en forme de feuille d\u2019\u00e9rable de chaque c\u00f4t\u00e9, ainsi que le num\u00e9ro de s\u00e9rie unique du lingot estampill\u00e9 dans la partie inf\u00e9rieure.<\/p>\n<div class=\"ewa-rteLine\">\n<table style=\"border-collapse: collapse; width: 58.5203%; height: 145px;\">\n<tbody>\n<tr style=\"height: 24px;\">\n<td style=\"width: 22.3094%; height: 24px;\">Code<\/td>\n<td style=\"width: 46.6735%; height: 24px;\">5917<\/td>\n<\/tr>\n<tr style=\"height: 24px;\">\n<td style=\"width: 22.3094%; height: 24px;\">Puret\u00e9<\/td>\n<td style=\"width: 46.6735%; height: 24px;\">.999<\/td>\n<\/tr>\n<tr style=\"height: 24px;\">\n<td style=\"width: 22.3094%; height: 24px;\">Pays<\/td>\n<td style=\"width: 46.6735%; height: 24px;\">Canada<\/td>\n<\/tr>\n<tr style=\"height: 24px;\">\n<td style=\"width: 22.3094%; height: 24px;\">Fabricant<\/td>\n<td style=\"width: 46.6735%; height: 24px;\">Monnaie Royale Canadienne<\/td>\n<\/tr>\n<tr style=\"height: 24px;\">\n<td style=\"width: 22.3094%; height: 24px;\">Poids<\/td>\n<td style=\"width: 46.6735%; height: 24px;\">1 kg<\/td>\n<\/tr>\n<tr>\n<td style=\"width: 22.3094%;\">\u00c9paisseur moyenne<\/td>\n<td style=\"width: 46.6735%;\">22 mm<\/td>\n<\/tr>\n<\/tbody>\n<\/table>\n<\/div>\n<div class=\"ewa-rteLine\">\n<p>&nbsp;<\/p>\n<\/div>\n<div>\n<hr \/>\n<\/div>\n<div class=\"ewa-rteLine\"><strong>\u00c0 PROPOS DE LA MONNAIE ROYALE CANADIENNE\u00a0<\/strong><\/div>\n<\/div>\n<div class=\"ewa-rteLine\">\n<p>La Monnaie royale canadienne est connue pour \u00eatre l&#8217;une des monnaies les plus r\u00e9put\u00e9es au monde. La succursale d&#8217;Ottawa de la Monnaie royale a ouvert ses portes en 1908 et a \u00e9t\u00e9 rebaptis\u00e9e Monnaie royale canadienne en 1931 lorsque le contr\u00f4le a \u00e9t\u00e9 transf\u00e9r\u00e9 au gouvernement canadien. Ses normes \u00e9lev\u00e9es d&#8217;excellence et de qualit\u00e9 lui ont permis d&#8217;\u00eatre la premi\u00e8re raffinerie \u00e0 fabriquer des pi\u00e8ces d&#8217;investissement en or d&#8217;une puret\u00e9 de 9999 en 1982, ainsi que la premi\u00e8re \u00e0 atteindre une puret\u00e9 d&#8217;or de 99999 en 1998.<\/p>\n<\/div>\n","protected":false},"excerpt":{"rendered":"<p>La Monnaie royale canadienne fabrique des lingots d\u2019argent de 1 kilo, appr\u00e9ci\u00e9s pour leur puret\u00e9 et comme moyen \u00e9conomique d\u2019investir dans le m\u00e9tal pr\u00e9cieux, avec des caract\u00e9ristiques uniques comme le logo et un num\u00e9ro de s\u00e9rie. Ces lingots contiennent 1 kilogramme (environ 32,15 onces troy) d\u2019argent fin et sont une option populaire pour l&#8217;accumulation d&#8217;argent.<span class=\"uJ19be notranslate\" data-wiz-uids=\"kmxHzc_c,kmxHzc_d\" data-processed=\"true\"><span class=\"vKEkVd\" data-animation-atomic=\"\" data-wiz-attrbind=\"class=kmxHzc_b\/TKHnVd\" data-processed=\"true\">\u00a0<\/span><\/span><\/p>\n","protected":false},"featured_media":21161,"comment_status":"closed","ping_status":"closed","template":"","meta":{"content-type":""},"product_brand":[],"product_cat":[523,515],"product_tag":[],"class_list":{"0":"post-20979","1":"product","2":"type-product","3":"status-publish","4":"has-post-thumbnail","6":"product_cat-silver-bars","7":"product_cat-silver-products","10":"first","11":"instock","12":"featured","13":"purchasable","14":"product-type-simple"},"yoast_head":"<!-- This site is optimized with the Yoast SEO plugin v27.4 - https:\/\/yoast.com\/product\/yoast-seo-wordpress\/ -->\n<title>Lingot d\u2019argent 1 kg | Monnaie royale Canadienne - Monnaie Collection Royale<\/title>\n<meta name=\"description\" content=\"La Monnaie royale canadienne fabrique des lingots d\u2019argent de 1 kilo, appr\u00e9ci\u00e9s pour leur puret\u00e9 et comme moyen \u00e9conomique d\u2019investir dans le m\u00e9tal pr\u00e9cieux, avec des caract\u00e9ristiques uniques comme le logo et un num\u00e9ro de s\u00e9rie. Ces lingots contiennent 1 kilogramme (environ 32,15 onces troy) d\u2019argent fin et sont une option populaire pour l&#039;accumulation d&#039;argent.\u00a0\" \/>\n<meta name=\"robots\" content=\"index, follow, max-snippet:-1, max-image-preview:large, max-video-preview:-1\" \/>\n<link rel=\"canonical\" href=\"https:\/\/www.monnaieroyale.com\/product\/lingot-argent-1-kg-monnaie-royale-canadienne\/?lang=en\" \/>\n<meta property=\"og:locale\" content=\"en_US\" \/>\n<meta property=\"og:type\" content=\"article\" \/>\n<meta property=\"og:title\" content=\"Lingot d\u2019argent 1 kg | Monnaie royale Canadienne - Monnaie Collection Royale\" \/>\n<meta property=\"og:description\" content=\"La Monnaie royale canadienne fabrique des lingots d\u2019argent de 1 kilo, appr\u00e9ci\u00e9s pour leur puret\u00e9 et comme moyen \u00e9conomique d\u2019investir dans le m\u00e9tal pr\u00e9cieux, avec des caract\u00e9ristiques uniques comme le logo et un num\u00e9ro de s\u00e9rie. Ces lingots contiennent 1 kilogramme (environ 32,15 onces troy) d\u2019argent fin et sont une option populaire pour l&#039;accumulation d&#039;argent.\u00a0\" \/>\n<meta property=\"og:url\" content=\"https:\/\/www.monnaieroyale.com\/product\/lingot-argent-1-kg-monnaie-royale-canadienne\/?lang=en\" \/>\n<meta property=\"og:site_name\" content=\"Monnaie Collection Royale\" \/>\n<meta property=\"article:modified_time\" content=\"2026-04-15T14:39:53+00:00\" \/>\n<meta name=\"twitter:card\" content=\"summary_large_image\" \/>\n<meta name=\"twitter:label1\" content=\"Est. reading time\" \/>\n\t<meta name=\"twitter:data1\" content=\"1 minute\" \/>\n<script type=\"application\/ld+json\" class=\"yoast-schema-graph\">{\"@context\":\"https:\\\/\\\/schema.org\",\"@graph\":[{\"@type\":\"WebPage\",\"@id\":\"https:\\\/\\\/www.monnaieroyale.com\\\/product\\\/lingot-argent-1-kg-monnaie-royale-canadienne\\\/?lang=en\",\"url\":\"https:\\\/\\\/www.monnaieroyale.com\\\/product\\\/lingot-argent-1-kg-monnaie-royale-canadienne\\\/?lang=en\",\"name\":\"Lingot d\u2019argent 1 kg | Monnaie royale Canadienne - Monnaie Collection Royale\",\"isPartOf\":{\"@id\":\"https:\\\/\\\/www.monnaieroyale.com\\\/#website\"},\"primaryImageOfPage\":{\"@id\":\"https:\\\/\\\/www.monnaieroyale.com\\\/product\\\/lingot-argent-1-kg-monnaie-royale-canadienne\\\/?lang=en#primaryimage\"},\"image\":{\"@id\":\"https:\\\/\\\/www.monnaieroyale.com\\\/product\\\/lingot-argent-1-kg-monnaie-royale-canadienne\\\/?lang=en#primaryimage\"},\"thumbnailUrl\":\"https:\\\/\\\/www.monnaieroyale.com\\\/wp-content\\\/uploads\\\/2025\\\/12\\\/lingot-argent-1-kg-monnaie-royale-canadienne-1-monnaie-collection-royale.avif\",\"datePublished\":\"2025-12-22T20:18:34+00:00\",\"dateModified\":\"2026-04-15T14:39:53+00:00\",\"description\":\"La Monnaie royale canadienne fabrique des lingots d\u2019argent de 1 kilo, appr\u00e9ci\u00e9s pour leur puret\u00e9 et comme moyen \u00e9conomique d\u2019investir dans le m\u00e9tal pr\u00e9cieux, avec des caract\u00e9ristiques uniques comme le logo et un num\u00e9ro de s\u00e9rie. Ces lingots contiennent 1 kilogramme (environ 32,15 onces troy) d\u2019argent fin et sont une option populaire pour l'accumulation d'argent.\u00a0\",\"breadcrumb\":{\"@id\":\"https:\\\/\\\/www.monnaieroyale.com\\\/product\\\/lingot-argent-1-kg-monnaie-royale-canadienne\\\/?lang=en#breadcrumb\"},\"inLanguage\":\"en-US\",\"potentialAction\":[{\"@type\":\"ReadAction\",\"target\":[\"https:\\\/\\\/www.monnaieroyale.com\\\/product\\\/lingot-argent-1-kg-monnaie-royale-canadienne\\\/?lang=en\"]}]},{\"@type\":\"ImageObject\",\"inLanguage\":\"en-US\",\"@id\":\"https:\\\/\\\/www.monnaieroyale.com\\\/product\\\/lingot-argent-1-kg-monnaie-royale-canadienne\\\/?lang=en#primaryimage\",\"url\":\"https:\\\/\\\/www.monnaieroyale.com\\\/wp-content\\\/uploads\\\/2025\\\/12\\\/lingot-argent-1-kg-monnaie-royale-canadienne-1-monnaie-collection-royale.avif\",\"contentUrl\":\"https:\\\/\\\/www.monnaieroyale.com\\\/wp-content\\\/uploads\\\/2025\\\/12\\\/lingot-argent-1-kg-monnaie-royale-canadienne-1-monnaie-collection-royale.avif\",\"width\":500,\"height\":500,\"caption\":\"Lingot d\u2019argent de 1 kilo | Monnaie royale canadienne\"},{\"@type\":\"BreadcrumbList\",\"@id\":\"https:\\\/\\\/www.monnaieroyale.com\\\/product\\\/lingot-argent-1-kg-monnaie-royale-canadienne\\\/?lang=en#breadcrumb\",\"itemListElement\":[{\"@type\":\"ListItem\",\"position\":1,\"name\":\"Accueil\",\"item\":\"https:\\\/\\\/www.monnaieroyale.com\\\/?lang=en\"},{\"@type\":\"ListItem\",\"position\":2,\"name\":\"Shop\",\"item\":\"https:\\\/\\\/www.monnaieroyale.com\\\/shop\\\/?lang=en\"},{\"@type\":\"ListItem\",\"position\":3,\"name\":\"Lingot d\u2019argent 1 kg | Monnaie royale Canadienne\"}]},{\"@type\":\"WebSite\",\"@id\":\"https:\\\/\\\/www.monnaieroyale.com\\\/#website\",\"url\":\"https:\\\/\\\/www.monnaieroyale.com\\\/\",\"name\":\"Monnaie Collection Royale\",\"description\":\"\",\"publisher\":{\"@id\":\"https:\\\/\\\/www.monnaieroyale.com\\\/#organization\"},\"potentialAction\":[{\"@type\":\"SearchAction\",\"target\":{\"@type\":\"EntryPoint\",\"urlTemplate\":\"https:\\\/\\\/www.monnaieroyale.com\\\/?s={search_term_string}\"},\"query-input\":{\"@type\":\"PropertyValueSpecification\",\"valueRequired\":true,\"valueName\":\"search_term_string\"}}],\"inLanguage\":\"en-US\"},{\"@type\":\"Organization\",\"@id\":\"https:\\\/\\\/www.monnaieroyale.com\\\/#organization\",\"name\":\"Monnaie Collection Royale\",\"url\":\"https:\\\/\\\/www.monnaieroyale.com\\\/\",\"logo\":{\"@type\":\"ImageObject\",\"inLanguage\":\"en-US\",\"@id\":\"https:\\\/\\\/www.monnaieroyale.com\\\/#\\\/schema\\\/logo\\\/image\\\/\",\"url\":\"https:\\\/\\\/www.monnaieroyale.com\\\/wp-content\\\/uploads\\\/2018\\\/02\\\/logo-mcr-rmc.jpg\",\"contentUrl\":\"https:\\\/\\\/www.monnaieroyale.com\\\/wp-content\\\/uploads\\\/2018\\\/02\\\/logo-mcr-rmc.jpg\",\"width\":1412,\"height\":365,\"caption\":\"Monnaie Collection Royale\"},\"image\":{\"@id\":\"https:\\\/\\\/www.monnaieroyale.com\\\/#\\\/schema\\\/logo\\\/image\\\/\"}}]}<\/script>\n<!-- \/ Yoast SEO plugin. -->","yoast_head_json":{"title":"Lingot d\u2019argent 1 kg | Monnaie royale Canadienne - Monnaie Collection Royale","description":"La Monnaie royale canadienne fabrique des lingots d\u2019argent de 1 kilo, appr\u00e9ci\u00e9s pour leur puret\u00e9 et comme moyen \u00e9conomique d\u2019investir dans le m\u00e9tal pr\u00e9cieux, avec des caract\u00e9ristiques uniques comme le logo et un num\u00e9ro de s\u00e9rie. Ces lingots contiennent 1 kilogramme (environ 32,15 onces troy) d\u2019argent fin et sont une option populaire pour l'accumulation d'argent.\u00a0","robots":{"index":"index","follow":"follow","max-snippet":"max-snippet:-1","max-image-preview":"max-image-preview:large","max-video-preview":"max-video-preview:-1"},"canonical":"https:\/\/www.monnaieroyale.com\/product\/lingot-argent-1-kg-monnaie-royale-canadienne\/?lang=en","og_locale":"en_US","og_type":"article","og_title":"Lingot d\u2019argent 1 kg | Monnaie royale Canadienne - Monnaie Collection Royale","og_description":"La Monnaie royale canadienne fabrique des lingots d\u2019argent de 1 kilo, appr\u00e9ci\u00e9s pour leur puret\u00e9 et comme moyen \u00e9conomique d\u2019investir dans le m\u00e9tal pr\u00e9cieux, avec des caract\u00e9ristiques uniques comme le logo et un num\u00e9ro de s\u00e9rie. Ces lingots contiennent 1 kilogramme (environ 32,15 onces troy) d\u2019argent fin et sont une option populaire pour l'accumulation d'argent.\u00a0","og_url":"https:\/\/www.monnaieroyale.com\/product\/lingot-argent-1-kg-monnaie-royale-canadienne\/?lang=en","og_site_name":"Monnaie Collection Royale","article_modified_time":"2026-04-15T14:39:53+00:00","twitter_card":"summary_large_image","twitter_misc":{"Est. reading time":"1 minute"},"schema":{"@context":"https:\/\/schema.org","@graph":[{"@type":"WebPage","@id":"https:\/\/www.monnaieroyale.com\/product\/lingot-argent-1-kg-monnaie-royale-canadienne\/?lang=en","url":"https:\/\/www.monnaieroyale.com\/product\/lingot-argent-1-kg-monnaie-royale-canadienne\/?lang=en","name":"Lingot d\u2019argent 1 kg | Monnaie royale Canadienne - Monnaie Collection Royale","isPartOf":{"@id":"https:\/\/www.monnaieroyale.com\/#website"},"primaryImageOfPage":{"@id":"https:\/\/www.monnaieroyale.com\/product\/lingot-argent-1-kg-monnaie-royale-canadienne\/?lang=en#primaryimage"},"image":{"@id":"https:\/\/www.monnaieroyale.com\/product\/lingot-argent-1-kg-monnaie-royale-canadienne\/?lang=en#primaryimage"},"thumbnailUrl":"https:\/\/www.monnaieroyale.com\/wp-content\/uploads\/2025\/12\/lingot-argent-1-kg-monnaie-royale-canadienne-1-monnaie-collection-royale.avif","datePublished":"2025-12-22T20:18:34+00:00","dateModified":"2026-04-15T14:39:53+00:00","description":"La Monnaie royale canadienne fabrique des lingots d\u2019argent de 1 kilo, appr\u00e9ci\u00e9s pour leur puret\u00e9 et comme moyen \u00e9conomique d\u2019investir dans le m\u00e9tal pr\u00e9cieux, avec des caract\u00e9ristiques uniques comme le logo et un num\u00e9ro de s\u00e9rie. Ces lingots contiennent 1 kilogramme (environ 32,15 onces troy) d\u2019argent fin et sont une option populaire pour l'accumulation d'argent.\u00a0","breadcrumb":{"@id":"https:\/\/www.monnaieroyale.com\/product\/lingot-argent-1-kg-monnaie-royale-canadienne\/?lang=en#breadcrumb"},"inLanguage":"en-US","potentialAction":[{"@type":"ReadAction","target":["https:\/\/www.monnaieroyale.com\/product\/lingot-argent-1-kg-monnaie-royale-canadienne\/?lang=en"]}]},{"@type":"ImageObject","inLanguage":"en-US","@id":"https:\/\/www.monnaieroyale.com\/product\/lingot-argent-1-kg-monnaie-royale-canadienne\/?lang=en#primaryimage","url":"https:\/\/www.monnaieroyale.com\/wp-content\/uploads\/2025\/12\/lingot-argent-1-kg-monnaie-royale-canadienne-1-monnaie-collection-royale.avif","contentUrl":"https:\/\/www.monnaieroyale.com\/wp-content\/uploads\/2025\/12\/lingot-argent-1-kg-monnaie-royale-canadienne-1-monnaie-collection-royale.avif","width":500,"height":500,"caption":"Lingot d\u2019argent de 1 kilo | Monnaie royale canadienne"},{"@type":"BreadcrumbList","@id":"https:\/\/www.monnaieroyale.com\/product\/lingot-argent-1-kg-monnaie-royale-canadienne\/?lang=en#breadcrumb","itemListElement":[{"@type":"ListItem","position":1,"name":"Accueil","item":"https:\/\/www.monnaieroyale.com\/?lang=en"},{"@type":"ListItem","position":2,"name":"Shop","item":"https:\/\/www.monnaieroyale.com\/shop\/?lang=en"},{"@type":"ListItem","position":3,"name":"Lingot d\u2019argent 1 kg | Monnaie royale Canadienne"}]},{"@type":"WebSite","@id":"https:\/\/www.monnaieroyale.com\/#website","url":"https:\/\/www.monnaieroyale.com\/","name":"Monnaie Collection Royale","description":"","publisher":{"@id":"https:\/\/www.monnaieroyale.com\/#organization"},"potentialAction":[{"@type":"SearchAction","target":{"@type":"EntryPoint","urlTemplate":"https:\/\/www.monnaieroyale.com\/?s={search_term_string}"},"query-input":{"@type":"PropertyValueSpecification","valueRequired":true,"valueName":"search_term_string"}}],"inLanguage":"en-US"},{"@type":"Organization","@id":"https:\/\/www.monnaieroyale.com\/#organization","name":"Monnaie Collection Royale","url":"https:\/\/www.monnaieroyale.com\/","logo":{"@type":"ImageObject","inLanguage":"en-US","@id":"https:\/\/www.monnaieroyale.com\/#\/schema\/logo\/image\/","url":"https:\/\/www.monnaieroyale.com\/wp-content\/uploads\/2018\/02\/logo-mcr-rmc.jpg","contentUrl":"https:\/\/www.monnaieroyale.com\/wp-content\/uploads\/2018\/02\/logo-mcr-rmc.jpg","width":1412,"height":365,"caption":"Monnaie Collection Royale"},"image":{"@id":"https:\/\/www.monnaieroyale.com\/#\/schema\/logo\/image\/"}}]}},"_links":{"self":[{"href":"https:\/\/www.monnaieroyale.com\/en\/wp-json\/wp\/v2\/product\/20979","targetHints":{"allow":["GET"]}}],"collection":[{"href":"https:\/\/www.monnaieroyale.com\/en\/wp-json\/wp\/v2\/product"}],"about":[{"href":"https:\/\/www.monnaieroyale.com\/en\/wp-json\/wp\/v2\/types\/product"}],"replies":[{"embeddable":true,"href":"https:\/\/www.monnaieroyale.com\/en\/wp-json\/wp\/v2\/comments?post=20979"}],"wp:featuredmedia":[{"embeddable":true,"href":"https:\/\/www.monnaieroyale.com\/en\/wp-json\/wp\/v2\/media\/21161"}],"wp:attachment":[{"href":"https:\/\/www.monnaieroyale.com\/en\/wp-json\/wp\/v2\/media?parent=20979"}],"wp:term":[{"taxonomy":"product_brand","embeddable":true,"href":"https:\/\/www.monnaieroyale.com\/en\/wp-json\/wp\/v2\/product_brand?post=20979"},{"taxonomy":"product_cat","embeddable":true,"href":"https:\/\/www.monnaieroyale.com\/en\/wp-json\/wp\/v2\/product_cat?post=20979"},{"taxonomy":"product_tag","embeddable":true,"href":"https:\/\/www.monnaieroyale.com\/en\/wp-json\/wp\/v2\/product_tag?post=20979"}],"curies":[{"name":"wp","href":"https:\/\/api.w.org\/{rel}","templated":true}]}}