 {"id":20971,"date":"2025-12-22T15:18:35","date_gmt":"2025-12-22T20:18:35","guid":{"rendered":"https:\/\/mrc.2dev.ca\/product\/1-oz-2026-canadian-maple-leaf-silver-coin-royal-canadian-mint\/"},"modified":"2026-01-14T06:45:58","modified_gmt":"2026-01-14T11:45:58","slug":"piece-1-once-argent-feuille-derable-canadienne-2026-monnaie-royale-canadienne","status":"publish","type":"product","link":"https:\/\/www.monnaieroyale.com\/en\/product\/piece-1-once-argent-feuille-derable-canadienne-2026-monnaie-royale-canadienne\/","title":{"rendered":"Pi\u00e8ce 1 once d&#8217;argent Feuille d&#8217;\u00e9rable canadienne 2026 | Monnaie Royale Canadienne"},"content":{"rendered":"<p><strong>CARACT\u00c9RISTIQUES DE LA PI\u00c8CE<\/strong><\/p>\n<div class=\"ewa-rteLine\"><\/div>\n<div class=\"ewa-rteLine\">\n<p>Exp\u00e9di\u00e9 g\u00e9n\u00e9ralement individuellement dans une pochette protectrice en plastique ; les quantit\u00e9s de 25 sont g\u00e9n\u00e9ralement exp\u00e9di\u00e9es dans un tube ; les quantit\u00e9s de 500 sont g\u00e9n\u00e9ralement exp\u00e9di\u00e9es dans une bo\u00eete \u00ab monster box \u00bb<\/p>\n<ul>\n<li class=\"ewa-rteLine\"><strong>Avers :<\/strong> Pr\u00e9sente l&#8217;effigie de Sa Majest\u00e9 le roi Charles III<\/li>\n<li class=\"ewa-rteLine\"><strong>Revers :<\/strong> Pr\u00e9sente une feuille d\u2019\u00e9rable textur\u00e9e, embl\u00e8me national du Canada, ainsi que le poids et la puret\u00e9 du m\u00e9tal, sur un fond de lignes radiales micrograv\u00e9es<\/li>\n<\/ul>\n<div class=\"ewa-rteLine\">\n<p data-start=\"48\" data-end=\"647\">Cette superbe pi\u00e8ce offre un lustre incomparable, notamment gr\u00e2ce aux lignes radiales qui r\u00e9fractent la lumi\u00e8re \u2014 un t\u00e9moignage du penchant de la Monnaie royale canadienne pour l\u2019innovation et le design. Des caract\u00e9ristiques de s\u00e9curit\u00e9 am\u00e9lior\u00e9es, telles que la technologie brevet\u00e9e Bullion DNA de la Monnaie royale canadienne, font en sorte que chaque pi\u00e8ce de 1 oz comporte une marque distinctive unique avec une microgravure de l\u2019ann\u00e9e d\u2019\u00e9mission, visible uniquement sous grossissement. Le tout est combin\u00e9 \u00e0 un design impeccable de la feuille d\u2019\u00e9rable, qui perdure depuis son lancement initial.<\/p>\n<p data-start=\"649\" data-end=\"1288\" data-is-last-node=\"\" data-is-only-node=\"\">Une feuille d\u2019\u00e9rable \u00e0 sucre audacieuse et \u00e9clatante, embl\u00e8me national du Canada et m\u00e9taphore id\u00e9ale du Grand Nord, est illustr\u00e9e au revers. La feuille d\u2019\u00e9rable est belle, r\u00e9sistante et omnipr\u00e9sente \u00e0 travers le pays, et se d\u00e9cline en une grande diversit\u00e9 d\u2019esp\u00e8ces. Cette repr\u00e9sentation t\u00e9moigne de la qualit\u00e9 in\u00e9gal\u00e9e de la Monnaie royale canadienne, gr\u00e2ce \u00e0 une attention m\u00e9ticuleuse port\u00e9e \u00e0 chaque d\u00e9tail, de la texture de la feuille \u00e0 sa forme unique en passant par ses nervures. Le champ de la pi\u00e8ce est orn\u00e9 de micro-lignes radiales r\u00e9fractant la lumi\u00e8re, et comprend la marque distinctive, le type de m\u00e9tal, le poids et la puret\u00e9.<\/p>\n<\/div>\n<div class=\"ewa-rteLine\">\n<table style=\"border-collapse: collapse; width: 58.5203%; height: 216px;\">\n<tbody>\n<tr style=\"height: 24px;\">\n<td style=\"width: 22.3094%; height: 24px;\">Code<\/td>\n<td style=\"width: 46.6735%; height: 24px;\">11040<\/td>\n<\/tr>\n<tr style=\"height: 24px;\">\n<td style=\"width: 22.3094%; height: 24px;\">Ann\u00e9e<\/td>\n<td style=\"width: 46.6735%; height: 24px;\">2026<\/td>\n<\/tr>\n<tr style=\"height: 24px;\">\n<td style=\"width: 22.3094%; height: 24px;\">Finition<\/td>\n<td style=\"width: 46.6735%; height: 24px;\">Brillant<\/td>\n<\/tr>\n<tr style=\"height: 24px;\">\n<td style=\"width: 22.3094%; height: 24px;\">Puret\u00e9<\/td>\n<td style=\"width: 46.6735%; height: 24px;\">.9999<\/td>\n<\/tr>\n<tr style=\"height: 24px;\">\n<td style=\"width: 22.3094%; height: 24px;\">Pays<\/td>\n<td style=\"width: 46.6735%; height: 24px;\">Canada<\/td>\n<\/tr>\n<tr style=\"height: 24px;\">\n<td style=\"width: 22.3094%; height: 24px;\">Fabricant<\/td>\n<td style=\"width: 46.6735%; height: 24px;\">Monnaie Royale Canadienne<\/td>\n<\/tr>\n<tr style=\"height: 24px;\">\n<td style=\"width: 22.3094%; height: 24px;\">Artiste<\/td>\n<td style=\"width: 46.6735%; height: 24px;\">Walter Ott (Revers), Susanna Blunt (Avers)<\/td>\n<\/tr>\n<tr style=\"height: 24px;\">\n<td style=\"width: 22.3094%; height: 24px;\">Poids<\/td>\n<td style=\"width: 46.6735%; height: 24px;\">1 once<\/td>\n<\/tr>\n<tr style=\"height: 24px;\">\n<td style=\"width: 22.3094%; height: 24px;\">Diam\u00e8tre<\/td>\n<td style=\"width: 46.6735%; height: 24px;\">38 mm<\/td>\n<\/tr>\n<tr>\n<td style=\"width: 22.3094%;\">\u00c9paisseur moyenne<\/td>\n<td style=\"width: 46.6735%;\">3,29 mm<\/td>\n<\/tr>\n<\/tbody>\n<\/table>\n<\/div>\n<div class=\"ewa-rteLine\"><strong><strong><strong><strong><br \/>\n\u00c0 PROPOS DES PI\u00c8CES FEUILLE D&#8217;\u00c9RABLE EN ARGENT<\/strong><\/strong><\/strong><\/strong><\/div>\n<div class=\"ewa-rteLine\">\n<p>Depuis son lancement en 1988, l\u2019embl\u00e9matique pi\u00e8ce Feuille d\u2019\u00e9rable en argent de la Monnaie royale canadienne est une pi\u00e8ce de placement tr\u00e8s pris\u00e9e. Elle est frapp\u00e9e avec une once troy (31,11 grammes) d\u2019argent fin \u00e0 99,99 % et poss\u00e8de une valeur nominale de 5 $. Toutes les pi\u00e8ces de placement Feuille d\u2019\u00e9rable en argent dat\u00e9es de 2026 sont dot\u00e9es de caract\u00e9ristiques de s\u00e9curit\u00e9 am\u00e9lior\u00e9es : des lignes radiales, une feuille d\u2019\u00e9rable micrograv\u00e9e et la technologie anticontrefa\u00e7on BULLION DNA\u2122. Elles b\u00e9n\u00e9ficient \u00e9galement de la protection de surface MINTSHIELD\u2122, la premi\u00e8re approche \u00e9prouv\u00e9e au monde visant \u00e0 r\u00e9duire l\u2019apparition de taches blanches et de d\u00e9colorations sur les pi\u00e8ces de placement en argent.<\/p>\n<\/div>\n<div>\n<hr \/>\n<\/div>\n<div class=\"ewa-rteLine\"><strong>\u00c0 PROPOS DE LA MONNAIE ROYALE CANADIENNE\u00a0<\/strong><\/div>\n<\/div>\n<div class=\"ewa-rteLine\">\n<p>La Monnaie royale canadienne est connue pour \u00eatre l&#8217;une des monnaies les plus r\u00e9put\u00e9es au monde. La succursale d&#8217;Ottawa de la Monnaie royale a ouvert ses portes en 1908 et a \u00e9t\u00e9 rebaptis\u00e9e Monnaie royale canadienne en 1931 lorsque le contr\u00f4le a \u00e9t\u00e9 transf\u00e9r\u00e9 au gouvernement canadien. Ses normes \u00e9lev\u00e9es d&#8217;excellence et de qualit\u00e9 lui ont permis d&#8217;\u00eatre la premi\u00e8re raffinerie \u00e0 fabriquer des pi\u00e8ces d&#8217;investissement en or d&#8217;une puret\u00e9 de 9999 en 1982, ainsi que la premi\u00e8re \u00e0 atteindre une puret\u00e9 d&#8217;or de 99999 en 1998.<\/p>\n<\/div>\n","protected":false},"excerpt":{"rendered":"<p>La pi\u00e8ce de 1 once d&#8217;argent Feuille d&#8217;\u00e9rable canadienne 2026 de la Monnaie royale canadienne est une pi\u00e8ce d&#8217;investissement de haute puret\u00e9 (99,99 %) offrant un design unique et un emballage haut de gamme, tout en conservant le motif embl\u00e9matique de la feuille d&#8217;\u00e9rable pour une valeur durable et un savoir-faire exceptionnel.<\/p>\n","protected":false},"featured_media":21176,"comment_status":"closed","ping_status":"closed","template":"","meta":{"content-type":""},"product_brand":[],"product_cat":[515],"product_tag":[],"class_list":{"0":"post-20971","1":"product","2":"type-product","3":"status-publish","4":"has-post-thumbnail","6":"product_cat-silver-products","9":"first","10":"instock","11":"featured","12":"purchasable","13":"product-type-simple"},"yoast_head":"<!-- This site is optimized with the Yoast SEO plugin v27.4 - https:\/\/yoast.com\/product\/yoast-seo-wordpress\/ -->\n<title>Pi\u00e8ce 1 once d&#039;argent Feuille d&#039;\u00e9rable canadienne 2026 | Monnaie Royale Canadienne - Monnaie Collection Royale<\/title>\n<meta name=\"description\" content=\"La pi\u00e8ce de 1 once d&#039;argent Feuille d&#039;\u00e9rable canadienne 2026 de la Monnaie royale canadienne est une pi\u00e8ce d&#039;investissement de haute puret\u00e9 (99,99 %) offrant un design unique et un emballage haut de gamme, tout en conservant le motif embl\u00e9matique de la feuille d&#039;\u00e9rable pour une valeur durable et un savoir-faire exceptionnel.\" \/>\n<meta name=\"robots\" content=\"index, follow, max-snippet:-1, max-image-preview:large, max-video-preview:-1\" \/>\n<link rel=\"canonical\" href=\"https:\/\/www.monnaieroyale.com\/product\/piece-1-once-argent-feuille-derable-canadienne-2026-monnaie-royale-canadienne\/?lang=en\" \/>\n<meta property=\"og:locale\" content=\"en_US\" \/>\n<meta property=\"og:type\" content=\"article\" \/>\n<meta property=\"og:title\" content=\"Pi\u00e8ce 1 once d&#039;argent Feuille d&#039;\u00e9rable canadienne 2026 | Monnaie Royale Canadienne - Monnaie Collection Royale\" \/>\n<meta property=\"og:description\" content=\"La pi\u00e8ce de 1 once d&#039;argent Feuille d&#039;\u00e9rable canadienne 2026 de la Monnaie royale canadienne est une pi\u00e8ce d&#039;investissement de haute puret\u00e9 (99,99 %) offrant un design unique et un emballage haut de gamme, tout en conservant le motif embl\u00e9matique de la feuille d&#039;\u00e9rable pour une valeur durable et un savoir-faire exceptionnel.\" \/>\n<meta property=\"og:url\" content=\"https:\/\/www.monnaieroyale.com\/product\/piece-1-once-argent-feuille-derable-canadienne-2026-monnaie-royale-canadienne\/?lang=en\" \/>\n<meta property=\"og:site_name\" content=\"Monnaie Collection Royale\" \/>\n<meta property=\"article:modified_time\" content=\"2026-01-14T11:45:58+00:00\" \/>\n<meta name=\"twitter:card\" content=\"summary_large_image\" \/>\n<meta name=\"twitter:label1\" content=\"Est. reading time\" \/>\n\t<meta name=\"twitter:data1\" content=\"3 minutes\" \/>\n<script type=\"application\/ld+json\" class=\"yoast-schema-graph\">{\"@context\":\"https:\\\/\\\/schema.org\",\"@graph\":[{\"@type\":\"WebPage\",\"@id\":\"https:\\\/\\\/www.monnaieroyale.com\\\/product\\\/piece-1-once-argent-feuille-derable-canadienne-2026-monnaie-royale-canadienne\\\/?lang=en\",\"url\":\"https:\\\/\\\/www.monnaieroyale.com\\\/product\\\/piece-1-once-argent-feuille-derable-canadienne-2026-monnaie-royale-canadienne\\\/?lang=en\",\"name\":\"Pi\u00e8ce 1 once d'argent Feuille d'\u00e9rable canadienne 2026 | Monnaie Royale Canadienne - Monnaie Collection Royale\",\"isPartOf\":{\"@id\":\"https:\\\/\\\/www.monnaieroyale.com\\\/#website\"},\"primaryImageOfPage\":{\"@id\":\"https:\\\/\\\/www.monnaieroyale.com\\\/product\\\/piece-1-once-argent-feuille-derable-canadienne-2026-monnaie-royale-canadienne\\\/?lang=en#primaryimage\"},\"image\":{\"@id\":\"https:\\\/\\\/www.monnaieroyale.com\\\/product\\\/piece-1-once-argent-feuille-derable-canadienne-2026-monnaie-royale-canadienne\\\/?lang=en#primaryimage\"},\"thumbnailUrl\":\"https:\\\/\\\/www.monnaieroyale.com\\\/wp-content\\\/uploads\\\/2025\\\/12\\\/piece-1-once-dargent-feuille-derable-canadienne-2026-monnaie-royale-canadienne-1-monnaie-collection-royale.avif\",\"datePublished\":\"2025-12-22T20:18:35+00:00\",\"dateModified\":\"2026-01-14T11:45:58+00:00\",\"description\":\"La pi\u00e8ce de 1 once d'argent Feuille d'\u00e9rable canadienne 2026 de la Monnaie royale canadienne est une pi\u00e8ce d'investissement de haute puret\u00e9 (99,99 %) offrant un design unique et un emballage haut de gamme, tout en conservant le motif embl\u00e9matique de la feuille d'\u00e9rable pour une valeur durable et un savoir-faire exceptionnel.\",\"breadcrumb\":{\"@id\":\"https:\\\/\\\/www.monnaieroyale.com\\\/product\\\/piece-1-once-argent-feuille-derable-canadienne-2026-monnaie-royale-canadienne\\\/?lang=en#breadcrumb\"},\"inLanguage\":\"en-US\",\"potentialAction\":[{\"@type\":\"ReadAction\",\"target\":[\"https:\\\/\\\/www.monnaieroyale.com\\\/product\\\/piece-1-once-argent-feuille-derable-canadienne-2026-monnaie-royale-canadienne\\\/?lang=en\"]}]},{\"@type\":\"ImageObject\",\"inLanguage\":\"en-US\",\"@id\":\"https:\\\/\\\/www.monnaieroyale.com\\\/product\\\/piece-1-once-argent-feuille-derable-canadienne-2026-monnaie-royale-canadienne\\\/?lang=en#primaryimage\",\"url\":\"https:\\\/\\\/www.monnaieroyale.com\\\/wp-content\\\/uploads\\\/2025\\\/12\\\/piece-1-once-dargent-feuille-derable-canadienne-2026-monnaie-royale-canadienne-1-monnaie-collection-royale.avif\",\"contentUrl\":\"https:\\\/\\\/www.monnaieroyale.com\\\/wp-content\\\/uploads\\\/2025\\\/12\\\/piece-1-once-dargent-feuille-derable-canadienne-2026-monnaie-royale-canadienne-1-monnaie-collection-royale.avif\",\"width\":500,\"height\":500,\"caption\":\"Pi\u00e8ce 1 once d'argent Feuille d'\u00e9rable canadienne 2026 | Monnaie Royale Canadienne\"},{\"@type\":\"BreadcrumbList\",\"@id\":\"https:\\\/\\\/www.monnaieroyale.com\\\/product\\\/piece-1-once-argent-feuille-derable-canadienne-2026-monnaie-royale-canadienne\\\/?lang=en#breadcrumb\",\"itemListElement\":[{\"@type\":\"ListItem\",\"position\":1,\"name\":\"Accueil\",\"item\":\"https:\\\/\\\/www.monnaieroyale.com\\\/?lang=en\"},{\"@type\":\"ListItem\",\"position\":2,\"name\":\"Shop\",\"item\":\"https:\\\/\\\/www.monnaieroyale.com\\\/shop\\\/?lang=en\"},{\"@type\":\"ListItem\",\"position\":3,\"name\":\"Pi\u00e8ce 1 once d&rsquo;argent Feuille d&rsquo;\u00e9rable canadienne 2026 | Monnaie Royale Canadienne\"}]},{\"@type\":\"WebSite\",\"@id\":\"https:\\\/\\\/www.monnaieroyale.com\\\/#website\",\"url\":\"https:\\\/\\\/www.monnaieroyale.com\\\/\",\"name\":\"Monnaie Collection Royale\",\"description\":\"\",\"publisher\":{\"@id\":\"https:\\\/\\\/www.monnaieroyale.com\\\/#organization\"},\"potentialAction\":[{\"@type\":\"SearchAction\",\"target\":{\"@type\":\"EntryPoint\",\"urlTemplate\":\"https:\\\/\\\/www.monnaieroyale.com\\\/?s={search_term_string}\"},\"query-input\":{\"@type\":\"PropertyValueSpecification\",\"valueRequired\":true,\"valueName\":\"search_term_string\"}}],\"inLanguage\":\"en-US\"},{\"@type\":\"Organization\",\"@id\":\"https:\\\/\\\/www.monnaieroyale.com\\\/#organization\",\"name\":\"Monnaie Collection Royale\",\"url\":\"https:\\\/\\\/www.monnaieroyale.com\\\/\",\"logo\":{\"@type\":\"ImageObject\",\"inLanguage\":\"en-US\",\"@id\":\"https:\\\/\\\/www.monnaieroyale.com\\\/#\\\/schema\\\/logo\\\/image\\\/\",\"url\":\"https:\\\/\\\/www.monnaieroyale.com\\\/wp-content\\\/uploads\\\/2018\\\/02\\\/logo-mcr-rmc.jpg\",\"contentUrl\":\"https:\\\/\\\/www.monnaieroyale.com\\\/wp-content\\\/uploads\\\/2018\\\/02\\\/logo-mcr-rmc.jpg\",\"width\":1412,\"height\":365,\"caption\":\"Monnaie Collection Royale\"},\"image\":{\"@id\":\"https:\\\/\\\/www.monnaieroyale.com\\\/#\\\/schema\\\/logo\\\/image\\\/\"}}]}<\/script>\n<!-- \/ Yoast SEO plugin. -->","yoast_head_json":{"title":"Pi\u00e8ce 1 once d'argent Feuille d'\u00e9rable canadienne 2026 | Monnaie Royale Canadienne - Monnaie Collection Royale","description":"La pi\u00e8ce de 1 once d'argent Feuille d'\u00e9rable canadienne 2026 de la Monnaie royale canadienne est une pi\u00e8ce d'investissement de haute puret\u00e9 (99,99 %) offrant un design unique et un emballage haut de gamme, tout en conservant le motif embl\u00e9matique de la feuille d'\u00e9rable pour une valeur durable et un savoir-faire exceptionnel.","robots":{"index":"index","follow":"follow","max-snippet":"max-snippet:-1","max-image-preview":"max-image-preview:large","max-video-preview":"max-video-preview:-1"},"canonical":"https:\/\/www.monnaieroyale.com\/product\/piece-1-once-argent-feuille-derable-canadienne-2026-monnaie-royale-canadienne\/?lang=en","og_locale":"en_US","og_type":"article","og_title":"Pi\u00e8ce 1 once d'argent Feuille d'\u00e9rable canadienne 2026 | Monnaie Royale Canadienne - Monnaie Collection Royale","og_description":"La pi\u00e8ce de 1 once d'argent Feuille d'\u00e9rable canadienne 2026 de la Monnaie royale canadienne est une pi\u00e8ce d'investissement de haute puret\u00e9 (99,99 %) offrant un design unique et un emballage haut de gamme, tout en conservant le motif embl\u00e9matique de la feuille d'\u00e9rable pour une valeur durable et un savoir-faire exceptionnel.","og_url":"https:\/\/www.monnaieroyale.com\/product\/piece-1-once-argent-feuille-derable-canadienne-2026-monnaie-royale-canadienne\/?lang=en","og_site_name":"Monnaie Collection Royale","article_modified_time":"2026-01-14T11:45:58+00:00","twitter_card":"summary_large_image","twitter_misc":{"Est. reading time":"3 minutes"},"schema":{"@context":"https:\/\/schema.org","@graph":[{"@type":"WebPage","@id":"https:\/\/www.monnaieroyale.com\/product\/piece-1-once-argent-feuille-derable-canadienne-2026-monnaie-royale-canadienne\/?lang=en","url":"https:\/\/www.monnaieroyale.com\/product\/piece-1-once-argent-feuille-derable-canadienne-2026-monnaie-royale-canadienne\/?lang=en","name":"Pi\u00e8ce 1 once d'argent Feuille d'\u00e9rable canadienne 2026 | Monnaie Royale Canadienne - Monnaie Collection Royale","isPartOf":{"@id":"https:\/\/www.monnaieroyale.com\/#website"},"primaryImageOfPage":{"@id":"https:\/\/www.monnaieroyale.com\/product\/piece-1-once-argent-feuille-derable-canadienne-2026-monnaie-royale-canadienne\/?lang=en#primaryimage"},"image":{"@id":"https:\/\/www.monnaieroyale.com\/product\/piece-1-once-argent-feuille-derable-canadienne-2026-monnaie-royale-canadienne\/?lang=en#primaryimage"},"thumbnailUrl":"https:\/\/www.monnaieroyale.com\/wp-content\/uploads\/2025\/12\/piece-1-once-dargent-feuille-derable-canadienne-2026-monnaie-royale-canadienne-1-monnaie-collection-royale.avif","datePublished":"2025-12-22T20:18:35+00:00","dateModified":"2026-01-14T11:45:58+00:00","description":"La pi\u00e8ce de 1 once d'argent Feuille d'\u00e9rable canadienne 2026 de la Monnaie royale canadienne est une pi\u00e8ce d'investissement de haute puret\u00e9 (99,99 %) offrant un design unique et un emballage haut de gamme, tout en conservant le motif embl\u00e9matique de la feuille d'\u00e9rable pour une valeur durable et un savoir-faire exceptionnel.","breadcrumb":{"@id":"https:\/\/www.monnaieroyale.com\/product\/piece-1-once-argent-feuille-derable-canadienne-2026-monnaie-royale-canadienne\/?lang=en#breadcrumb"},"inLanguage":"en-US","potentialAction":[{"@type":"ReadAction","target":["https:\/\/www.monnaieroyale.com\/product\/piece-1-once-argent-feuille-derable-canadienne-2026-monnaie-royale-canadienne\/?lang=en"]}]},{"@type":"ImageObject","inLanguage":"en-US","@id":"https:\/\/www.monnaieroyale.com\/product\/piece-1-once-argent-feuille-derable-canadienne-2026-monnaie-royale-canadienne\/?lang=en#primaryimage","url":"https:\/\/www.monnaieroyale.com\/wp-content\/uploads\/2025\/12\/piece-1-once-dargent-feuille-derable-canadienne-2026-monnaie-royale-canadienne-1-monnaie-collection-royale.avif","contentUrl":"https:\/\/www.monnaieroyale.com\/wp-content\/uploads\/2025\/12\/piece-1-once-dargent-feuille-derable-canadienne-2026-monnaie-royale-canadienne-1-monnaie-collection-royale.avif","width":500,"height":500,"caption":"Pi\u00e8ce 1 once d'argent Feuille d'\u00e9rable canadienne 2026 | Monnaie Royale Canadienne"},{"@type":"BreadcrumbList","@id":"https:\/\/www.monnaieroyale.com\/product\/piece-1-once-argent-feuille-derable-canadienne-2026-monnaie-royale-canadienne\/?lang=en#breadcrumb","itemListElement":[{"@type":"ListItem","position":1,"name":"Accueil","item":"https:\/\/www.monnaieroyale.com\/?lang=en"},{"@type":"ListItem","position":2,"name":"Shop","item":"https:\/\/www.monnaieroyale.com\/shop\/?lang=en"},{"@type":"ListItem","position":3,"name":"Pi\u00e8ce 1 once d&rsquo;argent Feuille d&rsquo;\u00e9rable canadienne 2026 | Monnaie Royale Canadienne"}]},{"@type":"WebSite","@id":"https:\/\/www.monnaieroyale.com\/#website","url":"https:\/\/www.monnaieroyale.com\/","name":"Monnaie Collection Royale","description":"","publisher":{"@id":"https:\/\/www.monnaieroyale.com\/#organization"},"potentialAction":[{"@type":"SearchAction","target":{"@type":"EntryPoint","urlTemplate":"https:\/\/www.monnaieroyale.com\/?s={search_term_string}"},"query-input":{"@type":"PropertyValueSpecification","valueRequired":true,"valueName":"search_term_string"}}],"inLanguage":"en-US"},{"@type":"Organization","@id":"https:\/\/www.monnaieroyale.com\/#organization","name":"Monnaie Collection Royale","url":"https:\/\/www.monnaieroyale.com\/","logo":{"@type":"ImageObject","inLanguage":"en-US","@id":"https:\/\/www.monnaieroyale.com\/#\/schema\/logo\/image\/","url":"https:\/\/www.monnaieroyale.com\/wp-content\/uploads\/2018\/02\/logo-mcr-rmc.jpg","contentUrl":"https:\/\/www.monnaieroyale.com\/wp-content\/uploads\/2018\/02\/logo-mcr-rmc.jpg","width":1412,"height":365,"caption":"Monnaie Collection Royale"},"image":{"@id":"https:\/\/www.monnaieroyale.com\/#\/schema\/logo\/image\/"}}]}},"_links":{"self":[{"href":"https:\/\/www.monnaieroyale.com\/en\/wp-json\/wp\/v2\/product\/20971","targetHints":{"allow":["GET"]}}],"collection":[{"href":"https:\/\/www.monnaieroyale.com\/en\/wp-json\/wp\/v2\/product"}],"about":[{"href":"https:\/\/www.monnaieroyale.com\/en\/wp-json\/wp\/v2\/types\/product"}],"replies":[{"embeddable":true,"href":"https:\/\/www.monnaieroyale.com\/en\/wp-json\/wp\/v2\/comments?post=20971"}],"wp:featuredmedia":[{"embeddable":true,"href":"https:\/\/www.monnaieroyale.com\/en\/wp-json\/wp\/v2\/media\/21176"}],"wp:attachment":[{"href":"https:\/\/www.monnaieroyale.com\/en\/wp-json\/wp\/v2\/media?parent=20971"}],"wp:term":[{"taxonomy":"product_brand","embeddable":true,"href":"https:\/\/www.monnaieroyale.com\/en\/wp-json\/wp\/v2\/product_brand?post=20971"},{"taxonomy":"product_cat","embeddable":true,"href":"https:\/\/www.monnaieroyale.com\/en\/wp-json\/wp\/v2\/product_cat?post=20971"},{"taxonomy":"product_tag","embeddable":true,"href":"https:\/\/www.monnaieroyale.com\/en\/wp-json\/wp\/v2\/product_tag?post=20971"}],"curies":[{"name":"wp","href":"https:\/\/api.w.org\/{rel}","templated":true}]}}