 {"id":20966,"date":"2025-12-22T15:18:36","date_gmt":"2025-12-22T20:18:36","guid":{"rendered":"https:\/\/mrc.2dev.ca\/product\/2026-treasured-silver-maple-leaf-wolf-privy-mark-1-oz-99-99-pure-silver-coin-premium-bullion\/"},"modified":"2026-04-09T15:08:20","modified_gmt":"2026-04-09T19:08:20","slug":"precieuse-feuille-derable-argent-marque-privee-celebration-piece-1-once-argent-pur-99-99-2026","status":"publish","type":"product","link":"https:\/\/www.monnaieroyale.com\/en\/product\/precieuse-feuille-derable-argent-marque-privee-celebration-piece-1-once-argent-pur-99-99-2026\/","title":{"rendered":"Pr\u00e9cieuse Feuille d\u2019\u00e9rable en argent : Marque priv\u00e9e C\u00e9l\u00e9bration &#8211; Pi\u00e8ce de 1 oz en argent pur \u00e0 99,99 % 2026 (pi\u00e8ce d\u2019investissement haut de gamme)"},"content":{"rendered":"<p><strong>CARACT\u00c9RISTIQUES DE LA PI\u00c8CE<\/strong><\/p>\n<div class=\"ewa-rteLine\"><\/div>\n<div class=\"ewa-rteLine\">\n<p data-start=\"140\" data-end=\"317\">La pi\u00e8ce Pr\u00e9cieuse Feuille d\u2019\u00e9rable en argent est un produit d\u2019investissement haut de gamme, pr\u00e9sent\u00e9 dans un emballage sp\u00e9cialement con\u00e7u pour souligner les grands moments.<\/p>\n<p data-start=\"319\" data-end=\"557\">Arborant l\u2019effigie de Sa Majest\u00e9 le roi Charles III, la pi\u00e8ce d\u2019investissement Pr\u00e9cieuse Feuille d\u2019\u00e9rable en argent 2026 constitue le cadeau id\u00e9al en argent pur \u00e0 99,99 % \u2014 un souvenir durable, pr\u00e9cieux et d\u2019une puret\u00e9 exceptionnelle.<\/p>\n<p data-start=\"559\" data-end=\"844\">Orn\u00e9es de la marque priv\u00e9e sp\u00e9ciale C\u00e9l\u00e9bration, repr\u00e9sentant des ballons pour souligner une occasion particuli\u00e8re, les pi\u00e8ces Pr\u00e9cieuse Feuille d\u2019\u00e9rable en argent incarnent la qualit\u00e9, la puret\u00e9 et le savoir-faire qui font la renomm\u00e9e des produits de la Monnaie royale canadienne.<\/p>\n<ul>\n<li data-start=\"1744\" data-end=\"2051\">\n<p data-start=\"1746\" data-end=\"2051\"><strong data-start=\"1746\" data-end=\"1785\">Parmi les premi\u00e8res pi\u00e8ces frapp\u00e9es<\/strong><br data-start=\"1785\" data-end=\"1788\" \/>Reconnue mondialement pour ses contr\u00f4les de qualit\u00e9 rigoureux, la Monnaie royale canadienne produit des pi\u00e8ces d\u2019un poids uniforme et d\u2019une puret\u00e9 irr\u00e9prochable. Ces pi\u00e8ces d\u2019investissement de luxe, orn\u00e9es d\u2019une marque priv\u00e9e, sont particuli\u00e8rement recherch\u00e9es.<\/p>\n<\/li>\n<li data-start=\"2053\" data-end=\"2506\">\n<p data-start=\"2055\" data-end=\"2506\"><strong data-start=\"2055\" data-end=\"2102\">Un traitement sp\u00e9cial durant la fabrication<\/strong><br data-start=\"2102\" data-end=\"2105\" \/>Chaque pi\u00e8ce d\u2019investissement haut de gamme est manipul\u00e9e avec le plus grand soin tout au long du processus de fabrication, puis encapsul\u00e9e et pr\u00e9sent\u00e9e dans un \u00e9l\u00e9gant emballage. Bien que les produits d\u2019investissement soient g\u00e9n\u00e9ralement distribu\u00e9s par des marchands autoris\u00e9s, ces pi\u00e8ces peuvent \u00e9galement \u00eatre achet\u00e9es directement aupr\u00e8s de la Monnaie, de Postes Canada ou d\u2019un marchand autoris\u00e9.<\/p>\n<\/li>\n<li data-start=\"2508\" data-end=\"2709\">\n<p data-start=\"2510\" data-end=\"2709\"><strong data-start=\"2510\" data-end=\"2541\">Un code QR facile \u00e0 balayer<\/strong><br data-start=\"2541\" data-end=\"2544\" \/>Situ\u00e9 \u00e0 l\u2019avant de la carte, le code QR permet d\u2019acc\u00e9der rapidement au site Web informatif\u00a0consacr\u00e9 \u00e0 l\u2019univers des produits d\u2019investissement.<\/p>\n<\/li>\n<li data-start=\"2711\" data-end=\"2953\">\n<p data-start=\"2713\" data-end=\"2953\"><strong data-start=\"2713\" data-end=\"2745\">Caract\u00e9ristiques de s\u00e9curit\u00e9<\/strong><br data-start=\"2745\" data-end=\"2748\" \/>Chaque pi\u00e8ce d\u2019investissement Feuille d\u2019\u00e9rable en argent est dot\u00e9e de caract\u00e9ristiques de s\u00e9curit\u00e9 de pointe, notamment des lignes radiales et la technologie exclusive VIGIMONNAIEMC Surface prot\u00e9g\u00e9e.<\/p>\n<\/li>\n<li data-start=\"2955\" data-end=\"3105\">\n<p data-start=\"2957\" data-end=\"3105\"><strong data-start=\"2957\" data-end=\"2977\">Un tirage limit\u00e9<\/strong><br data-start=\"2977\" data-end=\"2980\" \/>Le tirage mondial des pi\u00e8ces d\u2019investissement Pr\u00e9cieuse Feuille d\u2019\u00e9rable en argent est limit\u00e9 \u00e0 25 000 exemplaires.<\/p>\n<\/li>\n<\/ul>\n<div class=\"ewa-rteLine\">\n<p>&nbsp;<\/p>\n<\/div>\n<div class=\"ewa-rteLine\">\n<table style=\"border-collapse: collapse; width: 58.5203%; height: 216px;\">\n<tbody>\n<tr style=\"height: 24px;\">\n<td style=\"width: 22.3094%; height: 24px;\">Code<\/td>\n<td style=\"width: 46.6735%; height: 24px;\">11034<\/td>\n<\/tr>\n<tr style=\"height: 24px;\">\n<td style=\"width: 22.3094%; height: 24px;\">Ann\u00e9e<\/td>\n<td style=\"width: 46.6735%; height: 24px;\">2026<\/td>\n<\/tr>\n<tr style=\"height: 24px;\">\n<td style=\"width: 22.3094%; height: 24px;\">Finition<\/td>\n<td style=\"width: 46.6735%; height: 24px;\">Brillant<\/td>\n<\/tr>\n<tr style=\"height: 24px;\">\n<td style=\"width: 22.3094%; height: 24px;\">Puret\u00e9<\/td>\n<td style=\"width: 46.6735%; height: 24px;\">.9999<\/td>\n<\/tr>\n<tr style=\"height: 24px;\">\n<td style=\"width: 22.3094%; height: 24px;\">Pays<\/td>\n<td style=\"width: 46.6735%; height: 24px;\">Canada<\/td>\n<\/tr>\n<tr style=\"height: 24px;\">\n<td style=\"width: 22.3094%; height: 24px;\">Fabricant<\/td>\n<td style=\"width: 46.6735%; height: 24px;\">Monnaie Royale Canadienne<\/td>\n<\/tr>\n<tr style=\"height: 24px;\">\n<td style=\"width: 22.3094%; height: 24px;\">Tirage<\/td>\n<td style=\"width: 46.6735%; height: 24px;\">25 000<\/td>\n<\/tr>\n<tr style=\"height: 24px;\">\n<td style=\"width: 22.3094%; height: 24px;\">Poids<\/td>\n<td style=\"width: 46.6735%; height: 24px;\">1 once<\/td>\n<\/tr>\n<tr style=\"height: 24px;\">\n<td style=\"width: 22.3094%; height: 24px;\">Diam\u00e8tre<\/td>\n<td style=\"width: 46.6735%; height: 24px;\">38 mm<\/td>\n<\/tr>\n<\/tbody>\n<\/table>\n<\/div>\n<div class=\"ewa-rteLine\">\n<p>&nbsp;<\/p>\n<\/div>\n<div>\n<hr \/>\n<\/div>\n<div class=\"ewa-rteLine\"><strong>\u00c0 PROPOS DE LA MONNAIE ROYALE CANADIENNE\u00a0<\/strong><\/div>\n<\/div>\n<div class=\"ewa-rteLine\">\n<p>La Monnaie royale canadienne est connue pour \u00eatre l&#8217;une des monnaies les plus r\u00e9put\u00e9es au monde. La succursale d&#8217;Ottawa de la Monnaie royale a ouvert ses portes en 1908 et a \u00e9t\u00e9 rebaptis\u00e9e Monnaie royale canadienne en 1931 lorsque le contr\u00f4le a \u00e9t\u00e9 transf\u00e9r\u00e9 au gouvernement canadien. Ses normes \u00e9lev\u00e9es d&#8217;excellence et de qualit\u00e9 lui ont permis d&#8217;\u00eatre la premi\u00e8re raffinerie \u00e0 fabriquer des pi\u00e8ces d&#8217;investissement en or d&#8217;une puret\u00e9 de 9999 en 1982, ainsi que la premi\u00e8re \u00e0 atteindre une puret\u00e9 d&#8217;or de 99999 en 1998.<\/p>\n<\/div>\n","protected":false},"excerpt":{"rendered":"<p>CARACT\u00c9RISTIQUES DE LA PI\u00c8CE La pi\u00e8ce Pr\u00e9cieuse Feuille d\u2019\u00e9rable en argent est un produit d\u2019investissement haut de gamme, pr\u00e9sent\u00e9 dans un emballage sp\u00e9cialement con\u00e7u pour souligner les grands moments. Arborant l\u2019effigie de Sa Majest\u00e9 le roi Charles III, la pi\u00e8ce d\u2019investissement Pr\u00e9cieuse Feuille d\u2019\u00e9rable en argent 2026 constitue le cadeau id\u00e9al en argent pur \u00e0&hellip; <a class=\"read-more-link\" href=\"https:\/\/www.monnaieroyale.com\/en\/product\/precieuse-feuille-derable-argent-marque-privee-celebration-piece-1-once-argent-pur-99-99-2026\/\">Read More<\/a><\/p>\n","protected":false},"featured_media":21216,"comment_status":"closed","ping_status":"closed","template":"","meta":{"content-type":""},"product_brand":[],"product_cat":[516,515],"product_tag":[],"class_list":{"0":"post-20966","1":"product","2":"type-product","3":"status-publish","4":"has-post-thumbnail","6":"product_cat-investment-products","7":"product_cat-silver-products","10":"first","11":"instock","12":"taxable","13":"shipping-taxable","14":"purchasable","15":"product-type-simple"},"yoast_head":"<!-- This site is optimized with the Yoast SEO plugin v27.4 - https:\/\/yoast.com\/product\/yoast-seo-wordpress\/ -->\n<title>Pr\u00e9cieuse Feuille d\u2019\u00e9rable en argent : Marque priv\u00e9e C\u00e9l\u00e9bration - Pi\u00e8ce de 1 oz en argent pur \u00e0 99,99 % 2026 (pi\u00e8ce d\u2019investissement haut de gamme) - Monnaie Collection Royale<\/title>\n<meta name=\"description\" content=\"CARACT\u00c9RISTIQUES DE LA PI\u00c8CE La pi\u00e8ce Pr\u00e9cieuse Feuille d\u2019\u00e9rable en argent est un produit d\u2019investissement haut de gamme, pr\u00e9sent\u00e9 dans un emballage\" \/>\n<meta name=\"robots\" content=\"index, follow, max-snippet:-1, max-image-preview:large, max-video-preview:-1\" \/>\n<link rel=\"canonical\" href=\"https:\/\/www.monnaieroyale.com\/product\/precieuse-feuille-derable-argent-marque-privee-celebration-piece-1-once-argent-pur-99-99-2026\/?lang=en\" \/>\n<meta property=\"og:locale\" content=\"en_US\" \/>\n<meta property=\"og:type\" content=\"article\" \/>\n<meta property=\"og:title\" content=\"Pr\u00e9cieuse Feuille d\u2019\u00e9rable en argent : Marque priv\u00e9e C\u00e9l\u00e9bration - Pi\u00e8ce de 1 oz en argent pur \u00e0 99,99 % 2026 (pi\u00e8ce d\u2019investissement haut de gamme) - Monnaie Collection Royale\" \/>\n<meta property=\"og:description\" content=\"CARACT\u00c9RISTIQUES DE LA PI\u00c8CE La pi\u00e8ce Pr\u00e9cieuse Feuille d\u2019\u00e9rable en argent est un produit d\u2019investissement haut de gamme, pr\u00e9sent\u00e9 dans un emballage\" \/>\n<meta property=\"og:url\" content=\"https:\/\/www.monnaieroyale.com\/product\/precieuse-feuille-derable-argent-marque-privee-celebration-piece-1-once-argent-pur-99-99-2026\/?lang=en\" \/>\n<meta property=\"og:site_name\" content=\"Monnaie Collection Royale\" \/>\n<meta property=\"article:modified_time\" content=\"2026-04-09T19:08:20+00:00\" \/>\n<meta name=\"twitter:card\" content=\"summary_large_image\" \/>\n<meta name=\"twitter:label1\" content=\"Est. reading time\" \/>\n\t<meta name=\"twitter:data1\" content=\"2 minutes\" \/>\n<script type=\"application\/ld+json\" class=\"yoast-schema-graph\">{\"@context\":\"https:\\\/\\\/schema.org\",\"@graph\":[{\"@type\":\"WebPage\",\"@id\":\"https:\\\/\\\/www.monnaieroyale.com\\\/product\\\/precieuse-feuille-derable-argent-marque-privee-celebration-piece-1-once-argent-pur-99-99-2026\\\/?lang=en\",\"url\":\"https:\\\/\\\/www.monnaieroyale.com\\\/product\\\/precieuse-feuille-derable-argent-marque-privee-celebration-piece-1-once-argent-pur-99-99-2026\\\/?lang=en\",\"name\":\"Pr\u00e9cieuse Feuille d\u2019\u00e9rable en argent : Marque priv\u00e9e C\u00e9l\u00e9bration - Pi\u00e8ce de 1 oz en argent pur \u00e0 99,99 % 2026 (pi\u00e8ce d\u2019investissement haut de gamme) - Monnaie Collection Royale\",\"isPartOf\":{\"@id\":\"https:\\\/\\\/www.monnaieroyale.com\\\/#website\"},\"primaryImageOfPage\":{\"@id\":\"https:\\\/\\\/www.monnaieroyale.com\\\/product\\\/precieuse-feuille-derable-argent-marque-privee-celebration-piece-1-once-argent-pur-99-99-2026\\\/?lang=en#primaryimage\"},\"image\":{\"@id\":\"https:\\\/\\\/www.monnaieroyale.com\\\/product\\\/precieuse-feuille-derable-argent-marque-privee-celebration-piece-1-once-argent-pur-99-99-2026\\\/?lang=en#primaryimage\"},\"thumbnailUrl\":\"https:\\\/\\\/www.monnaieroyale.com\\\/wp-content\\\/uploads\\\/2025\\\/12\\\/precieuse-feuille-derable-en-argent-marque-privee-celebration-piece-de-1-oz-en-argent-pur-a-9999-2026-piece-dinvestissement-haut-de-gamme-1-monnaie-collection-royale.avif\",\"datePublished\":\"2025-12-22T20:18:36+00:00\",\"dateModified\":\"2026-04-09T19:08:20+00:00\",\"description\":\"CARACT\u00c9RISTIQUES DE LA PI\u00c8CE La pi\u00e8ce Pr\u00e9cieuse Feuille d\u2019\u00e9rable en argent est un produit d\u2019investissement haut de gamme, pr\u00e9sent\u00e9 dans un emballage\",\"breadcrumb\":{\"@id\":\"https:\\\/\\\/www.monnaieroyale.com\\\/product\\\/precieuse-feuille-derable-argent-marque-privee-celebration-piece-1-once-argent-pur-99-99-2026\\\/?lang=en#breadcrumb\"},\"inLanguage\":\"en-US\",\"potentialAction\":[{\"@type\":\"ReadAction\",\"target\":[\"https:\\\/\\\/www.monnaieroyale.com\\\/product\\\/precieuse-feuille-derable-argent-marque-privee-celebration-piece-1-once-argent-pur-99-99-2026\\\/?lang=en\"]}]},{\"@type\":\"ImageObject\",\"inLanguage\":\"en-US\",\"@id\":\"https:\\\/\\\/www.monnaieroyale.com\\\/product\\\/precieuse-feuille-derable-argent-marque-privee-celebration-piece-1-once-argent-pur-99-99-2026\\\/?lang=en#primaryimage\",\"url\":\"https:\\\/\\\/www.monnaieroyale.com\\\/wp-content\\\/uploads\\\/2025\\\/12\\\/precieuse-feuille-derable-en-argent-marque-privee-celebration-piece-de-1-oz-en-argent-pur-a-9999-2026-piece-dinvestissement-haut-de-gamme-1-monnaie-collection-royale.avif\",\"contentUrl\":\"https:\\\/\\\/www.monnaieroyale.com\\\/wp-content\\\/uploads\\\/2025\\\/12\\\/precieuse-feuille-derable-en-argent-marque-privee-celebration-piece-de-1-oz-en-argent-pur-a-9999-2026-piece-dinvestissement-haut-de-gamme-1-monnaie-collection-royale.avif\",\"width\":500,\"height\":500,\"caption\":\"Pr\u00e9cieuse Feuille d\u2019\u00e9rable en argent : Marque priv\u00e9e C\u00e9l\u00e9bration - Pi\u00e8ce de 1 oz en argent pur \u00e0 99,99 % 2026 (pi\u00e8ce d\u2019investissement haut de gamme)\"},{\"@type\":\"BreadcrumbList\",\"@id\":\"https:\\\/\\\/www.monnaieroyale.com\\\/product\\\/precieuse-feuille-derable-argent-marque-privee-celebration-piece-1-once-argent-pur-99-99-2026\\\/?lang=en#breadcrumb\",\"itemListElement\":[{\"@type\":\"ListItem\",\"position\":1,\"name\":\"Accueil\",\"item\":\"https:\\\/\\\/www.monnaieroyale.com\\\/?lang=en\"},{\"@type\":\"ListItem\",\"position\":2,\"name\":\"Shop\",\"item\":\"https:\\\/\\\/www.monnaieroyale.com\\\/shop\\\/?lang=en\"},{\"@type\":\"ListItem\",\"position\":3,\"name\":\"Pr\u00e9cieuse Feuille d\u2019\u00e9rable en argent : Marque priv\u00e9e C\u00e9l\u00e9bration &#8211; Pi\u00e8ce de 1 oz en argent pur \u00e0 99,99 % 2026 (pi\u00e8ce d\u2019investissement haut de gamme)\"}]},{\"@type\":\"WebSite\",\"@id\":\"https:\\\/\\\/www.monnaieroyale.com\\\/#website\",\"url\":\"https:\\\/\\\/www.monnaieroyale.com\\\/\",\"name\":\"Monnaie Collection Royale\",\"description\":\"\",\"publisher\":{\"@id\":\"https:\\\/\\\/www.monnaieroyale.com\\\/#organization\"},\"potentialAction\":[{\"@type\":\"SearchAction\",\"target\":{\"@type\":\"EntryPoint\",\"urlTemplate\":\"https:\\\/\\\/www.monnaieroyale.com\\\/?s={search_term_string}\"},\"query-input\":{\"@type\":\"PropertyValueSpecification\",\"valueRequired\":true,\"valueName\":\"search_term_string\"}}],\"inLanguage\":\"en-US\"},{\"@type\":\"Organization\",\"@id\":\"https:\\\/\\\/www.monnaieroyale.com\\\/#organization\",\"name\":\"Monnaie Collection Royale\",\"url\":\"https:\\\/\\\/www.monnaieroyale.com\\\/\",\"logo\":{\"@type\":\"ImageObject\",\"inLanguage\":\"en-US\",\"@id\":\"https:\\\/\\\/www.monnaieroyale.com\\\/#\\\/schema\\\/logo\\\/image\\\/\",\"url\":\"https:\\\/\\\/www.monnaieroyale.com\\\/wp-content\\\/uploads\\\/2018\\\/02\\\/logo-mcr-rmc.jpg\",\"contentUrl\":\"https:\\\/\\\/www.monnaieroyale.com\\\/wp-content\\\/uploads\\\/2018\\\/02\\\/logo-mcr-rmc.jpg\",\"width\":1412,\"height\":365,\"caption\":\"Monnaie Collection Royale\"},\"image\":{\"@id\":\"https:\\\/\\\/www.monnaieroyale.com\\\/#\\\/schema\\\/logo\\\/image\\\/\"}}]}<\/script>\n<!-- \/ Yoast SEO plugin. -->","yoast_head_json":{"title":"Pr\u00e9cieuse Feuille d\u2019\u00e9rable en argent : Marque priv\u00e9e C\u00e9l\u00e9bration - Pi\u00e8ce de 1 oz en argent pur \u00e0 99,99 % 2026 (pi\u00e8ce d\u2019investissement haut de gamme) - Monnaie Collection Royale","description":"CARACT\u00c9RISTIQUES DE LA PI\u00c8CE La pi\u00e8ce Pr\u00e9cieuse Feuille d\u2019\u00e9rable en argent est un produit d\u2019investissement haut de gamme, pr\u00e9sent\u00e9 dans un emballage","robots":{"index":"index","follow":"follow","max-snippet":"max-snippet:-1","max-image-preview":"max-image-preview:large","max-video-preview":"max-video-preview:-1"},"canonical":"https:\/\/www.monnaieroyale.com\/product\/precieuse-feuille-derable-argent-marque-privee-celebration-piece-1-once-argent-pur-99-99-2026\/?lang=en","og_locale":"en_US","og_type":"article","og_title":"Pr\u00e9cieuse Feuille d\u2019\u00e9rable en argent : Marque priv\u00e9e C\u00e9l\u00e9bration - Pi\u00e8ce de 1 oz en argent pur \u00e0 99,99 % 2026 (pi\u00e8ce d\u2019investissement haut de gamme) - Monnaie Collection Royale","og_description":"CARACT\u00c9RISTIQUES DE LA PI\u00c8CE La pi\u00e8ce Pr\u00e9cieuse Feuille d\u2019\u00e9rable en argent est un produit d\u2019investissement haut de gamme, pr\u00e9sent\u00e9 dans un emballage","og_url":"https:\/\/www.monnaieroyale.com\/product\/precieuse-feuille-derable-argent-marque-privee-celebration-piece-1-once-argent-pur-99-99-2026\/?lang=en","og_site_name":"Monnaie Collection Royale","article_modified_time":"2026-04-09T19:08:20+00:00","twitter_card":"summary_large_image","twitter_misc":{"Est. reading time":"2 minutes"},"schema":{"@context":"https:\/\/schema.org","@graph":[{"@type":"WebPage","@id":"https:\/\/www.monnaieroyale.com\/product\/precieuse-feuille-derable-argent-marque-privee-celebration-piece-1-once-argent-pur-99-99-2026\/?lang=en","url":"https:\/\/www.monnaieroyale.com\/product\/precieuse-feuille-derable-argent-marque-privee-celebration-piece-1-once-argent-pur-99-99-2026\/?lang=en","name":"Pr\u00e9cieuse Feuille d\u2019\u00e9rable en argent : Marque priv\u00e9e C\u00e9l\u00e9bration - Pi\u00e8ce de 1 oz en argent pur \u00e0 99,99 % 2026 (pi\u00e8ce d\u2019investissement haut de gamme) - Monnaie Collection Royale","isPartOf":{"@id":"https:\/\/www.monnaieroyale.com\/#website"},"primaryImageOfPage":{"@id":"https:\/\/www.monnaieroyale.com\/product\/precieuse-feuille-derable-argent-marque-privee-celebration-piece-1-once-argent-pur-99-99-2026\/?lang=en#primaryimage"},"image":{"@id":"https:\/\/www.monnaieroyale.com\/product\/precieuse-feuille-derable-argent-marque-privee-celebration-piece-1-once-argent-pur-99-99-2026\/?lang=en#primaryimage"},"thumbnailUrl":"https:\/\/www.monnaieroyale.com\/wp-content\/uploads\/2025\/12\/precieuse-feuille-derable-en-argent-marque-privee-celebration-piece-de-1-oz-en-argent-pur-a-9999-2026-piece-dinvestissement-haut-de-gamme-1-monnaie-collection-royale.avif","datePublished":"2025-12-22T20:18:36+00:00","dateModified":"2026-04-09T19:08:20+00:00","description":"CARACT\u00c9RISTIQUES DE LA PI\u00c8CE La pi\u00e8ce Pr\u00e9cieuse Feuille d\u2019\u00e9rable en argent est un produit d\u2019investissement haut de gamme, pr\u00e9sent\u00e9 dans un emballage","breadcrumb":{"@id":"https:\/\/www.monnaieroyale.com\/product\/precieuse-feuille-derable-argent-marque-privee-celebration-piece-1-once-argent-pur-99-99-2026\/?lang=en#breadcrumb"},"inLanguage":"en-US","potentialAction":[{"@type":"ReadAction","target":["https:\/\/www.monnaieroyale.com\/product\/precieuse-feuille-derable-argent-marque-privee-celebration-piece-1-once-argent-pur-99-99-2026\/?lang=en"]}]},{"@type":"ImageObject","inLanguage":"en-US","@id":"https:\/\/www.monnaieroyale.com\/product\/precieuse-feuille-derable-argent-marque-privee-celebration-piece-1-once-argent-pur-99-99-2026\/?lang=en#primaryimage","url":"https:\/\/www.monnaieroyale.com\/wp-content\/uploads\/2025\/12\/precieuse-feuille-derable-en-argent-marque-privee-celebration-piece-de-1-oz-en-argent-pur-a-9999-2026-piece-dinvestissement-haut-de-gamme-1-monnaie-collection-royale.avif","contentUrl":"https:\/\/www.monnaieroyale.com\/wp-content\/uploads\/2025\/12\/precieuse-feuille-derable-en-argent-marque-privee-celebration-piece-de-1-oz-en-argent-pur-a-9999-2026-piece-dinvestissement-haut-de-gamme-1-monnaie-collection-royale.avif","width":500,"height":500,"caption":"Pr\u00e9cieuse Feuille d\u2019\u00e9rable en argent : Marque priv\u00e9e C\u00e9l\u00e9bration - Pi\u00e8ce de 1 oz en argent pur \u00e0 99,99 % 2026 (pi\u00e8ce d\u2019investissement haut de gamme)"},{"@type":"BreadcrumbList","@id":"https:\/\/www.monnaieroyale.com\/product\/precieuse-feuille-derable-argent-marque-privee-celebration-piece-1-once-argent-pur-99-99-2026\/?lang=en#breadcrumb","itemListElement":[{"@type":"ListItem","position":1,"name":"Accueil","item":"https:\/\/www.monnaieroyale.com\/?lang=en"},{"@type":"ListItem","position":2,"name":"Shop","item":"https:\/\/www.monnaieroyale.com\/shop\/?lang=en"},{"@type":"ListItem","position":3,"name":"Pr\u00e9cieuse Feuille d\u2019\u00e9rable en argent : Marque priv\u00e9e C\u00e9l\u00e9bration &#8211; Pi\u00e8ce de 1 oz en argent pur \u00e0 99,99 % 2026 (pi\u00e8ce d\u2019investissement haut de gamme)"}]},{"@type":"WebSite","@id":"https:\/\/www.monnaieroyale.com\/#website","url":"https:\/\/www.monnaieroyale.com\/","name":"Monnaie Collection Royale","description":"","publisher":{"@id":"https:\/\/www.monnaieroyale.com\/#organization"},"potentialAction":[{"@type":"SearchAction","target":{"@type":"EntryPoint","urlTemplate":"https:\/\/www.monnaieroyale.com\/?s={search_term_string}"},"query-input":{"@type":"PropertyValueSpecification","valueRequired":true,"valueName":"search_term_string"}}],"inLanguage":"en-US"},{"@type":"Organization","@id":"https:\/\/www.monnaieroyale.com\/#organization","name":"Monnaie Collection Royale","url":"https:\/\/www.monnaieroyale.com\/","logo":{"@type":"ImageObject","inLanguage":"en-US","@id":"https:\/\/www.monnaieroyale.com\/#\/schema\/logo\/image\/","url":"https:\/\/www.monnaieroyale.com\/wp-content\/uploads\/2018\/02\/logo-mcr-rmc.jpg","contentUrl":"https:\/\/www.monnaieroyale.com\/wp-content\/uploads\/2018\/02\/logo-mcr-rmc.jpg","width":1412,"height":365,"caption":"Monnaie Collection Royale"},"image":{"@id":"https:\/\/www.monnaieroyale.com\/#\/schema\/logo\/image\/"}}]}},"_links":{"self":[{"href":"https:\/\/www.monnaieroyale.com\/en\/wp-json\/wp\/v2\/product\/20966","targetHints":{"allow":["GET"]}}],"collection":[{"href":"https:\/\/www.monnaieroyale.com\/en\/wp-json\/wp\/v2\/product"}],"about":[{"href":"https:\/\/www.monnaieroyale.com\/en\/wp-json\/wp\/v2\/types\/product"}],"replies":[{"embeddable":true,"href":"https:\/\/www.monnaieroyale.com\/en\/wp-json\/wp\/v2\/comments?post=20966"}],"wp:featuredmedia":[{"embeddable":true,"href":"https:\/\/www.monnaieroyale.com\/en\/wp-json\/wp\/v2\/media\/21216"}],"wp:attachment":[{"href":"https:\/\/www.monnaieroyale.com\/en\/wp-json\/wp\/v2\/media?parent=20966"}],"wp:term":[{"taxonomy":"product_brand","embeddable":true,"href":"https:\/\/www.monnaieroyale.com\/en\/wp-json\/wp\/v2\/product_brand?post=20966"},{"taxonomy":"product_cat","embeddable":true,"href":"https:\/\/www.monnaieroyale.com\/en\/wp-json\/wp\/v2\/product_cat?post=20966"},{"taxonomy":"product_tag","embeddable":true,"href":"https:\/\/www.monnaieroyale.com\/en\/wp-json\/wp\/v2\/product_tag?post=20966"}],"curies":[{"name":"wp","href":"https:\/\/api.w.org\/{rel}","templated":true}]}}