 {"id":20961,"date":"2025-12-22T15:18:36","date_gmt":"2025-12-22T20:18:36","guid":{"rendered":"https:\/\/mrc.2dev.ca\/product\/2026-treasured-silver-maple-leaf-celebration-privy-mark-1-oz-99-99-pure-silver-coin-premium-bullion\/"},"modified":"2026-04-09T15:07:29","modified_gmt":"2026-04-09T19:07:29","slug":"precieuse-feuille-derable-loup-piece-1-once-argent-pur-2026","status":"publish","type":"product","link":"https:\/\/www.monnaieroyale.com\/en\/product\/precieuse-feuille-derable-loup-piece-1-once-argent-pur-2026\/","title":{"rendered":"Pr\u00e9cieuse Feuille d\u2019\u00e9rable en argent : Marque priv\u00e9e Loup &#8211; Pi\u00e8ce de 1 oz en argent pur \u00e0 99,99 % 2026 (pi\u00e8ce d\u2019investissement haut de gamme)"},"content":{"rendered":"<p><strong>CARACT\u00c9RISTIQUES DE LA PI\u00c8CE<\/strong><\/p>\n<div class=\"ewa-rteLine\"><\/div>\n<div class=\"ewa-rteLine\">\n<div class=\"ewa-rteLine\">Un cadeau imp\u00e9rissable : l\u2019embl\u00e9matique pi\u00e8ce d\u2019investissement Feuille d\u2019\u00e9rable en argent orn\u00e9e d\u2019une marque priv\u00e9e sp\u00e9ciale. La pi\u00e8ce Pr\u00e9cieuse Feuille d\u2019\u00e9rable en argent est un produit d\u2019investissement haut de gamme pr\u00e9sent\u00e9 dans un emballage sp\u00e9cialement con\u00e7u pour souligner les grands moments. Arborant l\u2019effigie de Sa Majest\u00e9 le roi Charles III, la pi\u00e8ce d\u2019investissement Pr\u00e9cieuse Feuille d\u2019\u00e9rable en argent 2026 est le cadeau parfait en argent pur \u00e0 99,99 % \u2013 un souvenir imp\u00e9rissable, pr\u00e9cieux et pur.<\/div>\n<div class=\"ewa-rteLine\"><\/div>\n<div class=\"ewa-rteLine\">Orn\u00e9es d\u2019une marque priv\u00e9e sp\u00e9ciale repr\u00e9sentant un loup, les pi\u00e8ces Pr\u00e9cieuse Feuille d\u2019\u00e9rable en argent, id\u00e9ales pour souligner une occasion sp\u00e9ciale, incarnent la qualit\u00e9, la puret\u00e9 et le savoir-faire qui font la renomm\u00e9e des pi\u00e8ces fabriqu\u00e9es par la Monnaie royale canadienne.<\/div>\n<div class=\"ewa-rteLine\">\n<p>&nbsp;<\/p>\n<\/div>\n<\/div>\n<div class=\"ewa-rteLine\">\n<table style=\"border-collapse: collapse; width: 58.4082%; height: 189px;\">\n<tbody>\n<tr style=\"height: 24px;\">\n<td style=\"width: 22.3094%; height: 24px;\">Code<\/td>\n<td style=\"width: 46.6735%; height: 24px;\">251911<\/td>\n<\/tr>\n<tr style=\"height: 24px;\">\n<td style=\"width: 22.3094%; height: 24px;\">Tirage<\/td>\n<td style=\"width: 46.6735%; height: 24px;\">25 000<\/td>\n<\/tr>\n<tr style=\"height: 24px;\">\n<td style=\"width: 22.3094%; height: 24px;\">Composition<\/td>\n<td style=\"width: 46.6735%; height: 24px;\">Argent pur \u00e0 99,99 %<\/td>\n<\/tr>\n<tr style=\"height: 24px;\">\n<td style=\"width: 22.3094%; height: 24px;\">Poids<\/td>\n<td style=\"width: 46.6735%; height: 24px;\">31,11 g<\/td>\n<\/tr>\n<tr style=\"height: 24px;\">\n<td style=\"width: 22.3094%; height: 24px;\">Diam\u00e8tre<\/td>\n<td style=\"width: 46.6735%; height: 24px;\">38 mm<\/td>\n<\/tr>\n<tr style=\"height: 24px;\">\n<td style=\"width: 22.3094%; height: 24px;\">Valeur nominale<\/td>\n<td style=\"width: 46.6735%; height: 24px;\">5 $<\/td>\n<\/tr>\n<\/tbody>\n<\/table>\n<\/div>\n<div class=\"ewa-rteLine\">\n<div class=\"ewa-rteLine\"><strong><br \/>\nUn emballage sp\u00e9cial:<\/strong><\/div>\n<div class=\"ewa-rteLine\">\n<p>Pourquoi dit-on qu\u2019il s\u2019agit d\u2019une pi\u00e8ce d\u2019investissement haut de gamme? Cette pi\u00e8ce d\u2019investissement haut de gamme est encapsul\u00e9e et pr\u00e9sent\u00e9e dans un emballage th\u00e9matique sp\u00e9cialement con\u00e7u. Au devant de la carte, un code QR facile \u00e0 balayer vous permet d\u2019acc\u00e9der rapidement \u00e0 un site Web instructif sur le monde des produits d\u2019investissement.<\/p>\n<\/div>\n<\/div>\n<div>\n<hr \/>\n<\/div>\n<div class=\"ewa-rteLine\"><strong>\u00c0 PROPOS DE LA MONNAIE ROYALE CANADIENNE\u00a0<\/strong><\/div>\n<div class=\"ewa-rteLine\">\n<p>La Monnaie royale canadienne est connue pour \u00eatre l&#8217;une des monnaies les plus r\u00e9put\u00e9es au monde. La succursale d&#8217;Ottawa de la Monnaie royale a ouvert ses portes en 1908 et a \u00e9t\u00e9 rebaptis\u00e9e Monnaie royale canadienne en 1931 lorsque le contr\u00f4le a \u00e9t\u00e9 transf\u00e9r\u00e9 au gouvernement canadien. Ses normes \u00e9lev\u00e9es d&#8217;excellence et de qualit\u00e9 lui ont permis d&#8217;\u00eatre la premi\u00e8re raffinerie \u00e0 fabriquer des pi\u00e8ces d&#8217;investissement en or d&#8217;une puret\u00e9 de 9999 en 1982, ainsi que la premi\u00e8re \u00e0 atteindre une puret\u00e9 d&#8217;or de 99999 en 1998.<\/p>\n<\/div>\n","protected":false},"excerpt":{"rendered":"<p>La pi\u00e8ce\u00a0<em>Pr\u00e9cieuse Feuille d\u2019\u00e9rable en argent<\/em> est un produit d\u2019investissement haut de gamme pr\u00e9sent\u00e9 dans un emballage sp\u00e9cialement con\u00e7u pour souligner les grands moments. Arborant l\u2019effigie de Sa\u00a0Majest\u00e9 le\u00a0roi\u00a0Charles\u00a0III, la pi\u00e8ce d\u2019investissement\u00a0<em>Pr\u00e9cieuse Feuille d\u2019\u00e9rable en argent<\/em> 2026 est le cadeau parfait en argent pur \u00e0 99,99\u00a0%\u00a0\u2013 un souvenir imp\u00e9rissable, pr\u00e9cieux et pur. Orn\u00e9es de la marque priv\u00e9e sp\u00e9ciale C\u00e9l\u00e9bration repr\u00e9sentant des ballons pour souligner une occasion, les pi\u00e8ces\u00a0<em>Pr\u00e9cieuse Feuille d\u2019\u00e9rable en argent<\/em>\u00a0incarnent la qualit\u00e9, la puret\u00e9 et le savoir-faire qui font la renomm\u00e9e des pi\u00e8ces fabriqu\u00e9es par la Monnaie royale canadienne.<\/p>\n","protected":false},"featured_media":21119,"comment_status":"closed","ping_status":"closed","template":"","meta":{"content-type":""},"product_brand":[],"product_cat":[516,515],"product_tag":[],"class_list":{"0":"post-20961","1":"product","2":"type-product","3":"status-publish","4":"has-post-thumbnail","6":"product_cat-investment-products","7":"product_cat-silver-products","10":"first","11":"instock","12":"purchasable","13":"product-type-simple"},"yoast_head":"<!-- This site is optimized with the Yoast SEO plugin v27.4 - https:\/\/yoast.com\/product\/yoast-seo-wordpress\/ -->\n<title>Pr\u00e9cieuse Feuille d\u2019\u00e9rable en argent : Marque priv\u00e9e Loup - Pi\u00e8ce de 1 oz en argent pur \u00e0 99,99 % 2026 (pi\u00e8ce d\u2019investissement haut de gamme) - Monnaie Collection Royale<\/title>\n<meta name=\"description\" content=\"La pi\u00e8ce\u00a0Pr\u00e9cieuse Feuille d\u2019\u00e9rable en argent est un produit d\u2019investissement haut de gamme pr\u00e9sent\u00e9 dans un emballage sp\u00e9cialement con\u00e7u pour souligner les grands moments. Arborant l\u2019effigie de Sa\u00a0Majest\u00e9 le\u00a0roi\u00a0Charles\u00a0III, la pi\u00e8ce d\u2019investissement\u00a0Pr\u00e9cieuse Feuille d\u2019\u00e9rable en argent 2026 est le cadeau parfait en argent pur \u00e0 99,99\u00a0%\u00a0\u2013 un souvenir imp\u00e9rissable, pr\u00e9cieux et pur. Orn\u00e9es de la marque priv\u00e9e sp\u00e9ciale C\u00e9l\u00e9bration repr\u00e9sentant des ballons pour souligner une occasion, les pi\u00e8ces\u00a0Pr\u00e9cieuse Feuille d\u2019\u00e9rable en argent\u00a0incarnent la qualit\u00e9, la puret\u00e9 et le savoir-faire qui font la renomm\u00e9e des pi\u00e8ces fabriqu\u00e9es par la Monnaie royale canadienne.\" \/>\n<meta name=\"robots\" content=\"index, follow, max-snippet:-1, max-image-preview:large, max-video-preview:-1\" \/>\n<link rel=\"canonical\" href=\"https:\/\/www.monnaieroyale.com\/product\/precieuse-feuille-derable-loup-piece-1-once-argent-pur-2026\/?lang=en\" \/>\n<meta property=\"og:locale\" content=\"en_US\" \/>\n<meta property=\"og:type\" content=\"article\" \/>\n<meta property=\"og:title\" content=\"Pr\u00e9cieuse Feuille d\u2019\u00e9rable en argent : Marque priv\u00e9e Loup - Pi\u00e8ce de 1 oz en argent pur \u00e0 99,99 % 2026 (pi\u00e8ce d\u2019investissement haut de gamme) - Monnaie Collection Royale\" \/>\n<meta property=\"og:description\" content=\"La pi\u00e8ce\u00a0Pr\u00e9cieuse Feuille d\u2019\u00e9rable en argent est un produit d\u2019investissement haut de gamme pr\u00e9sent\u00e9 dans un emballage sp\u00e9cialement con\u00e7u pour souligner les grands moments. Arborant l\u2019effigie de Sa\u00a0Majest\u00e9 le\u00a0roi\u00a0Charles\u00a0III, la pi\u00e8ce d\u2019investissement\u00a0Pr\u00e9cieuse Feuille d\u2019\u00e9rable en argent 2026 est le cadeau parfait en argent pur \u00e0 99,99\u00a0%\u00a0\u2013 un souvenir imp\u00e9rissable, pr\u00e9cieux et pur. Orn\u00e9es de la marque priv\u00e9e sp\u00e9ciale C\u00e9l\u00e9bration repr\u00e9sentant des ballons pour souligner une occasion, les pi\u00e8ces\u00a0Pr\u00e9cieuse Feuille d\u2019\u00e9rable en argent\u00a0incarnent la qualit\u00e9, la puret\u00e9 et le savoir-faire qui font la renomm\u00e9e des pi\u00e8ces fabriqu\u00e9es par la Monnaie royale canadienne.\" \/>\n<meta property=\"og:url\" content=\"https:\/\/www.monnaieroyale.com\/product\/precieuse-feuille-derable-loup-piece-1-once-argent-pur-2026\/?lang=en\" \/>\n<meta property=\"og:site_name\" content=\"Monnaie Collection Royale\" \/>\n<meta property=\"article:modified_time\" content=\"2026-04-09T19:07:29+00:00\" \/>\n<meta property=\"og:image\" content=\"https:\/\/www.monnaieroyale.com\/wp-content\/uploads\/2025\/12\/precieuse-feuille-derable-en-argent-marque-privee-loup-piece-de-1-oz-en-argent-pur-a-9999-2026-piece-dinvestissement-haut-de-gamme-monnaie-collection-royale.webp\" \/>\n\t<meta property=\"og:image:width\" content=\"500\" \/>\n\t<meta property=\"og:image:height\" content=\"500\" \/>\n\t<meta property=\"og:image:type\" content=\"image\/webp\" \/>\n<meta name=\"twitter:card\" content=\"summary_large_image\" \/>\n<meta name=\"twitter:label1\" content=\"Est. reading time\" \/>\n\t<meta name=\"twitter:data1\" content=\"2 minutes\" \/>\n<script type=\"application\/ld+json\" class=\"yoast-schema-graph\">{\"@context\":\"https:\\\/\\\/schema.org\",\"@graph\":[{\"@type\":\"WebPage\",\"@id\":\"https:\\\/\\\/www.monnaieroyale.com\\\/product\\\/precieuse-feuille-derable-loup-piece-1-once-argent-pur-2026\\\/?lang=en\",\"url\":\"https:\\\/\\\/www.monnaieroyale.com\\\/product\\\/precieuse-feuille-derable-loup-piece-1-once-argent-pur-2026\\\/?lang=en\",\"name\":\"Pr\u00e9cieuse Feuille d\u2019\u00e9rable en argent : Marque priv\u00e9e Loup - Pi\u00e8ce de 1 oz en argent pur \u00e0 99,99 % 2026 (pi\u00e8ce d\u2019investissement haut de gamme) - Monnaie Collection Royale\",\"isPartOf\":{\"@id\":\"https:\\\/\\\/www.monnaieroyale.com\\\/#website\"},\"primaryImageOfPage\":{\"@id\":\"https:\\\/\\\/www.monnaieroyale.com\\\/product\\\/precieuse-feuille-derable-loup-piece-1-once-argent-pur-2026\\\/?lang=en#primaryimage\"},\"image\":{\"@id\":\"https:\\\/\\\/www.monnaieroyale.com\\\/product\\\/precieuse-feuille-derable-loup-piece-1-once-argent-pur-2026\\\/?lang=en#primaryimage\"},\"thumbnailUrl\":\"https:\\\/\\\/www.monnaieroyale.com\\\/wp-content\\\/uploads\\\/2025\\\/12\\\/precieuse-feuille-derable-en-argent-marque-privee-loup-piece-de-1-oz-en-argent-pur-a-9999-2026-piece-dinvestissement-haut-de-gamme-monnaie-collection-royale.webp\",\"datePublished\":\"2025-12-22T20:18:36+00:00\",\"dateModified\":\"2026-04-09T19:07:29+00:00\",\"description\":\"La pi\u00e8ce\u00a0Pr\u00e9cieuse Feuille d\u2019\u00e9rable en argent est un produit d\u2019investissement haut de gamme pr\u00e9sent\u00e9 dans un emballage sp\u00e9cialement con\u00e7u pour souligner les grands moments. Arborant l\u2019effigie de Sa\u00a0Majest\u00e9 le\u00a0roi\u00a0Charles\u00a0III, la pi\u00e8ce d\u2019investissement\u00a0Pr\u00e9cieuse Feuille d\u2019\u00e9rable en argent 2026 est le cadeau parfait en argent pur \u00e0 99,99\u00a0%\u00a0\u2013 un souvenir imp\u00e9rissable, pr\u00e9cieux et pur. Orn\u00e9es de la marque priv\u00e9e sp\u00e9ciale C\u00e9l\u00e9bration repr\u00e9sentant des ballons pour souligner une occasion, les pi\u00e8ces\u00a0Pr\u00e9cieuse Feuille d\u2019\u00e9rable en argent\u00a0incarnent la qualit\u00e9, la puret\u00e9 et le savoir-faire qui font la renomm\u00e9e des pi\u00e8ces fabriqu\u00e9es par la Monnaie royale canadienne.\",\"breadcrumb\":{\"@id\":\"https:\\\/\\\/www.monnaieroyale.com\\\/product\\\/precieuse-feuille-derable-loup-piece-1-once-argent-pur-2026\\\/?lang=en#breadcrumb\"},\"inLanguage\":\"en-US\",\"potentialAction\":[{\"@type\":\"ReadAction\",\"target\":[\"https:\\\/\\\/www.monnaieroyale.com\\\/product\\\/precieuse-feuille-derable-loup-piece-1-once-argent-pur-2026\\\/?lang=en\"]}]},{\"@type\":\"ImageObject\",\"inLanguage\":\"en-US\",\"@id\":\"https:\\\/\\\/www.monnaieroyale.com\\\/product\\\/precieuse-feuille-derable-loup-piece-1-once-argent-pur-2026\\\/?lang=en#primaryimage\",\"url\":\"https:\\\/\\\/www.monnaieroyale.com\\\/wp-content\\\/uploads\\\/2025\\\/12\\\/precieuse-feuille-derable-en-argent-marque-privee-loup-piece-de-1-oz-en-argent-pur-a-9999-2026-piece-dinvestissement-haut-de-gamme-monnaie-collection-royale.webp\",\"contentUrl\":\"https:\\\/\\\/www.monnaieroyale.com\\\/wp-content\\\/uploads\\\/2025\\\/12\\\/precieuse-feuille-derable-en-argent-marque-privee-loup-piece-de-1-oz-en-argent-pur-a-9999-2026-piece-dinvestissement-haut-de-gamme-monnaie-collection-royale.webp\",\"width\":500,\"height\":500,\"caption\":\"Pr\u00e9cieuse Feuille d\u2019\u00e9rable en argent : Marque priv\u00e9e Loup - Pi\u00e8ce de 1 oz en argent pur \u00e0 99,99 % 2026 (pi\u00e8ce d\u2019investissement haut de gamme)\"},{\"@type\":\"BreadcrumbList\",\"@id\":\"https:\\\/\\\/www.monnaieroyale.com\\\/product\\\/precieuse-feuille-derable-loup-piece-1-once-argent-pur-2026\\\/?lang=en#breadcrumb\",\"itemListElement\":[{\"@type\":\"ListItem\",\"position\":1,\"name\":\"Accueil\",\"item\":\"https:\\\/\\\/www.monnaieroyale.com\\\/?lang=en\"},{\"@type\":\"ListItem\",\"position\":2,\"name\":\"Shop\",\"item\":\"https:\\\/\\\/www.monnaieroyale.com\\\/shop\\\/?lang=en\"},{\"@type\":\"ListItem\",\"position\":3,\"name\":\"Pr\u00e9cieuse Feuille d\u2019\u00e9rable en argent : Marque priv\u00e9e Loup &#8211; Pi\u00e8ce de 1 oz en argent pur \u00e0 99,99 % 2026 (pi\u00e8ce d\u2019investissement haut de gamme)\"}]},{\"@type\":\"WebSite\",\"@id\":\"https:\\\/\\\/www.monnaieroyale.com\\\/#website\",\"url\":\"https:\\\/\\\/www.monnaieroyale.com\\\/\",\"name\":\"Monnaie Collection Royale\",\"description\":\"\",\"publisher\":{\"@id\":\"https:\\\/\\\/www.monnaieroyale.com\\\/#organization\"},\"potentialAction\":[{\"@type\":\"SearchAction\",\"target\":{\"@type\":\"EntryPoint\",\"urlTemplate\":\"https:\\\/\\\/www.monnaieroyale.com\\\/?s={search_term_string}\"},\"query-input\":{\"@type\":\"PropertyValueSpecification\",\"valueRequired\":true,\"valueName\":\"search_term_string\"}}],\"inLanguage\":\"en-US\"},{\"@type\":\"Organization\",\"@id\":\"https:\\\/\\\/www.monnaieroyale.com\\\/#organization\",\"name\":\"Monnaie Collection Royale\",\"url\":\"https:\\\/\\\/www.monnaieroyale.com\\\/\",\"logo\":{\"@type\":\"ImageObject\",\"inLanguage\":\"en-US\",\"@id\":\"https:\\\/\\\/www.monnaieroyale.com\\\/#\\\/schema\\\/logo\\\/image\\\/\",\"url\":\"https:\\\/\\\/www.monnaieroyale.com\\\/wp-content\\\/uploads\\\/2018\\\/02\\\/logo-mcr-rmc.jpg\",\"contentUrl\":\"https:\\\/\\\/www.monnaieroyale.com\\\/wp-content\\\/uploads\\\/2018\\\/02\\\/logo-mcr-rmc.jpg\",\"width\":1412,\"height\":365,\"caption\":\"Monnaie Collection Royale\"},\"image\":{\"@id\":\"https:\\\/\\\/www.monnaieroyale.com\\\/#\\\/schema\\\/logo\\\/image\\\/\"}}]}<\/script>\n<!-- \/ Yoast SEO plugin. -->","yoast_head_json":{"title":"Pr\u00e9cieuse Feuille d\u2019\u00e9rable en argent : Marque priv\u00e9e Loup - Pi\u00e8ce de 1 oz en argent pur \u00e0 99,99 % 2026 (pi\u00e8ce d\u2019investissement haut de gamme) - Monnaie Collection Royale","description":"La pi\u00e8ce\u00a0Pr\u00e9cieuse Feuille d\u2019\u00e9rable en argent est un produit d\u2019investissement haut de gamme pr\u00e9sent\u00e9 dans un emballage sp\u00e9cialement con\u00e7u pour souligner les grands moments. Arborant l\u2019effigie de Sa\u00a0Majest\u00e9 le\u00a0roi\u00a0Charles\u00a0III, la pi\u00e8ce d\u2019investissement\u00a0Pr\u00e9cieuse Feuille d\u2019\u00e9rable en argent 2026 est le cadeau parfait en argent pur \u00e0 99,99\u00a0%\u00a0\u2013 un souvenir imp\u00e9rissable, pr\u00e9cieux et pur. Orn\u00e9es de la marque priv\u00e9e sp\u00e9ciale C\u00e9l\u00e9bration repr\u00e9sentant des ballons pour souligner une occasion, les pi\u00e8ces\u00a0Pr\u00e9cieuse Feuille d\u2019\u00e9rable en argent\u00a0incarnent la qualit\u00e9, la puret\u00e9 et le savoir-faire qui font la renomm\u00e9e des pi\u00e8ces fabriqu\u00e9es par la Monnaie royale canadienne.","robots":{"index":"index","follow":"follow","max-snippet":"max-snippet:-1","max-image-preview":"max-image-preview:large","max-video-preview":"max-video-preview:-1"},"canonical":"https:\/\/www.monnaieroyale.com\/product\/precieuse-feuille-derable-loup-piece-1-once-argent-pur-2026\/?lang=en","og_locale":"en_US","og_type":"article","og_title":"Pr\u00e9cieuse Feuille d\u2019\u00e9rable en argent : Marque priv\u00e9e Loup - Pi\u00e8ce de 1 oz en argent pur \u00e0 99,99 % 2026 (pi\u00e8ce d\u2019investissement haut de gamme) - Monnaie Collection Royale","og_description":"La pi\u00e8ce\u00a0Pr\u00e9cieuse Feuille d\u2019\u00e9rable en argent est un produit d\u2019investissement haut de gamme pr\u00e9sent\u00e9 dans un emballage sp\u00e9cialement con\u00e7u pour souligner les grands moments. Arborant l\u2019effigie de Sa\u00a0Majest\u00e9 le\u00a0roi\u00a0Charles\u00a0III, la pi\u00e8ce d\u2019investissement\u00a0Pr\u00e9cieuse Feuille d\u2019\u00e9rable en argent 2026 est le cadeau parfait en argent pur \u00e0 99,99\u00a0%\u00a0\u2013 un souvenir imp\u00e9rissable, pr\u00e9cieux et pur. Orn\u00e9es de la marque priv\u00e9e sp\u00e9ciale C\u00e9l\u00e9bration repr\u00e9sentant des ballons pour souligner une occasion, les pi\u00e8ces\u00a0Pr\u00e9cieuse Feuille d\u2019\u00e9rable en argent\u00a0incarnent la qualit\u00e9, la puret\u00e9 et le savoir-faire qui font la renomm\u00e9e des pi\u00e8ces fabriqu\u00e9es par la Monnaie royale canadienne.","og_url":"https:\/\/www.monnaieroyale.com\/product\/precieuse-feuille-derable-loup-piece-1-once-argent-pur-2026\/?lang=en","og_site_name":"Monnaie Collection Royale","article_modified_time":"2026-04-09T19:07:29+00:00","og_image":[{"width":500,"height":500,"url":"https:\/\/www.monnaieroyale.com\/wp-content\/uploads\/2025\/12\/precieuse-feuille-derable-en-argent-marque-privee-loup-piece-de-1-oz-en-argent-pur-a-9999-2026-piece-dinvestissement-haut-de-gamme-monnaie-collection-royale.webp","type":"image\/webp"}],"twitter_card":"summary_large_image","twitter_misc":{"Est. reading time":"2 minutes"},"schema":{"@context":"https:\/\/schema.org","@graph":[{"@type":"WebPage","@id":"https:\/\/www.monnaieroyale.com\/product\/precieuse-feuille-derable-loup-piece-1-once-argent-pur-2026\/?lang=en","url":"https:\/\/www.monnaieroyale.com\/product\/precieuse-feuille-derable-loup-piece-1-once-argent-pur-2026\/?lang=en","name":"Pr\u00e9cieuse Feuille d\u2019\u00e9rable en argent : Marque priv\u00e9e Loup - Pi\u00e8ce de 1 oz en argent pur \u00e0 99,99 % 2026 (pi\u00e8ce d\u2019investissement haut de gamme) - Monnaie Collection Royale","isPartOf":{"@id":"https:\/\/www.monnaieroyale.com\/#website"},"primaryImageOfPage":{"@id":"https:\/\/www.monnaieroyale.com\/product\/precieuse-feuille-derable-loup-piece-1-once-argent-pur-2026\/?lang=en#primaryimage"},"image":{"@id":"https:\/\/www.monnaieroyale.com\/product\/precieuse-feuille-derable-loup-piece-1-once-argent-pur-2026\/?lang=en#primaryimage"},"thumbnailUrl":"https:\/\/www.monnaieroyale.com\/wp-content\/uploads\/2025\/12\/precieuse-feuille-derable-en-argent-marque-privee-loup-piece-de-1-oz-en-argent-pur-a-9999-2026-piece-dinvestissement-haut-de-gamme-monnaie-collection-royale.webp","datePublished":"2025-12-22T20:18:36+00:00","dateModified":"2026-04-09T19:07:29+00:00","description":"La pi\u00e8ce\u00a0Pr\u00e9cieuse Feuille d\u2019\u00e9rable en argent est un produit d\u2019investissement haut de gamme pr\u00e9sent\u00e9 dans un emballage sp\u00e9cialement con\u00e7u pour souligner les grands moments. Arborant l\u2019effigie de Sa\u00a0Majest\u00e9 le\u00a0roi\u00a0Charles\u00a0III, la pi\u00e8ce d\u2019investissement\u00a0Pr\u00e9cieuse Feuille d\u2019\u00e9rable en argent 2026 est le cadeau parfait en argent pur \u00e0 99,99\u00a0%\u00a0\u2013 un souvenir imp\u00e9rissable, pr\u00e9cieux et pur. Orn\u00e9es de la marque priv\u00e9e sp\u00e9ciale C\u00e9l\u00e9bration repr\u00e9sentant des ballons pour souligner une occasion, les pi\u00e8ces\u00a0Pr\u00e9cieuse Feuille d\u2019\u00e9rable en argent\u00a0incarnent la qualit\u00e9, la puret\u00e9 et le savoir-faire qui font la renomm\u00e9e des pi\u00e8ces fabriqu\u00e9es par la Monnaie royale canadienne.","breadcrumb":{"@id":"https:\/\/www.monnaieroyale.com\/product\/precieuse-feuille-derable-loup-piece-1-once-argent-pur-2026\/?lang=en#breadcrumb"},"inLanguage":"en-US","potentialAction":[{"@type":"ReadAction","target":["https:\/\/www.monnaieroyale.com\/product\/precieuse-feuille-derable-loup-piece-1-once-argent-pur-2026\/?lang=en"]}]},{"@type":"ImageObject","inLanguage":"en-US","@id":"https:\/\/www.monnaieroyale.com\/product\/precieuse-feuille-derable-loup-piece-1-once-argent-pur-2026\/?lang=en#primaryimage","url":"https:\/\/www.monnaieroyale.com\/wp-content\/uploads\/2025\/12\/precieuse-feuille-derable-en-argent-marque-privee-loup-piece-de-1-oz-en-argent-pur-a-9999-2026-piece-dinvestissement-haut-de-gamme-monnaie-collection-royale.webp","contentUrl":"https:\/\/www.monnaieroyale.com\/wp-content\/uploads\/2025\/12\/precieuse-feuille-derable-en-argent-marque-privee-loup-piece-de-1-oz-en-argent-pur-a-9999-2026-piece-dinvestissement-haut-de-gamme-monnaie-collection-royale.webp","width":500,"height":500,"caption":"Pr\u00e9cieuse Feuille d\u2019\u00e9rable en argent : Marque priv\u00e9e Loup - Pi\u00e8ce de 1 oz en argent pur \u00e0 99,99 % 2026 (pi\u00e8ce d\u2019investissement haut de gamme)"},{"@type":"BreadcrumbList","@id":"https:\/\/www.monnaieroyale.com\/product\/precieuse-feuille-derable-loup-piece-1-once-argent-pur-2026\/?lang=en#breadcrumb","itemListElement":[{"@type":"ListItem","position":1,"name":"Accueil","item":"https:\/\/www.monnaieroyale.com\/?lang=en"},{"@type":"ListItem","position":2,"name":"Shop","item":"https:\/\/www.monnaieroyale.com\/shop\/?lang=en"},{"@type":"ListItem","position":3,"name":"Pr\u00e9cieuse Feuille d\u2019\u00e9rable en argent : Marque priv\u00e9e Loup &#8211; Pi\u00e8ce de 1 oz en argent pur \u00e0 99,99 % 2026 (pi\u00e8ce d\u2019investissement haut de gamme)"}]},{"@type":"WebSite","@id":"https:\/\/www.monnaieroyale.com\/#website","url":"https:\/\/www.monnaieroyale.com\/","name":"Monnaie Collection Royale","description":"","publisher":{"@id":"https:\/\/www.monnaieroyale.com\/#organization"},"potentialAction":[{"@type":"SearchAction","target":{"@type":"EntryPoint","urlTemplate":"https:\/\/www.monnaieroyale.com\/?s={search_term_string}"},"query-input":{"@type":"PropertyValueSpecification","valueRequired":true,"valueName":"search_term_string"}}],"inLanguage":"en-US"},{"@type":"Organization","@id":"https:\/\/www.monnaieroyale.com\/#organization","name":"Monnaie Collection Royale","url":"https:\/\/www.monnaieroyale.com\/","logo":{"@type":"ImageObject","inLanguage":"en-US","@id":"https:\/\/www.monnaieroyale.com\/#\/schema\/logo\/image\/","url":"https:\/\/www.monnaieroyale.com\/wp-content\/uploads\/2018\/02\/logo-mcr-rmc.jpg","contentUrl":"https:\/\/www.monnaieroyale.com\/wp-content\/uploads\/2018\/02\/logo-mcr-rmc.jpg","width":1412,"height":365,"caption":"Monnaie Collection Royale"},"image":{"@id":"https:\/\/www.monnaieroyale.com\/#\/schema\/logo\/image\/"}}]}},"_links":{"self":[{"href":"https:\/\/www.monnaieroyale.com\/en\/wp-json\/wp\/v2\/product\/20961","targetHints":{"allow":["GET"]}}],"collection":[{"href":"https:\/\/www.monnaieroyale.com\/en\/wp-json\/wp\/v2\/product"}],"about":[{"href":"https:\/\/www.monnaieroyale.com\/en\/wp-json\/wp\/v2\/types\/product"}],"replies":[{"embeddable":true,"href":"https:\/\/www.monnaieroyale.com\/en\/wp-json\/wp\/v2\/comments?post=20961"}],"wp:featuredmedia":[{"embeddable":true,"href":"https:\/\/www.monnaieroyale.com\/en\/wp-json\/wp\/v2\/media\/21119"}],"wp:attachment":[{"href":"https:\/\/www.monnaieroyale.com\/en\/wp-json\/wp\/v2\/media?parent=20961"}],"wp:term":[{"taxonomy":"product_brand","embeddable":true,"href":"https:\/\/www.monnaieroyale.com\/en\/wp-json\/wp\/v2\/product_brand?post=20961"},{"taxonomy":"product_cat","embeddable":true,"href":"https:\/\/www.monnaieroyale.com\/en\/wp-json\/wp\/v2\/product_cat?post=20961"},{"taxonomy":"product_tag","embeddable":true,"href":"https:\/\/www.monnaieroyale.com\/en\/wp-json\/wp\/v2\/product_tag?post=20961"}],"curies":[{"name":"wp","href":"https:\/\/api.w.org\/{rel}","templated":true}]}}