 {"id":20960,"date":"2025-12-22T15:18:37","date_gmt":"2025-12-22T20:18:37","guid":{"rendered":"https:\/\/mrc.2dev.ca\/product\/1-oz-gold-bar-royal-canadian-mint\/"},"modified":"2026-04-15T09:55:43","modified_gmt":"2026-04-15T13:55:43","slug":"1-once-lingot-or-monnaie-royale-canadienne","status":"publish","type":"product","link":"https:\/\/www.monnaieroyale.com\/en\/product\/1-once-lingot-or-monnaie-royale-canadienne\/","title":{"rendered":"1 once Lingot d&#8217;or | Monnaie royale canadienne"},"content":{"rendered":"<div class=\"ewa-rteLine\"><\/div>\n<div class=\"ewa-rteLine\">\n<p><strong>CARACT\u00c9RISTIQUES DU LINGOT<\/strong><\/p>\n<\/div>\n<div class=\"ewa-rteLine\"><\/div>\n<div class=\"ewa-rteLine\">\n<div class=\"ewa-rteLine\">Compos\u00e9 de 1 once d&#8217;or fin 9999. Exp\u00e9di\u00e9e individuellement dans un emballage de protection.<\/div>\n<ul>\n<li class=\"ewa-rteLine\"><strong>Avers :<\/strong> Contient le logo de la Monnaie royale canadienne ainsi que le poids et la puret\u00e9 du m\u00e9tal et un num\u00e9ro de s\u00e9rie unique pos\u00e9 sur des lignes verticales micro-grav\u00e9es.<\/li>\n<li class=\"ewa-rteLine\"><strong>Revers :<\/strong> contient le logo de la Monnaie royale canadienne en un motif r\u00e9p\u00e9t\u00e9, pos\u00e9 sur des lignes verticales micro-grav\u00e9es.<\/li>\n<\/ul>\n<div class=\"ewa-rteLine\">\n<p>Ce lingot dispose de caract\u00e9ristiques de s\u00e9curit\u00e9 de pointe, telles que des feuilles d&#8217;\u00e9rable micro-grav\u00e9es dont l&#8217;ann\u00e9e est inscrite \u00e0 l\u2019int\u00e9rieur<\/p>\n<\/div>\n<div class=\"ewa-rteLine\">\n<table style=\"border-collapse: collapse; width: 58.5203%; height: 216px;\">\n<tbody>\n<tr style=\"height: 24px;\">\n<td style=\"width: 22.3094%; height: 24px;\">Code<\/td>\n<td style=\"width: 46.6735%; height: 24px;\">4479<\/td>\n<\/tr>\n<tr style=\"height: 24px;\">\n<td style=\"width: 22.3094%; height: 24px;\">Finition<\/td>\n<td style=\"width: 46.6735%; height: 24px;\">Brillant<\/td>\n<\/tr>\n<tr style=\"height: 24px;\">\n<td style=\"width: 22.3094%; height: 24px;\">Puret\u00e9<\/td>\n<td style=\"width: 46.6735%; height: 24px;\">.9999<\/td>\n<\/tr>\n<tr style=\"height: 24px;\">\n<td style=\"width: 22.3094%; height: 24px;\">Pays<\/td>\n<td style=\"width: 46.6735%; height: 24px;\">Canada<\/td>\n<\/tr>\n<tr style=\"height: 24px;\">\n<td style=\"width: 22.3094%; height: 24px;\">Fabricant<\/td>\n<td style=\"width: 46.6735%; height: 24px;\">Monnaie Royale Canadienne<\/td>\n<\/tr>\n<tr style=\"height: 24px;\">\n<td style=\"width: 22.3094%; height: 24px;\">Poids<\/td>\n<td style=\"width: 46.6735%; height: 24px;\">1 once<\/td>\n<\/tr>\n<tr style=\"height: 24px;\">\n<td style=\"width: 22.3094%; height: 24px;\">Dimensions<\/td>\n<td style=\"width: 46.6735%; height: 24px;\">50,5 x 29,7 x 1,7 mm<\/td>\n<\/tr>\n<tr>\n<td style=\"width: 22.3094%;\">\u00c9paisseur moyenne<\/td>\n<td style=\"width: 46.6735%;\">1,7 mm<\/td>\n<\/tr>\n<\/tbody>\n<\/table>\n<\/div>\n<div class=\"ewa-rteLine\">\n<p>&nbsp;<\/p>\n<\/div>\n<div>\n<hr \/>\n<\/div>\n<div class=\"ewa-rteLine\"><strong>\u00c0 PROPOS DE LA MONNAIE ROYALE CANADIENNE\u00a0<\/strong><\/div>\n<\/div>\n<div class=\"ewa-rteLine\">\n<p>La Monnaie royale canadienne est connue pour \u00eatre l&#8217;une des monnaies les plus r\u00e9put\u00e9es au monde. La succursale d&#8217;Ottawa de la Monnaie royale a ouvert ses portes en 1908 et a \u00e9t\u00e9 rebaptis\u00e9e Monnaie royale canadienne en 1931 lorsque le contr\u00f4le a \u00e9t\u00e9 transf\u00e9r\u00e9 au gouvernement canadien. Ses normes \u00e9lev\u00e9es d&#8217;excellence et de qualit\u00e9 lui ont permis d&#8217;\u00eatre la premi\u00e8re raffinerie \u00e0 fabriquer des pi\u00e8ces d&#8217;investissement en or d&#8217;une puret\u00e9 de 9999 en 1982, ainsi que la premi\u00e8re \u00e0 atteindre une puret\u00e9 d&#8217;or de 99999 en 1998.<\/p>\n<\/div>\n","protected":false},"excerpt":{"rendered":"<p>La Monnaie royale canadienne est mondialement r\u00e9put\u00e9e pour la qualit\u00e9 et la puret\u00e9 de ses lingots d&#8217;or et d&#8217;argent. Prot\u00e9gez vos \u00e9conomies avec l&#8217;un des lingots d&#8217;or les plus reconnus au monde.<\/p>\n","protected":false},"featured_media":21064,"comment_status":"closed","ping_status":"closed","template":"","meta":{"content-type":""},"product_brand":[],"product_cat":[521,514],"product_tag":[],"class_list":{"0":"post-20960","1":"product","2":"type-product","3":"status-publish","4":"has-post-thumbnail","6":"product_cat-gold-bars","7":"product_cat-gold-products","10":"first","11":"instock","12":"featured","13":"purchasable","14":"product-type-simple"},"yoast_head":"<!-- This site is optimized with the Yoast SEO plugin v27.4 - https:\/\/yoast.com\/product\/yoast-seo-wordpress\/ -->\n<title>1 once Lingot d&#039;or | Monnaie royale canadienne - Monnaie Collection Royale<\/title>\n<meta name=\"description\" content=\"La Monnaie royale canadienne est mondialement r\u00e9put\u00e9e pour la qualit\u00e9 et la puret\u00e9 de ses lingots d&#039;or et d&#039;argent. Prot\u00e9gez vos \u00e9conomies avec l&#039;un des lingots d&#039;or les plus reconnus au monde.\" \/>\n<meta name=\"robots\" content=\"index, follow, max-snippet:-1, max-image-preview:large, max-video-preview:-1\" \/>\n<link rel=\"canonical\" href=\"https:\/\/www.monnaieroyale.com\/product\/1-once-lingot-or-monnaie-royale-canadienne\/?lang=en\" \/>\n<meta property=\"og:locale\" content=\"en_US\" \/>\n<meta property=\"og:type\" content=\"article\" \/>\n<meta property=\"og:title\" content=\"1 once Lingot d&#039;or | Monnaie royale canadienne - Monnaie Collection Royale\" \/>\n<meta property=\"og:description\" content=\"La Monnaie royale canadienne est mondialement r\u00e9put\u00e9e pour la qualit\u00e9 et la puret\u00e9 de ses lingots d&#039;or et d&#039;argent. Prot\u00e9gez vos \u00e9conomies avec l&#039;un des lingots d&#039;or les plus reconnus au monde.\" \/>\n<meta property=\"og:url\" content=\"https:\/\/www.monnaieroyale.com\/product\/1-once-lingot-or-monnaie-royale-canadienne\/?lang=en\" \/>\n<meta property=\"og:site_name\" content=\"Monnaie Collection Royale\" \/>\n<meta property=\"article:modified_time\" content=\"2026-04-15T13:55:43+00:00\" \/>\n<meta name=\"twitter:card\" content=\"summary_large_image\" \/>\n<meta name=\"twitter:label1\" content=\"Est. reading time\" \/>\n\t<meta name=\"twitter:data1\" content=\"1 minute\" \/>\n<script type=\"application\/ld+json\" class=\"yoast-schema-graph\">{\"@context\":\"https:\\\/\\\/schema.org\",\"@graph\":[{\"@type\":\"WebPage\",\"@id\":\"https:\\\/\\\/www.monnaieroyale.com\\\/product\\\/1-once-lingot-or-monnaie-royale-canadienne\\\/?lang=en\",\"url\":\"https:\\\/\\\/www.monnaieroyale.com\\\/product\\\/1-once-lingot-or-monnaie-royale-canadienne\\\/?lang=en\",\"name\":\"1 once Lingot d'or | Monnaie royale canadienne - Monnaie Collection Royale\",\"isPartOf\":{\"@id\":\"https:\\\/\\\/www.monnaieroyale.com\\\/#website\"},\"primaryImageOfPage\":{\"@id\":\"https:\\\/\\\/www.monnaieroyale.com\\\/product\\\/1-once-lingot-or-monnaie-royale-canadienne\\\/?lang=en#primaryimage\"},\"image\":{\"@id\":\"https:\\\/\\\/www.monnaieroyale.com\\\/product\\\/1-once-lingot-or-monnaie-royale-canadienne\\\/?lang=en#primaryimage\"},\"thumbnailUrl\":\"https:\\\/\\\/www.monnaieroyale.com\\\/wp-content\\\/uploads\\\/2025\\\/12\\\/1-once-lingot-or-monnaie-royale-canadienne-1-monnaie-collection-royale.avif\",\"datePublished\":\"2025-12-22T20:18:37+00:00\",\"dateModified\":\"2026-04-15T13:55:43+00:00\",\"description\":\"La Monnaie royale canadienne est mondialement r\u00e9put\u00e9e pour la qualit\u00e9 et la puret\u00e9 de ses lingots d'or et d'argent. Prot\u00e9gez vos \u00e9conomies avec l'un des lingots d'or les plus reconnus au monde.\",\"breadcrumb\":{\"@id\":\"https:\\\/\\\/www.monnaieroyale.com\\\/product\\\/1-once-lingot-or-monnaie-royale-canadienne\\\/?lang=en#breadcrumb\"},\"inLanguage\":\"en-US\",\"potentialAction\":[{\"@type\":\"ReadAction\",\"target\":[\"https:\\\/\\\/www.monnaieroyale.com\\\/product\\\/1-once-lingot-or-monnaie-royale-canadienne\\\/?lang=en\"]}]},{\"@type\":\"ImageObject\",\"inLanguage\":\"en-US\",\"@id\":\"https:\\\/\\\/www.monnaieroyale.com\\\/product\\\/1-once-lingot-or-monnaie-royale-canadienne\\\/?lang=en#primaryimage\",\"url\":\"https:\\\/\\\/www.monnaieroyale.com\\\/wp-content\\\/uploads\\\/2025\\\/12\\\/1-once-lingot-or-monnaie-royale-canadienne-1-monnaie-collection-royale.avif\",\"contentUrl\":\"https:\\\/\\\/www.monnaieroyale.com\\\/wp-content\\\/uploads\\\/2025\\\/12\\\/1-once-lingot-or-monnaie-royale-canadienne-1-monnaie-collection-royale.avif\",\"width\":500,\"height\":500,\"caption\":\"1-once-lingot-or-monnaie-royale-canadienne\"},{\"@type\":\"BreadcrumbList\",\"@id\":\"https:\\\/\\\/www.monnaieroyale.com\\\/product\\\/1-once-lingot-or-monnaie-royale-canadienne\\\/?lang=en#breadcrumb\",\"itemListElement\":[{\"@type\":\"ListItem\",\"position\":1,\"name\":\"Accueil\",\"item\":\"https:\\\/\\\/www.monnaieroyale.com\\\/?lang=en\"},{\"@type\":\"ListItem\",\"position\":2,\"name\":\"Shop\",\"item\":\"https:\\\/\\\/www.monnaieroyale.com\\\/shop\\\/?lang=en\"},{\"@type\":\"ListItem\",\"position\":3,\"name\":\"1 once Lingot d&#8217;or | Monnaie royale canadienne\"}]},{\"@type\":\"WebSite\",\"@id\":\"https:\\\/\\\/www.monnaieroyale.com\\\/#website\",\"url\":\"https:\\\/\\\/www.monnaieroyale.com\\\/\",\"name\":\"Monnaie Collection Royale\",\"description\":\"\",\"publisher\":{\"@id\":\"https:\\\/\\\/www.monnaieroyale.com\\\/#organization\"},\"potentialAction\":[{\"@type\":\"SearchAction\",\"target\":{\"@type\":\"EntryPoint\",\"urlTemplate\":\"https:\\\/\\\/www.monnaieroyale.com\\\/?s={search_term_string}\"},\"query-input\":{\"@type\":\"PropertyValueSpecification\",\"valueRequired\":true,\"valueName\":\"search_term_string\"}}],\"inLanguage\":\"en-US\"},{\"@type\":\"Organization\",\"@id\":\"https:\\\/\\\/www.monnaieroyale.com\\\/#organization\",\"name\":\"Monnaie Collection Royale\",\"url\":\"https:\\\/\\\/www.monnaieroyale.com\\\/\",\"logo\":{\"@type\":\"ImageObject\",\"inLanguage\":\"en-US\",\"@id\":\"https:\\\/\\\/www.monnaieroyale.com\\\/#\\\/schema\\\/logo\\\/image\\\/\",\"url\":\"https:\\\/\\\/www.monnaieroyale.com\\\/wp-content\\\/uploads\\\/2018\\\/02\\\/logo-mcr-rmc.jpg\",\"contentUrl\":\"https:\\\/\\\/www.monnaieroyale.com\\\/wp-content\\\/uploads\\\/2018\\\/02\\\/logo-mcr-rmc.jpg\",\"width\":1412,\"height\":365,\"caption\":\"Monnaie Collection Royale\"},\"image\":{\"@id\":\"https:\\\/\\\/www.monnaieroyale.com\\\/#\\\/schema\\\/logo\\\/image\\\/\"}}]}<\/script>\n<!-- \/ Yoast SEO plugin. -->","yoast_head_json":{"title":"1 once Lingot d'or | Monnaie royale canadienne - Monnaie Collection Royale","description":"La Monnaie royale canadienne est mondialement r\u00e9put\u00e9e pour la qualit\u00e9 et la puret\u00e9 de ses lingots d'or et d'argent. Prot\u00e9gez vos \u00e9conomies avec l'un des lingots d'or les plus reconnus au monde.","robots":{"index":"index","follow":"follow","max-snippet":"max-snippet:-1","max-image-preview":"max-image-preview:large","max-video-preview":"max-video-preview:-1"},"canonical":"https:\/\/www.monnaieroyale.com\/product\/1-once-lingot-or-monnaie-royale-canadienne\/?lang=en","og_locale":"en_US","og_type":"article","og_title":"1 once Lingot d'or | Monnaie royale canadienne - Monnaie Collection Royale","og_description":"La Monnaie royale canadienne est mondialement r\u00e9put\u00e9e pour la qualit\u00e9 et la puret\u00e9 de ses lingots d'or et d'argent. Prot\u00e9gez vos \u00e9conomies avec l'un des lingots d'or les plus reconnus au monde.","og_url":"https:\/\/www.monnaieroyale.com\/product\/1-once-lingot-or-monnaie-royale-canadienne\/?lang=en","og_site_name":"Monnaie Collection Royale","article_modified_time":"2026-04-15T13:55:43+00:00","twitter_card":"summary_large_image","twitter_misc":{"Est. reading time":"1 minute"},"schema":{"@context":"https:\/\/schema.org","@graph":[{"@type":"WebPage","@id":"https:\/\/www.monnaieroyale.com\/product\/1-once-lingot-or-monnaie-royale-canadienne\/?lang=en","url":"https:\/\/www.monnaieroyale.com\/product\/1-once-lingot-or-monnaie-royale-canadienne\/?lang=en","name":"1 once Lingot d'or | Monnaie royale canadienne - Monnaie Collection Royale","isPartOf":{"@id":"https:\/\/www.monnaieroyale.com\/#website"},"primaryImageOfPage":{"@id":"https:\/\/www.monnaieroyale.com\/product\/1-once-lingot-or-monnaie-royale-canadienne\/?lang=en#primaryimage"},"image":{"@id":"https:\/\/www.monnaieroyale.com\/product\/1-once-lingot-or-monnaie-royale-canadienne\/?lang=en#primaryimage"},"thumbnailUrl":"https:\/\/www.monnaieroyale.com\/wp-content\/uploads\/2025\/12\/1-once-lingot-or-monnaie-royale-canadienne-1-monnaie-collection-royale.avif","datePublished":"2025-12-22T20:18:37+00:00","dateModified":"2026-04-15T13:55:43+00:00","description":"La Monnaie royale canadienne est mondialement r\u00e9put\u00e9e pour la qualit\u00e9 et la puret\u00e9 de ses lingots d'or et d'argent. Prot\u00e9gez vos \u00e9conomies avec l'un des lingots d'or les plus reconnus au monde.","breadcrumb":{"@id":"https:\/\/www.monnaieroyale.com\/product\/1-once-lingot-or-monnaie-royale-canadienne\/?lang=en#breadcrumb"},"inLanguage":"en-US","potentialAction":[{"@type":"ReadAction","target":["https:\/\/www.monnaieroyale.com\/product\/1-once-lingot-or-monnaie-royale-canadienne\/?lang=en"]}]},{"@type":"ImageObject","inLanguage":"en-US","@id":"https:\/\/www.monnaieroyale.com\/product\/1-once-lingot-or-monnaie-royale-canadienne\/?lang=en#primaryimage","url":"https:\/\/www.monnaieroyale.com\/wp-content\/uploads\/2025\/12\/1-once-lingot-or-monnaie-royale-canadienne-1-monnaie-collection-royale.avif","contentUrl":"https:\/\/www.monnaieroyale.com\/wp-content\/uploads\/2025\/12\/1-once-lingot-or-monnaie-royale-canadienne-1-monnaie-collection-royale.avif","width":500,"height":500,"caption":"1-once-lingot-or-monnaie-royale-canadienne"},{"@type":"BreadcrumbList","@id":"https:\/\/www.monnaieroyale.com\/product\/1-once-lingot-or-monnaie-royale-canadienne\/?lang=en#breadcrumb","itemListElement":[{"@type":"ListItem","position":1,"name":"Accueil","item":"https:\/\/www.monnaieroyale.com\/?lang=en"},{"@type":"ListItem","position":2,"name":"Shop","item":"https:\/\/www.monnaieroyale.com\/shop\/?lang=en"},{"@type":"ListItem","position":3,"name":"1 once Lingot d&#8217;or | Monnaie royale canadienne"}]},{"@type":"WebSite","@id":"https:\/\/www.monnaieroyale.com\/#website","url":"https:\/\/www.monnaieroyale.com\/","name":"Monnaie Collection Royale","description":"","publisher":{"@id":"https:\/\/www.monnaieroyale.com\/#organization"},"potentialAction":[{"@type":"SearchAction","target":{"@type":"EntryPoint","urlTemplate":"https:\/\/www.monnaieroyale.com\/?s={search_term_string}"},"query-input":{"@type":"PropertyValueSpecification","valueRequired":true,"valueName":"search_term_string"}}],"inLanguage":"en-US"},{"@type":"Organization","@id":"https:\/\/www.monnaieroyale.com\/#organization","name":"Monnaie Collection Royale","url":"https:\/\/www.monnaieroyale.com\/","logo":{"@type":"ImageObject","inLanguage":"en-US","@id":"https:\/\/www.monnaieroyale.com\/#\/schema\/logo\/image\/","url":"https:\/\/www.monnaieroyale.com\/wp-content\/uploads\/2018\/02\/logo-mcr-rmc.jpg","contentUrl":"https:\/\/www.monnaieroyale.com\/wp-content\/uploads\/2018\/02\/logo-mcr-rmc.jpg","width":1412,"height":365,"caption":"Monnaie Collection Royale"},"image":{"@id":"https:\/\/www.monnaieroyale.com\/#\/schema\/logo\/image\/"}}]}},"_links":{"self":[{"href":"https:\/\/www.monnaieroyale.com\/en\/wp-json\/wp\/v2\/product\/20960","targetHints":{"allow":["GET"]}}],"collection":[{"href":"https:\/\/www.monnaieroyale.com\/en\/wp-json\/wp\/v2\/product"}],"about":[{"href":"https:\/\/www.monnaieroyale.com\/en\/wp-json\/wp\/v2\/types\/product"}],"replies":[{"embeddable":true,"href":"https:\/\/www.monnaieroyale.com\/en\/wp-json\/wp\/v2\/comments?post=20960"}],"wp:featuredmedia":[{"embeddable":true,"href":"https:\/\/www.monnaieroyale.com\/en\/wp-json\/wp\/v2\/media\/21064"}],"wp:attachment":[{"href":"https:\/\/www.monnaieroyale.com\/en\/wp-json\/wp\/v2\/media?parent=20960"}],"wp:term":[{"taxonomy":"product_brand","embeddable":true,"href":"https:\/\/www.monnaieroyale.com\/en\/wp-json\/wp\/v2\/product_brand?post=20960"},{"taxonomy":"product_cat","embeddable":true,"href":"https:\/\/www.monnaieroyale.com\/en\/wp-json\/wp\/v2\/product_cat?post=20960"},{"taxonomy":"product_tag","embeddable":true,"href":"https:\/\/www.monnaieroyale.com\/en\/wp-json\/wp\/v2\/product_tag?post=20960"}],"curies":[{"name":"wp","href":"https:\/\/api.w.org\/{rel}","templated":true}]}}