 {"id":20959,"date":"2025-12-22T15:18:37","date_gmt":"2025-12-22T20:18:37","guid":{"rendered":"https:\/\/mrc.2dev.ca\/product\/1-oz-2026-canadian-maple-leaf-gold-coin-royal-canadian-mint\/"},"modified":"2026-04-15T10:46:02","modified_gmt":"2026-04-15T14:46:02","slug":"piece-1-once-or-feuille-derable-canadienne-2026-monnaie-royale-canadienne","status":"publish","type":"product","link":"https:\/\/www.monnaieroyale.com\/en\/product\/piece-1-once-or-feuille-derable-canadienne-2026-monnaie-royale-canadienne\/","title":{"rendered":"Pi\u00e8ce 1 once d&#8217;or Feuille d&#8217;\u00e9rable canadienne 2026 | Monnaie Royale Canadienne"},"content":{"rendered":"<p><strong>CARACT\u00c9RISTIQUES DE LA PI\u00c8CE<\/strong><\/p>\n<div class=\"ewa-rteLine\"><\/div>\n<div class=\"ewa-rteLine\">\n<p>Compos\u00e9 de 1 once d&#8217;or fin 9999. G\u00e9n\u00e9ralement exp\u00e9di\u00e9es individuellement dans une pochette \u00e0 rabat en plastique ; Les multiples de 10 sont g\u00e9n\u00e9ralement exp\u00e9di\u00e9s dans un tube ; Les multiples de 500 sont g\u00e9n\u00e9ralement exp\u00e9di\u00e9s dans une bo\u00eete \u00ab Monster box \u00bb<\/p>\n<ul>\n<li class=\"ewa-rteLine\"><strong>Avers :<\/strong> Pr\u00e9sente l&#8217;effigie de Sa Majest\u00e9 le roi Charles III sur les s\u00e9ries Feuille d&#8217;\u00e9rable<\/li>\n<li class=\"ewa-rteLine\"><strong>Revers :<\/strong> Contient une repr\u00e9sentation d&#8217;une feuille d&#8217;\u00e9rable textur\u00e9e, embl\u00e8me national du Canada, ainsi que le poids et la puret\u00e9 du m\u00e9tal inscrits sur des lignes radiales micro-grav\u00e9es<\/li>\n<\/ul>\n<div class=\"ewa-rteLine\">\n<p>Cette superbe pi\u00e8ce a un \u00e9clat sans pareil, notamment des lignes radiales r\u00e9fractant la lumi\u00e8re, un t\u00e9moignage du penchant de la Monnaie royale canadienne pour l&#8217;innovation et le design. Des caract\u00e9ristiques de s\u00e9curit\u00e9 am\u00e9lior\u00e9es telles que la technologie ADN pour produits d&#8217;investissement de la Monnaie royale canadienne signifient que chaque pi\u00e8ce de 1 once contient une marque d&#8217;atelier unique avec une microgravure de l&#8217;ann\u00e9e de sa sortie, visible qu&#8217;au grossissement. Tout cela est combin\u00e9 \u00e0 un motif de feuille d&#8217;\u00e9rable immacul\u00e9, qui perdure depuis sa sortie initiale.<\/p>\n<\/div>\n<div class=\"ewa-rteLine\">\n<p>Une feuille d&#8217;\u00e9rable \u00e0 sucre, embl\u00e8me national du Canada et m\u00e9taphore id\u00e9ale du Grand Nord, est illustr\u00e9 au revers. La feuille d&#8217;\u00e9rable est belle, r\u00e9sistante, omnipr\u00e9sente dans tout le pays et poss\u00e8de une gamme vari\u00e9e d&#8217;esp\u00e8ces. Cette repr\u00e9sentation t\u00e9moigne de la qualit\u00e9 in\u00e9gal\u00e9e de la Monnaie royale canadienne, qui accorde une attention m\u00e9ticuleuse aux d\u00e9tails, qu&#8217;il s&#8217;agisse de la texture de la feuille, de sa forme unique ou de ses nervures. Le champ de la pi\u00e8ce est orn\u00e9 de lignes micro-radiales r\u00e9fractaires \u00e0 la lumi\u00e8re, avec la marque d&#8217;atelier, le type et le poids du m\u00e9tal, ainsi que la puret\u00e9.<\/p>\n<\/div>\n<div class=\"ewa-rteLine\">\n<p>&nbsp;<\/p>\n<table style=\"border-collapse: collapse; width: 58.5203%; height: 216px;\">\n<tbody>\n<tr style=\"height: 24px;\">\n<td style=\"width: 22.3094%; height: 24px;\">Code<\/td>\n<td style=\"width: 46.6735%; height: 24px;\">11041<\/td>\n<\/tr>\n<tr style=\"height: 24px;\">\n<td style=\"width: 22.3094%; height: 24px;\">Ann\u00e9e<\/td>\n<td style=\"width: 46.6735%; height: 24px;\">2025<\/td>\n<\/tr>\n<tr style=\"height: 24px;\">\n<td style=\"width: 22.3094%; height: 24px;\">Finition<\/td>\n<td style=\"width: 46.6735%; height: 24px;\">Brillant<\/td>\n<\/tr>\n<tr style=\"height: 24px;\">\n<td style=\"width: 22.3094%; height: 24px;\">Puret\u00e9<\/td>\n<td style=\"width: 46.6735%; height: 24px;\">.9999<\/td>\n<\/tr>\n<tr style=\"height: 24px;\">\n<td style=\"width: 22.3094%; height: 24px;\">Pays<\/td>\n<td style=\"width: 46.6735%; height: 24px;\">Canada<\/td>\n<\/tr>\n<tr style=\"height: 24px;\">\n<td style=\"width: 22.3094%; height: 24px;\">Fabricant<\/td>\n<td style=\"width: 46.6735%; height: 24px;\">Monnaie Royale Canadienne<\/td>\n<\/tr>\n<tr style=\"height: 24px;\">\n<td style=\"width: 22.3094%; height: 24px;\">Artiste<\/td>\n<td style=\"width: 46.6735%; height: 24px;\">Walter Ott (Revers), Susanna Blunt (Avers)<\/td>\n<\/tr>\n<tr style=\"height: 24px;\">\n<td style=\"width: 22.3094%; height: 24px;\">Poids<\/td>\n<td style=\"width: 46.6735%; height: 24px;\">1 once<\/td>\n<\/tr>\n<tr style=\"height: 24px;\">\n<td style=\"width: 22.3094%; height: 24px;\">Diam\u00e8tre<\/td>\n<td style=\"width: 46.6735%; height: 24px;\">30 mm<\/td>\n<\/tr>\n<tr>\n<td style=\"width: 22.3094%;\">\u00c9paisseur moyenne<\/td>\n<td style=\"width: 46.6735%;\">2,8 mm<\/td>\n<\/tr>\n<\/tbody>\n<\/table>\n<\/div>\n<div class=\"ewa-rteLine\"><strong><strong><strong><strong><br \/>\n\u00c0 PROPOS DES PI\u00c8CES FEUILLE D&#8217;\u00c9RABLE EN OR<\/strong><\/strong><\/strong><\/strong><\/div>\n<div class=\"ewa-rteLine\">\n<p>Les pi\u00e8ces Feuille d&#8217;\u00e9rable en or de la Monnaie royale canadienne comptent parmi les pi\u00e8ces d&#8217;or pur les plus populaires au monde, avec plus de 25 millions d&#8217;onces troy vendues depuis leur introduction en 1979. La feuille d&#8217;\u00e9rable en or a \u00e9galement \u00e9t\u00e9 la premi\u00e8re pi\u00e8ce d&#8217;investissement \u00e0 atteindre la norme de puret\u00e9 \u00e9lev\u00e9e de 9999. Toutes les pi\u00e8ces d&#8217;investissement en or pur \u00e0 9999 dat\u00e9es de 2025 pr\u00e9senteront trois caract\u00e9ristiques uniques pour une s\u00e9curit\u00e9 accrue : des lignes radiales, une feuille d&#8217;\u00e9rable micro-grav\u00e9e et la technologie ADN anti-contrefa\u00e7on\u2122.<\/p>\n<\/div>\n<div>\n<hr \/>\n<\/div>\n<div class=\"ewa-rteLine\"><strong>\u00c0 PROPOS DE LA MONNAIE ROYALE CANADIENNE\u00a0<\/strong><\/div>\n<\/div>\n<div class=\"ewa-rteLine\">\n<p>La Monnaie royale canadienne est connue pour \u00eatre l&#8217;une des monnaies les plus r\u00e9put\u00e9es au monde. La succursale d&#8217;Ottawa de la Monnaie royale a ouvert ses portes en 1908 et a \u00e9t\u00e9 rebaptis\u00e9e Monnaie royale canadienne en 1931 lorsque le contr\u00f4le a \u00e9t\u00e9 transf\u00e9r\u00e9 au gouvernement canadien. Ses normes \u00e9lev\u00e9es d&#8217;excellence et de qualit\u00e9 lui ont permis d&#8217;\u00eatre la premi\u00e8re raffinerie \u00e0 fabriquer des pi\u00e8ces d&#8217;investissement en or d&#8217;une puret\u00e9 de 9999 en 1982, ainsi que la premi\u00e8re \u00e0 atteindre une puret\u00e9 d&#8217;or de 99999 en 1998.<\/p>\n<\/div>\n","protected":false},"excerpt":{"rendered":"<p>La pi\u00e8ce d&#8217;or Feuille d&#8217;\u00e9rable canadienne de 1 once 2026 de la <span data-processed=\"true\">Monnaie royale canadienne<\/span> est un produit d&#8217;investissement haut de gamme, r\u00e9put\u00e9e pour sa puret\u00e9 d&#8217;or pur \u00e0 99,999 %, la plus \u00e9lev\u00e9e disponible, et est livr\u00e9e dans un emballage sp\u00e9cial avec un certificat d&#8217;authenticit\u00e9. Elle est reconnaissable \u00e0 son design classique de feuille d&#8217;\u00e9rable et pr\u00e9sente des lignes radiales pour la s\u00e9curit\u00e9, un poids garanti (31,103 g).<\/p>\n","protected":false},"featured_media":21164,"comment_status":"closed","ping_status":"closed","template":"","meta":{"content-type":""},"product_brand":[],"product_cat":[525,514],"product_tag":[],"class_list":{"0":"post-20959","1":"product","2":"type-product","3":"status-publish","4":"has-post-thumbnail","6":"product_cat-gold-coins","7":"product_cat-gold-products","10":"first","11":"instock","12":"featured","13":"purchasable","14":"product-type-simple"},"yoast_head":"<!-- This site is optimized with the Yoast SEO plugin v27.4 - https:\/\/yoast.com\/product\/yoast-seo-wordpress\/ -->\n<title>Pi\u00e8ce 1 once d&#039;or Feuille d&#039;\u00e9rable canadienne 2026 | Monnaie Royale Canadienne - Monnaie Collection Royale<\/title>\n<meta name=\"description\" content=\"La pi\u00e8ce d&#039;or Feuille d&#039;\u00e9rable canadienne de 1 once 2026 de la Monnaie royale canadienne est un produit d&#039;investissement haut de gamme, r\u00e9put\u00e9e pour sa puret\u00e9 d&#039;or pur \u00e0 99,999 %, la plus \u00e9lev\u00e9e disponible, et est livr\u00e9e dans un emballage sp\u00e9cial avec un certificat d&#039;authenticit\u00e9. Elle est reconnaissable \u00e0 son design classique de feuille d&#039;\u00e9rable et pr\u00e9sente des lignes radiales pour la s\u00e9curit\u00e9, un poids garanti (31,103 g).\" \/>\n<meta name=\"robots\" content=\"index, follow, max-snippet:-1, max-image-preview:large, max-video-preview:-1\" \/>\n<link rel=\"canonical\" href=\"https:\/\/www.monnaieroyale.com\/product\/piece-1-once-or-feuille-derable-canadienne-2026-monnaie-royale-canadienne\/?lang=en\" \/>\n<meta property=\"og:locale\" content=\"en_US\" \/>\n<meta property=\"og:type\" content=\"article\" \/>\n<meta property=\"og:title\" content=\"Pi\u00e8ce 1 once d&#039;or Feuille d&#039;\u00e9rable canadienne 2026 | Monnaie Royale Canadienne - Monnaie Collection Royale\" \/>\n<meta property=\"og:description\" content=\"La pi\u00e8ce d&#039;or Feuille d&#039;\u00e9rable canadienne de 1 once 2026 de la Monnaie royale canadienne est un produit d&#039;investissement haut de gamme, r\u00e9put\u00e9e pour sa puret\u00e9 d&#039;or pur \u00e0 99,999 %, la plus \u00e9lev\u00e9e disponible, et est livr\u00e9e dans un emballage sp\u00e9cial avec un certificat d&#039;authenticit\u00e9. Elle est reconnaissable \u00e0 son design classique de feuille d&#039;\u00e9rable et pr\u00e9sente des lignes radiales pour la s\u00e9curit\u00e9, un poids garanti (31,103 g).\" \/>\n<meta property=\"og:url\" content=\"https:\/\/www.monnaieroyale.com\/product\/piece-1-once-or-feuille-derable-canadienne-2026-monnaie-royale-canadienne\/?lang=en\" \/>\n<meta property=\"og:site_name\" content=\"Monnaie Collection Royale\" \/>\n<meta property=\"article:modified_time\" content=\"2026-04-15T14:46:02+00:00\" \/>\n<meta name=\"twitter:card\" content=\"summary_large_image\" \/>\n<meta name=\"twitter:label1\" content=\"Est. reading time\" \/>\n\t<meta name=\"twitter:data1\" content=\"3 minutes\" \/>\n<script type=\"application\/ld+json\" class=\"yoast-schema-graph\">{\"@context\":\"https:\\\/\\\/schema.org\",\"@graph\":[{\"@type\":\"WebPage\",\"@id\":\"https:\\\/\\\/www.monnaieroyale.com\\\/product\\\/piece-1-once-or-feuille-derable-canadienne-2026-monnaie-royale-canadienne\\\/?lang=en\",\"url\":\"https:\\\/\\\/www.monnaieroyale.com\\\/product\\\/piece-1-once-or-feuille-derable-canadienne-2026-monnaie-royale-canadienne\\\/?lang=en\",\"name\":\"Pi\u00e8ce 1 once d'or Feuille d'\u00e9rable canadienne 2026 | Monnaie Royale Canadienne - Monnaie Collection Royale\",\"isPartOf\":{\"@id\":\"https:\\\/\\\/www.monnaieroyale.com\\\/#website\"},\"primaryImageOfPage\":{\"@id\":\"https:\\\/\\\/www.monnaieroyale.com\\\/product\\\/piece-1-once-or-feuille-derable-canadienne-2026-monnaie-royale-canadienne\\\/?lang=en#primaryimage\"},\"image\":{\"@id\":\"https:\\\/\\\/www.monnaieroyale.com\\\/product\\\/piece-1-once-or-feuille-derable-canadienne-2026-monnaie-royale-canadienne\\\/?lang=en#primaryimage\"},\"thumbnailUrl\":\"https:\\\/\\\/www.monnaieroyale.com\\\/wp-content\\\/uploads\\\/2025\\\/12\\\/piece-1-once-dor-feuille-derable-canadienne-2026-monnaie-royale-canadienne-1-monnaie-collection-royale.avif\",\"datePublished\":\"2025-12-22T20:18:37+00:00\",\"dateModified\":\"2026-04-15T14:46:02+00:00\",\"description\":\"La pi\u00e8ce d'or Feuille d'\u00e9rable canadienne de 1 once 2026 de la Monnaie royale canadienne est un produit d'investissement haut de gamme, r\u00e9put\u00e9e pour sa puret\u00e9 d'or pur \u00e0 99,999 %, la plus \u00e9lev\u00e9e disponible, et est livr\u00e9e dans un emballage sp\u00e9cial avec un certificat d'authenticit\u00e9. Elle est reconnaissable \u00e0 son design classique de feuille d'\u00e9rable et pr\u00e9sente des lignes radiales pour la s\u00e9curit\u00e9, un poids garanti (31,103 g).\",\"breadcrumb\":{\"@id\":\"https:\\\/\\\/www.monnaieroyale.com\\\/product\\\/piece-1-once-or-feuille-derable-canadienne-2026-monnaie-royale-canadienne\\\/?lang=en#breadcrumb\"},\"inLanguage\":\"en-US\",\"potentialAction\":[{\"@type\":\"ReadAction\",\"target\":[\"https:\\\/\\\/www.monnaieroyale.com\\\/product\\\/piece-1-once-or-feuille-derable-canadienne-2026-monnaie-royale-canadienne\\\/?lang=en\"]}]},{\"@type\":\"ImageObject\",\"inLanguage\":\"en-US\",\"@id\":\"https:\\\/\\\/www.monnaieroyale.com\\\/product\\\/piece-1-once-or-feuille-derable-canadienne-2026-monnaie-royale-canadienne\\\/?lang=en#primaryimage\",\"url\":\"https:\\\/\\\/www.monnaieroyale.com\\\/wp-content\\\/uploads\\\/2025\\\/12\\\/piece-1-once-dor-feuille-derable-canadienne-2026-monnaie-royale-canadienne-1-monnaie-collection-royale.avif\",\"contentUrl\":\"https:\\\/\\\/www.monnaieroyale.com\\\/wp-content\\\/uploads\\\/2025\\\/12\\\/piece-1-once-dor-feuille-derable-canadienne-2026-monnaie-royale-canadienne-1-monnaie-collection-royale.avif\",\"width\":500,\"height\":500,\"caption\":\"Pi\u00e8ce 1 once d'or Feuille d'\u00e9rable canadienne 2026 | Monnaie Royale Canadienne\"},{\"@type\":\"BreadcrumbList\",\"@id\":\"https:\\\/\\\/www.monnaieroyale.com\\\/product\\\/piece-1-once-or-feuille-derable-canadienne-2026-monnaie-royale-canadienne\\\/?lang=en#breadcrumb\",\"itemListElement\":[{\"@type\":\"ListItem\",\"position\":1,\"name\":\"Accueil\",\"item\":\"https:\\\/\\\/www.monnaieroyale.com\\\/?lang=en\"},{\"@type\":\"ListItem\",\"position\":2,\"name\":\"Shop\",\"item\":\"https:\\\/\\\/www.monnaieroyale.com\\\/shop\\\/?lang=en\"},{\"@type\":\"ListItem\",\"position\":3,\"name\":\"Pi\u00e8ce 1 once d&#8217;or Feuille d&#8217;\u00e9rable canadienne 2026 | Monnaie Royale Canadienne\"}]},{\"@type\":\"WebSite\",\"@id\":\"https:\\\/\\\/www.monnaieroyale.com\\\/#website\",\"url\":\"https:\\\/\\\/www.monnaieroyale.com\\\/\",\"name\":\"Monnaie Collection Royale\",\"description\":\"\",\"publisher\":{\"@id\":\"https:\\\/\\\/www.monnaieroyale.com\\\/#organization\"},\"potentialAction\":[{\"@type\":\"SearchAction\",\"target\":{\"@type\":\"EntryPoint\",\"urlTemplate\":\"https:\\\/\\\/www.monnaieroyale.com\\\/?s={search_term_string}\"},\"query-input\":{\"@type\":\"PropertyValueSpecification\",\"valueRequired\":true,\"valueName\":\"search_term_string\"}}],\"inLanguage\":\"en-US\"},{\"@type\":\"Organization\",\"@id\":\"https:\\\/\\\/www.monnaieroyale.com\\\/#organization\",\"name\":\"Monnaie Collection Royale\",\"url\":\"https:\\\/\\\/www.monnaieroyale.com\\\/\",\"logo\":{\"@type\":\"ImageObject\",\"inLanguage\":\"en-US\",\"@id\":\"https:\\\/\\\/www.monnaieroyale.com\\\/#\\\/schema\\\/logo\\\/image\\\/\",\"url\":\"https:\\\/\\\/www.monnaieroyale.com\\\/wp-content\\\/uploads\\\/2018\\\/02\\\/logo-mcr-rmc.jpg\",\"contentUrl\":\"https:\\\/\\\/www.monnaieroyale.com\\\/wp-content\\\/uploads\\\/2018\\\/02\\\/logo-mcr-rmc.jpg\",\"width\":1412,\"height\":365,\"caption\":\"Monnaie Collection Royale\"},\"image\":{\"@id\":\"https:\\\/\\\/www.monnaieroyale.com\\\/#\\\/schema\\\/logo\\\/image\\\/\"}}]}<\/script>\n<!-- \/ Yoast SEO plugin. -->","yoast_head_json":{"title":"Pi\u00e8ce 1 once d'or Feuille d'\u00e9rable canadienne 2026 | Monnaie Royale Canadienne - Monnaie Collection Royale","description":"La pi\u00e8ce d'or Feuille d'\u00e9rable canadienne de 1 once 2026 de la Monnaie royale canadienne est un produit d'investissement haut de gamme, r\u00e9put\u00e9e pour sa puret\u00e9 d'or pur \u00e0 99,999 %, la plus \u00e9lev\u00e9e disponible, et est livr\u00e9e dans un emballage sp\u00e9cial avec un certificat d'authenticit\u00e9. Elle est reconnaissable \u00e0 son design classique de feuille d'\u00e9rable et pr\u00e9sente des lignes radiales pour la s\u00e9curit\u00e9, un poids garanti (31,103 g).","robots":{"index":"index","follow":"follow","max-snippet":"max-snippet:-1","max-image-preview":"max-image-preview:large","max-video-preview":"max-video-preview:-1"},"canonical":"https:\/\/www.monnaieroyale.com\/product\/piece-1-once-or-feuille-derable-canadienne-2026-monnaie-royale-canadienne\/?lang=en","og_locale":"en_US","og_type":"article","og_title":"Pi\u00e8ce 1 once d'or Feuille d'\u00e9rable canadienne 2026 | Monnaie Royale Canadienne - Monnaie Collection Royale","og_description":"La pi\u00e8ce d'or Feuille d'\u00e9rable canadienne de 1 once 2026 de la Monnaie royale canadienne est un produit d'investissement haut de gamme, r\u00e9put\u00e9e pour sa puret\u00e9 d'or pur \u00e0 99,999 %, la plus \u00e9lev\u00e9e disponible, et est livr\u00e9e dans un emballage sp\u00e9cial avec un certificat d'authenticit\u00e9. Elle est reconnaissable \u00e0 son design classique de feuille d'\u00e9rable et pr\u00e9sente des lignes radiales pour la s\u00e9curit\u00e9, un poids garanti (31,103 g).","og_url":"https:\/\/www.monnaieroyale.com\/product\/piece-1-once-or-feuille-derable-canadienne-2026-monnaie-royale-canadienne\/?lang=en","og_site_name":"Monnaie Collection Royale","article_modified_time":"2026-04-15T14:46:02+00:00","twitter_card":"summary_large_image","twitter_misc":{"Est. reading time":"3 minutes"},"schema":{"@context":"https:\/\/schema.org","@graph":[{"@type":"WebPage","@id":"https:\/\/www.monnaieroyale.com\/product\/piece-1-once-or-feuille-derable-canadienne-2026-monnaie-royale-canadienne\/?lang=en","url":"https:\/\/www.monnaieroyale.com\/product\/piece-1-once-or-feuille-derable-canadienne-2026-monnaie-royale-canadienne\/?lang=en","name":"Pi\u00e8ce 1 once d'or Feuille d'\u00e9rable canadienne 2026 | Monnaie Royale Canadienne - Monnaie Collection Royale","isPartOf":{"@id":"https:\/\/www.monnaieroyale.com\/#website"},"primaryImageOfPage":{"@id":"https:\/\/www.monnaieroyale.com\/product\/piece-1-once-or-feuille-derable-canadienne-2026-monnaie-royale-canadienne\/?lang=en#primaryimage"},"image":{"@id":"https:\/\/www.monnaieroyale.com\/product\/piece-1-once-or-feuille-derable-canadienne-2026-monnaie-royale-canadienne\/?lang=en#primaryimage"},"thumbnailUrl":"https:\/\/www.monnaieroyale.com\/wp-content\/uploads\/2025\/12\/piece-1-once-dor-feuille-derable-canadienne-2026-monnaie-royale-canadienne-1-monnaie-collection-royale.avif","datePublished":"2025-12-22T20:18:37+00:00","dateModified":"2026-04-15T14:46:02+00:00","description":"La pi\u00e8ce d'or Feuille d'\u00e9rable canadienne de 1 once 2026 de la Monnaie royale canadienne est un produit d'investissement haut de gamme, r\u00e9put\u00e9e pour sa puret\u00e9 d'or pur \u00e0 99,999 %, la plus \u00e9lev\u00e9e disponible, et est livr\u00e9e dans un emballage sp\u00e9cial avec un certificat d'authenticit\u00e9. Elle est reconnaissable \u00e0 son design classique de feuille d'\u00e9rable et pr\u00e9sente des lignes radiales pour la s\u00e9curit\u00e9, un poids garanti (31,103 g).","breadcrumb":{"@id":"https:\/\/www.monnaieroyale.com\/product\/piece-1-once-or-feuille-derable-canadienne-2026-monnaie-royale-canadienne\/?lang=en#breadcrumb"},"inLanguage":"en-US","potentialAction":[{"@type":"ReadAction","target":["https:\/\/www.monnaieroyale.com\/product\/piece-1-once-or-feuille-derable-canadienne-2026-monnaie-royale-canadienne\/?lang=en"]}]},{"@type":"ImageObject","inLanguage":"en-US","@id":"https:\/\/www.monnaieroyale.com\/product\/piece-1-once-or-feuille-derable-canadienne-2026-monnaie-royale-canadienne\/?lang=en#primaryimage","url":"https:\/\/www.monnaieroyale.com\/wp-content\/uploads\/2025\/12\/piece-1-once-dor-feuille-derable-canadienne-2026-monnaie-royale-canadienne-1-monnaie-collection-royale.avif","contentUrl":"https:\/\/www.monnaieroyale.com\/wp-content\/uploads\/2025\/12\/piece-1-once-dor-feuille-derable-canadienne-2026-monnaie-royale-canadienne-1-monnaie-collection-royale.avif","width":500,"height":500,"caption":"Pi\u00e8ce 1 once d'or Feuille d'\u00e9rable canadienne 2026 | Monnaie Royale Canadienne"},{"@type":"BreadcrumbList","@id":"https:\/\/www.monnaieroyale.com\/product\/piece-1-once-or-feuille-derable-canadienne-2026-monnaie-royale-canadienne\/?lang=en#breadcrumb","itemListElement":[{"@type":"ListItem","position":1,"name":"Accueil","item":"https:\/\/www.monnaieroyale.com\/?lang=en"},{"@type":"ListItem","position":2,"name":"Shop","item":"https:\/\/www.monnaieroyale.com\/shop\/?lang=en"},{"@type":"ListItem","position":3,"name":"Pi\u00e8ce 1 once d&#8217;or Feuille d&#8217;\u00e9rable canadienne 2026 | Monnaie Royale Canadienne"}]},{"@type":"WebSite","@id":"https:\/\/www.monnaieroyale.com\/#website","url":"https:\/\/www.monnaieroyale.com\/","name":"Monnaie Collection Royale","description":"","publisher":{"@id":"https:\/\/www.monnaieroyale.com\/#organization"},"potentialAction":[{"@type":"SearchAction","target":{"@type":"EntryPoint","urlTemplate":"https:\/\/www.monnaieroyale.com\/?s={search_term_string}"},"query-input":{"@type":"PropertyValueSpecification","valueRequired":true,"valueName":"search_term_string"}}],"inLanguage":"en-US"},{"@type":"Organization","@id":"https:\/\/www.monnaieroyale.com\/#organization","name":"Monnaie Collection Royale","url":"https:\/\/www.monnaieroyale.com\/","logo":{"@type":"ImageObject","inLanguage":"en-US","@id":"https:\/\/www.monnaieroyale.com\/#\/schema\/logo\/image\/","url":"https:\/\/www.monnaieroyale.com\/wp-content\/uploads\/2018\/02\/logo-mcr-rmc.jpg","contentUrl":"https:\/\/www.monnaieroyale.com\/wp-content\/uploads\/2018\/02\/logo-mcr-rmc.jpg","width":1412,"height":365,"caption":"Monnaie Collection Royale"},"image":{"@id":"https:\/\/www.monnaieroyale.com\/#\/schema\/logo\/image\/"}}]}},"_links":{"self":[{"href":"https:\/\/www.monnaieroyale.com\/en\/wp-json\/wp\/v2\/product\/20959","targetHints":{"allow":["GET"]}}],"collection":[{"href":"https:\/\/www.monnaieroyale.com\/en\/wp-json\/wp\/v2\/product"}],"about":[{"href":"https:\/\/www.monnaieroyale.com\/en\/wp-json\/wp\/v2\/types\/product"}],"replies":[{"embeddable":true,"href":"https:\/\/www.monnaieroyale.com\/en\/wp-json\/wp\/v2\/comments?post=20959"}],"wp:featuredmedia":[{"embeddable":true,"href":"https:\/\/www.monnaieroyale.com\/en\/wp-json\/wp\/v2\/media\/21164"}],"wp:attachment":[{"href":"https:\/\/www.monnaieroyale.com\/en\/wp-json\/wp\/v2\/media?parent=20959"}],"wp:term":[{"taxonomy":"product_brand","embeddable":true,"href":"https:\/\/www.monnaieroyale.com\/en\/wp-json\/wp\/v2\/product_brand?post=20959"},{"taxonomy":"product_cat","embeddable":true,"href":"https:\/\/www.monnaieroyale.com\/en\/wp-json\/wp\/v2\/product_cat?post=20959"},{"taxonomy":"product_tag","embeddable":true,"href":"https:\/\/www.monnaieroyale.com\/en\/wp-json\/wp\/v2\/product_tag?post=20959"}],"curies":[{"name":"wp","href":"https:\/\/api.w.org\/{rel}","templated":true}]}}