 {"id":20958,"date":"2025-12-22T15:18:37","date_gmt":"2025-12-22T20:18:37","guid":{"rendered":"https:\/\/mrc.2dev.ca\/product\/10-gram-gold-bar-royal-canadian-mint\/"},"modified":"2026-04-15T09:55:58","modified_gmt":"2026-04-15T13:55:58","slug":"lingot-10-grammes-or-monnaie-royale-canadienne","status":"publish","type":"product","link":"https:\/\/www.monnaieroyale.com\/en\/product\/lingot-10-grammes-or-monnaie-royale-canadienne\/","title":{"rendered":"Lingot 10 grammes en or | Monnaie royale canadienne"},"content":{"rendered":"<p><strong>CARACT\u00c9RISTIQUES DU LINGOT<\/strong><\/p>\n<div class=\"ewa-rteLine\"><\/div>\n<div class=\"ewa-rteLine\">\n<p>Compos\u00e9 de 10 grammes d&#8217;or fin \u00e0 9999. Exp\u00e9di\u00e9e individuellement dans un emballage de protection.<\/p>\n<ul>\n<li class=\"ewa-rteLine\"><strong>Avers :<\/strong> Contient le logo de la Monnaie royale canadienne ainsi que le poids et la puret\u00e9 du m\u00e9tal et un num\u00e9ro de s\u00e9rie unique pos\u00e9 sur des lignes verticales micro-grav\u00e9es.<\/li>\n<li class=\"ewa-rteLine\"><strong>Revers :<\/strong> Contient le logo de la Monnaie royale canadienne en un motif r\u00e9p\u00e9t\u00e9, pos\u00e9 sur des lignes verticales micro-grav\u00e9es.<\/li>\n<\/ul>\n<div class=\"ewa-rteLine\"><\/div>\n<div class=\"ewa-rteLine\">\n<p>Ce lingot pr\u00e9sente des caract\u00e9ristiques de s\u00e9curit\u00e9 de pointe, notamment des feuilles d&#8217;\u00e9rable micro-grav\u00e9es avec l&#8217;ann\u00e9e inscrite dessus.<\/p>\n<table style=\"border-collapse: collapse; width: 58.5203%; height: 216px;\">\n<tbody>\n<tr style=\"height: 24px;\">\n<td style=\"width: 22.3094%; height: 24px;\">Code<\/td>\n<td style=\"width: 46.6735%; height: 24px;\">10540<\/td>\n<\/tr>\n<tr style=\"height: 24px;\">\n<td style=\"width: 22.3094%; height: 24px;\">Finition<\/td>\n<td style=\"width: 46.6735%; height: 24px;\">Brillant<\/td>\n<\/tr>\n<tr style=\"height: 24px;\">\n<td style=\"width: 22.3094%; height: 24px;\">Puret\u00e9<\/td>\n<td style=\"width: 46.6735%; height: 24px;\">.9999<\/td>\n<\/tr>\n<tr style=\"height: 24px;\">\n<td style=\"width: 22.3094%; height: 24px;\">Pays<\/td>\n<td style=\"width: 46.6735%; height: 24px;\">Canada<\/td>\n<\/tr>\n<tr style=\"height: 24px;\">\n<td style=\"width: 22.3094%; height: 24px;\">Fabricant<\/td>\n<td style=\"width: 46.6735%; height: 24px;\">Monnaie Royale Canadienne<\/td>\n<\/tr>\n<tr style=\"height: 24px;\">\n<td style=\"width: 22.3094%; height: 24px;\">Poids<\/td>\n<td style=\"width: 46.6735%; height: 24px;\">1 once<\/td>\n<\/tr>\n<\/tbody>\n<\/table>\n<\/div>\n<div class=\"ewa-rteLine\">\n<p>&nbsp;<\/p>\n<\/div>\n<div>\n<hr \/>\n<\/div>\n<div class=\"ewa-rteLine\"><strong>\u00c0 PROPOS DE LA MONNAIE ROYALE CANADIENNE\u00a0<\/strong><\/div>\n<\/div>\n<div class=\"ewa-rteLine\">\n<p>La Monnaie royale canadienne est connue pour \u00eatre l&#8217;une des monnaies les plus r\u00e9put\u00e9es au monde. La succursale d&#8217;Ottawa de la Monnaie royale a ouvert ses portes en 1908 et a \u00e9t\u00e9 rebaptis\u00e9e Monnaie royale canadienne en 1931 lorsque le contr\u00f4le a \u00e9t\u00e9 transf\u00e9r\u00e9 au gouvernement canadien. Ses normes \u00e9lev\u00e9es d&#8217;excellence et de qualit\u00e9 lui ont permis d&#8217;\u00eatre la premi\u00e8re raffinerie \u00e0 fabriquer des pi\u00e8ces d&#8217;investissement en or d&#8217;une puret\u00e9 de 9999 en 1982, ainsi que la premi\u00e8re \u00e0 atteindre une puret\u00e9 d&#8217;or de 99999 en 1998.<\/p>\n<\/div>\n","protected":false},"excerpt":{"rendered":"<div class=\"ewa-rteLine\">La Monnaie royale canadienne est r\u00e9put\u00e9e dans le monde pour la qualit\u00e9 et la puret\u00e9 de ses lingots d&#8217;or et d&#8217;argent.<\/div>\n<div class=\"ewa-rteLine\"><\/div>\n<div class=\"ewa-rteLine\">Obtenez votre lingot 10 grammes en or et faites fructifier votre patrimoine d\u00e8s aujourd\u2019hui avec l&#8217;un des lingots d&#8217;or les plus reconnus au monde.<\/div>\n","protected":false},"featured_media":21086,"comment_status":"closed","ping_status":"closed","template":"","meta":{"content-type":""},"product_brand":[],"product_cat":[521,514],"product_tag":[],"class_list":{"0":"post-20958","1":"product","2":"type-product","3":"status-publish","4":"has-post-thumbnail","6":"product_cat-gold-bars","7":"product_cat-gold-products","10":"first","11":"instock","12":"purchasable","13":"product-type-simple"},"yoast_head":"<!-- This site is optimized with the Yoast SEO plugin v27.4 - https:\/\/yoast.com\/product\/yoast-seo-wordpress\/ -->\n<title>Lingot 10 grammes en or | Monnaie royale canadienne - Monnaie Collection Royale<\/title>\n<meta name=\"description\" content=\"La Monnaie royale canadienne est r\u00e9put\u00e9e dans le monde pour la qualit\u00e9 et la puret\u00e9 de ses lingots d&#039;or et d&#039;argent.  Obtenez votre lingot 10 grammes en or et faites fructifier votre patrimoine d\u00e8s aujourd\u2019hui avec l&#039;un des lingots d&#039;or les plus reconnus au monde.\" \/>\n<meta name=\"robots\" content=\"index, follow, max-snippet:-1, max-image-preview:large, max-video-preview:-1\" \/>\n<link rel=\"canonical\" href=\"https:\/\/www.monnaieroyale.com\/product\/lingot-10-grammes-or-monnaie-royale-canadienne\/?lang=en\" \/>\n<meta property=\"og:locale\" content=\"en_US\" \/>\n<meta property=\"og:type\" content=\"article\" \/>\n<meta property=\"og:title\" content=\"Lingot 10 grammes en or | Monnaie royale canadienne - Monnaie Collection Royale\" \/>\n<meta property=\"og:description\" content=\"La Monnaie royale canadienne est r\u00e9put\u00e9e dans le monde pour la qualit\u00e9 et la puret\u00e9 de ses lingots d&#039;or et d&#039;argent.  Obtenez votre lingot 10 grammes en or et faites fructifier votre patrimoine d\u00e8s aujourd\u2019hui avec l&#039;un des lingots d&#039;or les plus reconnus au monde.\" \/>\n<meta property=\"og:url\" content=\"https:\/\/www.monnaieroyale.com\/product\/lingot-10-grammes-or-monnaie-royale-canadienne\/?lang=en\" \/>\n<meta property=\"og:site_name\" content=\"Monnaie Collection Royale\" \/>\n<meta property=\"article:modified_time\" content=\"2026-04-15T13:55:58+00:00\" \/>\n<meta name=\"twitter:card\" content=\"summary_large_image\" \/>\n<meta name=\"twitter:label1\" content=\"Est. reading time\" \/>\n\t<meta name=\"twitter:data1\" content=\"1 minute\" \/>\n<script type=\"application\/ld+json\" class=\"yoast-schema-graph\">{\"@context\":\"https:\\\/\\\/schema.org\",\"@graph\":[{\"@type\":\"WebPage\",\"@id\":\"https:\\\/\\\/www.monnaieroyale.com\\\/product\\\/lingot-10-grammes-or-monnaie-royale-canadienne\\\/?lang=en\",\"url\":\"https:\\\/\\\/www.monnaieroyale.com\\\/product\\\/lingot-10-grammes-or-monnaie-royale-canadienne\\\/?lang=en\",\"name\":\"Lingot 10 grammes en or | Monnaie royale canadienne - Monnaie Collection Royale\",\"isPartOf\":{\"@id\":\"https:\\\/\\\/www.monnaieroyale.com\\\/#website\"},\"primaryImageOfPage\":{\"@id\":\"https:\\\/\\\/www.monnaieroyale.com\\\/product\\\/lingot-10-grammes-or-monnaie-royale-canadienne\\\/?lang=en#primaryimage\"},\"image\":{\"@id\":\"https:\\\/\\\/www.monnaieroyale.com\\\/product\\\/lingot-10-grammes-or-monnaie-royale-canadienne\\\/?lang=en#primaryimage\"},\"thumbnailUrl\":\"https:\\\/\\\/www.monnaieroyale.com\\\/wp-content\\\/uploads\\\/2025\\\/12\\\/lingot-10-grammes-en-or-monnaie-royale-canadienne-1-monnaie-collection-royale.avif\",\"datePublished\":\"2025-12-22T20:18:37+00:00\",\"dateModified\":\"2026-04-15T13:55:58+00:00\",\"description\":\"La Monnaie royale canadienne est r\u00e9put\u00e9e dans le monde pour la qualit\u00e9 et la puret\u00e9 de ses lingots d'or et d'argent. Obtenez votre lingot 10 grammes en or et faites fructifier votre patrimoine d\u00e8s aujourd\u2019hui avec l'un des lingots d'or les plus reconnus au monde.\",\"breadcrumb\":{\"@id\":\"https:\\\/\\\/www.monnaieroyale.com\\\/product\\\/lingot-10-grammes-or-monnaie-royale-canadienne\\\/?lang=en#breadcrumb\"},\"inLanguage\":\"en-US\",\"potentialAction\":[{\"@type\":\"ReadAction\",\"target\":[\"https:\\\/\\\/www.monnaieroyale.com\\\/product\\\/lingot-10-grammes-or-monnaie-royale-canadienne\\\/?lang=en\"]}]},{\"@type\":\"ImageObject\",\"inLanguage\":\"en-US\",\"@id\":\"https:\\\/\\\/www.monnaieroyale.com\\\/product\\\/lingot-10-grammes-or-monnaie-royale-canadienne\\\/?lang=en#primaryimage\",\"url\":\"https:\\\/\\\/www.monnaieroyale.com\\\/wp-content\\\/uploads\\\/2025\\\/12\\\/lingot-10-grammes-en-or-monnaie-royale-canadienne-1-monnaie-collection-royale.avif\",\"contentUrl\":\"https:\\\/\\\/www.monnaieroyale.com\\\/wp-content\\\/uploads\\\/2025\\\/12\\\/lingot-10-grammes-en-or-monnaie-royale-canadienne-1-monnaie-collection-royale.avif\",\"width\":500,\"height\":500,\"caption\":\"Lingot 10 grammes en or | Monnaie royale canadienne\"},{\"@type\":\"BreadcrumbList\",\"@id\":\"https:\\\/\\\/www.monnaieroyale.com\\\/product\\\/lingot-10-grammes-or-monnaie-royale-canadienne\\\/?lang=en#breadcrumb\",\"itemListElement\":[{\"@type\":\"ListItem\",\"position\":1,\"name\":\"Accueil\",\"item\":\"https:\\\/\\\/www.monnaieroyale.com\\\/?lang=en\"},{\"@type\":\"ListItem\",\"position\":2,\"name\":\"Shop\",\"item\":\"https:\\\/\\\/www.monnaieroyale.com\\\/shop\\\/?lang=en\"},{\"@type\":\"ListItem\",\"position\":3,\"name\":\"Lingot 10 grammes en or | Monnaie royale canadienne\"}]},{\"@type\":\"WebSite\",\"@id\":\"https:\\\/\\\/www.monnaieroyale.com\\\/#website\",\"url\":\"https:\\\/\\\/www.monnaieroyale.com\\\/\",\"name\":\"Monnaie Collection Royale\",\"description\":\"\",\"publisher\":{\"@id\":\"https:\\\/\\\/www.monnaieroyale.com\\\/#organization\"},\"potentialAction\":[{\"@type\":\"SearchAction\",\"target\":{\"@type\":\"EntryPoint\",\"urlTemplate\":\"https:\\\/\\\/www.monnaieroyale.com\\\/?s={search_term_string}\"},\"query-input\":{\"@type\":\"PropertyValueSpecification\",\"valueRequired\":true,\"valueName\":\"search_term_string\"}}],\"inLanguage\":\"en-US\"},{\"@type\":\"Organization\",\"@id\":\"https:\\\/\\\/www.monnaieroyale.com\\\/#organization\",\"name\":\"Monnaie Collection Royale\",\"url\":\"https:\\\/\\\/www.monnaieroyale.com\\\/\",\"logo\":{\"@type\":\"ImageObject\",\"inLanguage\":\"en-US\",\"@id\":\"https:\\\/\\\/www.monnaieroyale.com\\\/#\\\/schema\\\/logo\\\/image\\\/\",\"url\":\"https:\\\/\\\/www.monnaieroyale.com\\\/wp-content\\\/uploads\\\/2018\\\/02\\\/logo-mcr-rmc.jpg\",\"contentUrl\":\"https:\\\/\\\/www.monnaieroyale.com\\\/wp-content\\\/uploads\\\/2018\\\/02\\\/logo-mcr-rmc.jpg\",\"width\":1412,\"height\":365,\"caption\":\"Monnaie Collection Royale\"},\"image\":{\"@id\":\"https:\\\/\\\/www.monnaieroyale.com\\\/#\\\/schema\\\/logo\\\/image\\\/\"}}]}<\/script>\n<!-- \/ Yoast SEO plugin. -->","yoast_head_json":{"title":"Lingot 10 grammes en or | Monnaie royale canadienne - Monnaie Collection Royale","description":"La Monnaie royale canadienne est r\u00e9put\u00e9e dans le monde pour la qualit\u00e9 et la puret\u00e9 de ses lingots d'or et d'argent.  Obtenez votre lingot 10 grammes en or et faites fructifier votre patrimoine d\u00e8s aujourd\u2019hui avec l'un des lingots d'or les plus reconnus au monde.","robots":{"index":"index","follow":"follow","max-snippet":"max-snippet:-1","max-image-preview":"max-image-preview:large","max-video-preview":"max-video-preview:-1"},"canonical":"https:\/\/www.monnaieroyale.com\/product\/lingot-10-grammes-or-monnaie-royale-canadienne\/?lang=en","og_locale":"en_US","og_type":"article","og_title":"Lingot 10 grammes en or | Monnaie royale canadienne - Monnaie Collection Royale","og_description":"La Monnaie royale canadienne est r\u00e9put\u00e9e dans le monde pour la qualit\u00e9 et la puret\u00e9 de ses lingots d'or et d'argent.  Obtenez votre lingot 10 grammes en or et faites fructifier votre patrimoine d\u00e8s aujourd\u2019hui avec l'un des lingots d'or les plus reconnus au monde.","og_url":"https:\/\/www.monnaieroyale.com\/product\/lingot-10-grammes-or-monnaie-royale-canadienne\/?lang=en","og_site_name":"Monnaie Collection Royale","article_modified_time":"2026-04-15T13:55:58+00:00","twitter_card":"summary_large_image","twitter_misc":{"Est. reading time":"1 minute"},"schema":{"@context":"https:\/\/schema.org","@graph":[{"@type":"WebPage","@id":"https:\/\/www.monnaieroyale.com\/product\/lingot-10-grammes-or-monnaie-royale-canadienne\/?lang=en","url":"https:\/\/www.monnaieroyale.com\/product\/lingot-10-grammes-or-monnaie-royale-canadienne\/?lang=en","name":"Lingot 10 grammes en or | Monnaie royale canadienne - Monnaie Collection Royale","isPartOf":{"@id":"https:\/\/www.monnaieroyale.com\/#website"},"primaryImageOfPage":{"@id":"https:\/\/www.monnaieroyale.com\/product\/lingot-10-grammes-or-monnaie-royale-canadienne\/?lang=en#primaryimage"},"image":{"@id":"https:\/\/www.monnaieroyale.com\/product\/lingot-10-grammes-or-monnaie-royale-canadienne\/?lang=en#primaryimage"},"thumbnailUrl":"https:\/\/www.monnaieroyale.com\/wp-content\/uploads\/2025\/12\/lingot-10-grammes-en-or-monnaie-royale-canadienne-1-monnaie-collection-royale.avif","datePublished":"2025-12-22T20:18:37+00:00","dateModified":"2026-04-15T13:55:58+00:00","description":"La Monnaie royale canadienne est r\u00e9put\u00e9e dans le monde pour la qualit\u00e9 et la puret\u00e9 de ses lingots d'or et d'argent. Obtenez votre lingot 10 grammes en or et faites fructifier votre patrimoine d\u00e8s aujourd\u2019hui avec l'un des lingots d'or les plus reconnus au monde.","breadcrumb":{"@id":"https:\/\/www.monnaieroyale.com\/product\/lingot-10-grammes-or-monnaie-royale-canadienne\/?lang=en#breadcrumb"},"inLanguage":"en-US","potentialAction":[{"@type":"ReadAction","target":["https:\/\/www.monnaieroyale.com\/product\/lingot-10-grammes-or-monnaie-royale-canadienne\/?lang=en"]}]},{"@type":"ImageObject","inLanguage":"en-US","@id":"https:\/\/www.monnaieroyale.com\/product\/lingot-10-grammes-or-monnaie-royale-canadienne\/?lang=en#primaryimage","url":"https:\/\/www.monnaieroyale.com\/wp-content\/uploads\/2025\/12\/lingot-10-grammes-en-or-monnaie-royale-canadienne-1-monnaie-collection-royale.avif","contentUrl":"https:\/\/www.monnaieroyale.com\/wp-content\/uploads\/2025\/12\/lingot-10-grammes-en-or-monnaie-royale-canadienne-1-monnaie-collection-royale.avif","width":500,"height":500,"caption":"Lingot 10 grammes en or | Monnaie royale canadienne"},{"@type":"BreadcrumbList","@id":"https:\/\/www.monnaieroyale.com\/product\/lingot-10-grammes-or-monnaie-royale-canadienne\/?lang=en#breadcrumb","itemListElement":[{"@type":"ListItem","position":1,"name":"Accueil","item":"https:\/\/www.monnaieroyale.com\/?lang=en"},{"@type":"ListItem","position":2,"name":"Shop","item":"https:\/\/www.monnaieroyale.com\/shop\/?lang=en"},{"@type":"ListItem","position":3,"name":"Lingot 10 grammes en or | Monnaie royale canadienne"}]},{"@type":"WebSite","@id":"https:\/\/www.monnaieroyale.com\/#website","url":"https:\/\/www.monnaieroyale.com\/","name":"Monnaie Collection Royale","description":"","publisher":{"@id":"https:\/\/www.monnaieroyale.com\/#organization"},"potentialAction":[{"@type":"SearchAction","target":{"@type":"EntryPoint","urlTemplate":"https:\/\/www.monnaieroyale.com\/?s={search_term_string}"},"query-input":{"@type":"PropertyValueSpecification","valueRequired":true,"valueName":"search_term_string"}}],"inLanguage":"en-US"},{"@type":"Organization","@id":"https:\/\/www.monnaieroyale.com\/#organization","name":"Monnaie Collection Royale","url":"https:\/\/www.monnaieroyale.com\/","logo":{"@type":"ImageObject","inLanguage":"en-US","@id":"https:\/\/www.monnaieroyale.com\/#\/schema\/logo\/image\/","url":"https:\/\/www.monnaieroyale.com\/wp-content\/uploads\/2018\/02\/logo-mcr-rmc.jpg","contentUrl":"https:\/\/www.monnaieroyale.com\/wp-content\/uploads\/2018\/02\/logo-mcr-rmc.jpg","width":1412,"height":365,"caption":"Monnaie Collection Royale"},"image":{"@id":"https:\/\/www.monnaieroyale.com\/#\/schema\/logo\/image\/"}}]}},"_links":{"self":[{"href":"https:\/\/www.monnaieroyale.com\/en\/wp-json\/wp\/v2\/product\/20958","targetHints":{"allow":["GET"]}}],"collection":[{"href":"https:\/\/www.monnaieroyale.com\/en\/wp-json\/wp\/v2\/product"}],"about":[{"href":"https:\/\/www.monnaieroyale.com\/en\/wp-json\/wp\/v2\/types\/product"}],"replies":[{"embeddable":true,"href":"https:\/\/www.monnaieroyale.com\/en\/wp-json\/wp\/v2\/comments?post=20958"}],"wp:featuredmedia":[{"embeddable":true,"href":"https:\/\/www.monnaieroyale.com\/en\/wp-json\/wp\/v2\/media\/21086"}],"wp:attachment":[{"href":"https:\/\/www.monnaieroyale.com\/en\/wp-json\/wp\/v2\/media?parent=20958"}],"wp:term":[{"taxonomy":"product_brand","embeddable":true,"href":"https:\/\/www.monnaieroyale.com\/en\/wp-json\/wp\/v2\/product_brand?post=20958"},{"taxonomy":"product_cat","embeddable":true,"href":"https:\/\/www.monnaieroyale.com\/en\/wp-json\/wp\/v2\/product_cat?post=20958"},{"taxonomy":"product_tag","embeddable":true,"href":"https:\/\/www.monnaieroyale.com\/en\/wp-json\/wp\/v2\/product_tag?post=20958"}],"curies":[{"name":"wp","href":"https:\/\/api.w.org\/{rel}","templated":true}]}}