 {"id":20957,"date":"2025-12-22T15:18:37","date_gmt":"2025-12-22T20:18:37","guid":{"rendered":"https:\/\/mrc.2dev.ca\/product\/1-kilo-gold-bar-royal-canadian-mint\/"},"modified":"2026-04-15T09:56:11","modified_gmt":"2026-04-15T13:56:11","slug":"lingot-or-1-kg-monnaie-royale-canadienne","status":"publish","type":"product","link":"https:\/\/www.monnaieroyale.com\/en\/product\/lingot-or-1-kg-monnaie-royale-canadienne\/","title":{"rendered":"Lingot d\u2019or 1 kg | Monnaie royale Canadienne"},"content":{"rendered":"<p><strong>CARACT\u00c9RISTIQUES DU LINGOT<\/strong><\/p>\n<p>&nbsp;<\/p>\n<ul>\n<li class=\"ewa-rteLine\">Exp\u00e9di\u00e9 individuellement dans un emballage de protection<\/li>\n<li class=\"ewa-rteLine\">Compos\u00e9 de 1 kg d\u2019or fin .9999<\/li>\n<li class=\"ewa-rteLine\">Avers : pr\u00e9sente le logo de la Monnaie royale canadienne, le type de m\u00e9tal, le poids, la puret\u00e9 ainsi qu\u2019un num\u00e9ro de s\u00e9rie unique<\/li>\n<li class=\"ewa-rteLine\">Ce lingot d\u2019or de 1 kilogramme est fabriqu\u00e9 par la Monnaie royale canadienne<\/li>\n<\/ul>\n<div class=\"ewa-rteLine\">\n<ul>\n<li style=\"list-style-type: none;\"><\/li>\n<\/ul>\n<div class=\"ewa-rteLine\">\n<table style=\"border-collapse: collapse; width: 58.4082%; height: 116px;\">\n<tbody>\n<tr style=\"height: 24px;\">\n<td style=\"width: 22.3094%; height: 24px;\">Code<\/td>\n<td style=\"width: 46.6735%; height: 24px;\">13081<\/td>\n<\/tr>\n<tr style=\"height: 24px;\">\n<td style=\"width: 22.3094%; height: 24px;\">Finition<\/td>\n<td style=\"width: 46.6735%; height: 24px;\">Brillant<\/td>\n<\/tr>\n<tr style=\"height: 24px;\">\n<td style=\"width: 22.3094%; height: 24px;\">Puret\u00e9<\/td>\n<td style=\"width: 46.6735%; height: 24px;\">.9999<\/td>\n<\/tr>\n<tr style=\"height: 24px;\">\n<td style=\"width: 22.3094%; height: 24px;\">Pays<\/td>\n<td style=\"width: 46.6735%; height: 24px;\">Canada<\/td>\n<\/tr>\n<tr style=\"height: 24px;\">\n<td style=\"width: 22.3094%; height: 24px;\">Fabricant<\/td>\n<td style=\"width: 46.6735%; height: 24px;\">Monnaie Royale Canadienne<\/td>\n<\/tr>\n<tr style=\"height: 24px;\">\n<td style=\"width: 22.3094%; height: 24px;\">Poids<\/td>\n<td style=\"width: 46.6735%; height: 24px;\">1 kilogramme<\/td>\n<\/tr>\n<\/tbody>\n<\/table>\n<\/div>\n<div class=\"ewa-rteLine\">\n<p>&nbsp;<\/p>\n<\/div>\n<div>\n<hr \/>\n<\/div>\n<div class=\"ewa-rteLine\"><strong>\u00c0 PROPOS DE LA MONNAIE ROYALE CANADIENNE\u00a0<\/strong><\/div>\n<\/div>\n<div class=\"ewa-rteLine\">\n<p>La Monnaie royale canadienne est connue pour \u00eatre l&#8217;une des monnaies les plus r\u00e9put\u00e9es au monde. La succursale d&#8217;Ottawa de la Monnaie royale a ouvert ses portes en 1908 et a \u00e9t\u00e9 rebaptis\u00e9e Monnaie royale canadienne en 1931 lorsque le contr\u00f4le a \u00e9t\u00e9 transf\u00e9r\u00e9 au gouvernement canadien. Ses normes \u00e9lev\u00e9es d&#8217;excellence et de qualit\u00e9 lui ont permis d&#8217;\u00eatre la premi\u00e8re raffinerie \u00e0 fabriquer des pi\u00e8ces d&#8217;investissement en or d&#8217;une puret\u00e9 de 9999 en 1982, ainsi que la premi\u00e8re \u00e0 atteindre une puret\u00e9 d&#8217;or de 99999 en 1998.<\/p>\n<\/div>\n","protected":false},"excerpt":{"rendered":"<p data-pm-slice=\"1 1 []\">Ce lingot d&#8217;or de 1 kg de la Monnaie royale canadienne est une barre d&#8217;or pur \u00e0 .9999 (99.99%), pesant 1 kilogramme (environ 32.15 onces troy), avec un num\u00e9ro unique grav\u00e9 pour garantir son poids et sa puret\u00e9. Son prix fluctue avec le cours mondial de l&#8217;or, mais il repr\u00e9sente un investissement tangible, reconnaissable et fiable, avec des marquages distinctifs de la Monnaie royale canadienne sur l&#8217;avers.<\/p>\n","protected":false},"featured_media":21144,"comment_status":"closed","ping_status":"closed","template":"","meta":{"content-type":""},"product_brand":[],"product_cat":[521,514],"product_tag":[],"class_list":{"0":"post-20957","1":"product","2":"type-product","3":"status-publish","4":"has-post-thumbnail","6":"product_cat-gold-bars","7":"product_cat-gold-products","10":"first","11":"instock","12":"purchasable","13":"product-type-simple"},"yoast_head":"<!-- This site is optimized with the Yoast SEO plugin v27.4 - https:\/\/yoast.com\/product\/yoast-seo-wordpress\/ -->\n<title>Lingot d\u2019or 1 kg | Monnaie royale Canadienne - Monnaie Collection Royale<\/title>\n<meta name=\"description\" content=\"Ce lingot d&#039;or de 1 kg de la Monnaie royale canadienne est une barre d&#039;or pur \u00e0 .9999 (99.99%), pesant 1 kilogramme (environ 32.15 onces troy), avec un num\u00e9ro unique grav\u00e9 pour garantir son poids et sa puret\u00e9. Son prix fluctue avec le cours mondial de l&#039;or, mais il repr\u00e9sente un investissement tangible, reconnaissable et fiable, avec des marquages distinctifs de la Monnaie royale canadienne sur l&#039;avers.\" \/>\n<meta name=\"robots\" content=\"index, follow, max-snippet:-1, max-image-preview:large, max-video-preview:-1\" \/>\n<link rel=\"canonical\" href=\"https:\/\/www.monnaieroyale.com\/product\/lingot-or-1-kg-monnaie-royale-canadienne\/?lang=en\" \/>\n<meta property=\"og:locale\" content=\"en_US\" \/>\n<meta property=\"og:type\" content=\"article\" \/>\n<meta property=\"og:title\" content=\"Lingot d\u2019or 1 kg | Monnaie royale Canadienne - Monnaie Collection Royale\" \/>\n<meta property=\"og:description\" content=\"Ce lingot d&#039;or de 1 kg de la Monnaie royale canadienne est une barre d&#039;or pur \u00e0 .9999 (99.99%), pesant 1 kilogramme (environ 32.15 onces troy), avec un num\u00e9ro unique grav\u00e9 pour garantir son poids et sa puret\u00e9. Son prix fluctue avec le cours mondial de l&#039;or, mais il repr\u00e9sente un investissement tangible, reconnaissable et fiable, avec des marquages distinctifs de la Monnaie royale canadienne sur l&#039;avers.\" \/>\n<meta property=\"og:url\" content=\"https:\/\/www.monnaieroyale.com\/product\/lingot-or-1-kg-monnaie-royale-canadienne\/?lang=en\" \/>\n<meta property=\"og:site_name\" content=\"Monnaie Collection Royale\" \/>\n<meta property=\"article:modified_time\" content=\"2026-04-15T13:56:11+00:00\" \/>\n<meta name=\"twitter:card\" content=\"summary_large_image\" \/>\n<meta name=\"twitter:label1\" content=\"Est. reading time\" \/>\n\t<meta name=\"twitter:data1\" content=\"1 minute\" \/>\n<script type=\"application\/ld+json\" class=\"yoast-schema-graph\">{\"@context\":\"https:\\\/\\\/schema.org\",\"@graph\":[{\"@type\":\"WebPage\",\"@id\":\"https:\\\/\\\/www.monnaieroyale.com\\\/product\\\/lingot-or-1-kg-monnaie-royale-canadienne\\\/?lang=en\",\"url\":\"https:\\\/\\\/www.monnaieroyale.com\\\/product\\\/lingot-or-1-kg-monnaie-royale-canadienne\\\/?lang=en\",\"name\":\"Lingot d\u2019or 1 kg | Monnaie royale Canadienne - Monnaie Collection Royale\",\"isPartOf\":{\"@id\":\"https:\\\/\\\/www.monnaieroyale.com\\\/#website\"},\"primaryImageOfPage\":{\"@id\":\"https:\\\/\\\/www.monnaieroyale.com\\\/product\\\/lingot-or-1-kg-monnaie-royale-canadienne\\\/?lang=en#primaryimage\"},\"image\":{\"@id\":\"https:\\\/\\\/www.monnaieroyale.com\\\/product\\\/lingot-or-1-kg-monnaie-royale-canadienne\\\/?lang=en#primaryimage\"},\"thumbnailUrl\":\"https:\\\/\\\/www.monnaieroyale.com\\\/wp-content\\\/uploads\\\/2025\\\/12\\\/lingot-dor-1-kg-monnaie-royale-canadienne-1-monnaie-collection-royale.avif\",\"datePublished\":\"2025-12-22T20:18:37+00:00\",\"dateModified\":\"2026-04-15T13:56:11+00:00\",\"description\":\"Ce lingot d'or de 1 kg de la Monnaie royale canadienne est une barre d'or pur \u00e0 .9999 (99.99%), pesant 1 kilogramme (environ 32.15 onces troy), avec un num\u00e9ro unique grav\u00e9 pour garantir son poids et sa puret\u00e9. Son prix fluctue avec le cours mondial de l'or, mais il repr\u00e9sente un investissement tangible, reconnaissable et fiable, avec des marquages distinctifs de la Monnaie royale canadienne sur l'avers.\",\"breadcrumb\":{\"@id\":\"https:\\\/\\\/www.monnaieroyale.com\\\/product\\\/lingot-or-1-kg-monnaie-royale-canadienne\\\/?lang=en#breadcrumb\"},\"inLanguage\":\"en-US\",\"potentialAction\":[{\"@type\":\"ReadAction\",\"target\":[\"https:\\\/\\\/www.monnaieroyale.com\\\/product\\\/lingot-or-1-kg-monnaie-royale-canadienne\\\/?lang=en\"]}]},{\"@type\":\"ImageObject\",\"inLanguage\":\"en-US\",\"@id\":\"https:\\\/\\\/www.monnaieroyale.com\\\/product\\\/lingot-or-1-kg-monnaie-royale-canadienne\\\/?lang=en#primaryimage\",\"url\":\"https:\\\/\\\/www.monnaieroyale.com\\\/wp-content\\\/uploads\\\/2025\\\/12\\\/lingot-dor-1-kg-monnaie-royale-canadienne-1-monnaie-collection-royale.avif\",\"contentUrl\":\"https:\\\/\\\/www.monnaieroyale.com\\\/wp-content\\\/uploads\\\/2025\\\/12\\\/lingot-dor-1-kg-monnaie-royale-canadienne-1-monnaie-collection-royale.avif\",\"width\":500,\"height\":500,\"caption\":\"Lingot d\u2019or 1 kg | Monnaie royale Canadienne\"},{\"@type\":\"BreadcrumbList\",\"@id\":\"https:\\\/\\\/www.monnaieroyale.com\\\/product\\\/lingot-or-1-kg-monnaie-royale-canadienne\\\/?lang=en#breadcrumb\",\"itemListElement\":[{\"@type\":\"ListItem\",\"position\":1,\"name\":\"Accueil\",\"item\":\"https:\\\/\\\/www.monnaieroyale.com\\\/?lang=en\"},{\"@type\":\"ListItem\",\"position\":2,\"name\":\"Shop\",\"item\":\"https:\\\/\\\/www.monnaieroyale.com\\\/shop\\\/?lang=en\"},{\"@type\":\"ListItem\",\"position\":3,\"name\":\"Lingot d\u2019or 1 kg | Monnaie royale Canadienne\"}]},{\"@type\":\"WebSite\",\"@id\":\"https:\\\/\\\/www.monnaieroyale.com\\\/#website\",\"url\":\"https:\\\/\\\/www.monnaieroyale.com\\\/\",\"name\":\"Monnaie Collection Royale\",\"description\":\"\",\"publisher\":{\"@id\":\"https:\\\/\\\/www.monnaieroyale.com\\\/#organization\"},\"potentialAction\":[{\"@type\":\"SearchAction\",\"target\":{\"@type\":\"EntryPoint\",\"urlTemplate\":\"https:\\\/\\\/www.monnaieroyale.com\\\/?s={search_term_string}\"},\"query-input\":{\"@type\":\"PropertyValueSpecification\",\"valueRequired\":true,\"valueName\":\"search_term_string\"}}],\"inLanguage\":\"en-US\"},{\"@type\":\"Organization\",\"@id\":\"https:\\\/\\\/www.monnaieroyale.com\\\/#organization\",\"name\":\"Monnaie Collection Royale\",\"url\":\"https:\\\/\\\/www.monnaieroyale.com\\\/\",\"logo\":{\"@type\":\"ImageObject\",\"inLanguage\":\"en-US\",\"@id\":\"https:\\\/\\\/www.monnaieroyale.com\\\/#\\\/schema\\\/logo\\\/image\\\/\",\"url\":\"https:\\\/\\\/www.monnaieroyale.com\\\/wp-content\\\/uploads\\\/2018\\\/02\\\/logo-mcr-rmc.jpg\",\"contentUrl\":\"https:\\\/\\\/www.monnaieroyale.com\\\/wp-content\\\/uploads\\\/2018\\\/02\\\/logo-mcr-rmc.jpg\",\"width\":1412,\"height\":365,\"caption\":\"Monnaie Collection Royale\"},\"image\":{\"@id\":\"https:\\\/\\\/www.monnaieroyale.com\\\/#\\\/schema\\\/logo\\\/image\\\/\"}}]}<\/script>\n<!-- \/ Yoast SEO plugin. -->","yoast_head_json":{"title":"Lingot d\u2019or 1 kg | Monnaie royale Canadienne - Monnaie Collection Royale","description":"Ce lingot d'or de 1 kg de la Monnaie royale canadienne est une barre d'or pur \u00e0 .9999 (99.99%), pesant 1 kilogramme (environ 32.15 onces troy), avec un num\u00e9ro unique grav\u00e9 pour garantir son poids et sa puret\u00e9. Son prix fluctue avec le cours mondial de l'or, mais il repr\u00e9sente un investissement tangible, reconnaissable et fiable, avec des marquages distinctifs de la Monnaie royale canadienne sur l'avers.","robots":{"index":"index","follow":"follow","max-snippet":"max-snippet:-1","max-image-preview":"max-image-preview:large","max-video-preview":"max-video-preview:-1"},"canonical":"https:\/\/www.monnaieroyale.com\/product\/lingot-or-1-kg-monnaie-royale-canadienne\/?lang=en","og_locale":"en_US","og_type":"article","og_title":"Lingot d\u2019or 1 kg | Monnaie royale Canadienne - Monnaie Collection Royale","og_description":"Ce lingot d'or de 1 kg de la Monnaie royale canadienne est une barre d'or pur \u00e0 .9999 (99.99%), pesant 1 kilogramme (environ 32.15 onces troy), avec un num\u00e9ro unique grav\u00e9 pour garantir son poids et sa puret\u00e9. Son prix fluctue avec le cours mondial de l'or, mais il repr\u00e9sente un investissement tangible, reconnaissable et fiable, avec des marquages distinctifs de la Monnaie royale canadienne sur l'avers.","og_url":"https:\/\/www.monnaieroyale.com\/product\/lingot-or-1-kg-monnaie-royale-canadienne\/?lang=en","og_site_name":"Monnaie Collection Royale","article_modified_time":"2026-04-15T13:56:11+00:00","twitter_card":"summary_large_image","twitter_misc":{"Est. reading time":"1 minute"},"schema":{"@context":"https:\/\/schema.org","@graph":[{"@type":"WebPage","@id":"https:\/\/www.monnaieroyale.com\/product\/lingot-or-1-kg-monnaie-royale-canadienne\/?lang=en","url":"https:\/\/www.monnaieroyale.com\/product\/lingot-or-1-kg-monnaie-royale-canadienne\/?lang=en","name":"Lingot d\u2019or 1 kg | Monnaie royale Canadienne - Monnaie Collection Royale","isPartOf":{"@id":"https:\/\/www.monnaieroyale.com\/#website"},"primaryImageOfPage":{"@id":"https:\/\/www.monnaieroyale.com\/product\/lingot-or-1-kg-monnaie-royale-canadienne\/?lang=en#primaryimage"},"image":{"@id":"https:\/\/www.monnaieroyale.com\/product\/lingot-or-1-kg-monnaie-royale-canadienne\/?lang=en#primaryimage"},"thumbnailUrl":"https:\/\/www.monnaieroyale.com\/wp-content\/uploads\/2025\/12\/lingot-dor-1-kg-monnaie-royale-canadienne-1-monnaie-collection-royale.avif","datePublished":"2025-12-22T20:18:37+00:00","dateModified":"2026-04-15T13:56:11+00:00","description":"Ce lingot d'or de 1 kg de la Monnaie royale canadienne est une barre d'or pur \u00e0 .9999 (99.99%), pesant 1 kilogramme (environ 32.15 onces troy), avec un num\u00e9ro unique grav\u00e9 pour garantir son poids et sa puret\u00e9. Son prix fluctue avec le cours mondial de l'or, mais il repr\u00e9sente un investissement tangible, reconnaissable et fiable, avec des marquages distinctifs de la Monnaie royale canadienne sur l'avers.","breadcrumb":{"@id":"https:\/\/www.monnaieroyale.com\/product\/lingot-or-1-kg-monnaie-royale-canadienne\/?lang=en#breadcrumb"},"inLanguage":"en-US","potentialAction":[{"@type":"ReadAction","target":["https:\/\/www.monnaieroyale.com\/product\/lingot-or-1-kg-monnaie-royale-canadienne\/?lang=en"]}]},{"@type":"ImageObject","inLanguage":"en-US","@id":"https:\/\/www.monnaieroyale.com\/product\/lingot-or-1-kg-monnaie-royale-canadienne\/?lang=en#primaryimage","url":"https:\/\/www.monnaieroyale.com\/wp-content\/uploads\/2025\/12\/lingot-dor-1-kg-monnaie-royale-canadienne-1-monnaie-collection-royale.avif","contentUrl":"https:\/\/www.monnaieroyale.com\/wp-content\/uploads\/2025\/12\/lingot-dor-1-kg-monnaie-royale-canadienne-1-monnaie-collection-royale.avif","width":500,"height":500,"caption":"Lingot d\u2019or 1 kg | Monnaie royale Canadienne"},{"@type":"BreadcrumbList","@id":"https:\/\/www.monnaieroyale.com\/product\/lingot-or-1-kg-monnaie-royale-canadienne\/?lang=en#breadcrumb","itemListElement":[{"@type":"ListItem","position":1,"name":"Accueil","item":"https:\/\/www.monnaieroyale.com\/?lang=en"},{"@type":"ListItem","position":2,"name":"Shop","item":"https:\/\/www.monnaieroyale.com\/shop\/?lang=en"},{"@type":"ListItem","position":3,"name":"Lingot d\u2019or 1 kg | Monnaie royale Canadienne"}]},{"@type":"WebSite","@id":"https:\/\/www.monnaieroyale.com\/#website","url":"https:\/\/www.monnaieroyale.com\/","name":"Monnaie Collection Royale","description":"","publisher":{"@id":"https:\/\/www.monnaieroyale.com\/#organization"},"potentialAction":[{"@type":"SearchAction","target":{"@type":"EntryPoint","urlTemplate":"https:\/\/www.monnaieroyale.com\/?s={search_term_string}"},"query-input":{"@type":"PropertyValueSpecification","valueRequired":true,"valueName":"search_term_string"}}],"inLanguage":"en-US"},{"@type":"Organization","@id":"https:\/\/www.monnaieroyale.com\/#organization","name":"Monnaie Collection Royale","url":"https:\/\/www.monnaieroyale.com\/","logo":{"@type":"ImageObject","inLanguage":"en-US","@id":"https:\/\/www.monnaieroyale.com\/#\/schema\/logo\/image\/","url":"https:\/\/www.monnaieroyale.com\/wp-content\/uploads\/2018\/02\/logo-mcr-rmc.jpg","contentUrl":"https:\/\/www.monnaieroyale.com\/wp-content\/uploads\/2018\/02\/logo-mcr-rmc.jpg","width":1412,"height":365,"caption":"Monnaie Collection Royale"},"image":{"@id":"https:\/\/www.monnaieroyale.com\/#\/schema\/logo\/image\/"}}]}},"_links":{"self":[{"href":"https:\/\/www.monnaieroyale.com\/en\/wp-json\/wp\/v2\/product\/20957","targetHints":{"allow":["GET"]}}],"collection":[{"href":"https:\/\/www.monnaieroyale.com\/en\/wp-json\/wp\/v2\/product"}],"about":[{"href":"https:\/\/www.monnaieroyale.com\/en\/wp-json\/wp\/v2\/types\/product"}],"replies":[{"embeddable":true,"href":"https:\/\/www.monnaieroyale.com\/en\/wp-json\/wp\/v2\/comments?post=20957"}],"wp:featuredmedia":[{"embeddable":true,"href":"https:\/\/www.monnaieroyale.com\/en\/wp-json\/wp\/v2\/media\/21144"}],"wp:attachment":[{"href":"https:\/\/www.monnaieroyale.com\/en\/wp-json\/wp\/v2\/media?parent=20957"}],"wp:term":[{"taxonomy":"product_brand","embeddable":true,"href":"https:\/\/www.monnaieroyale.com\/en\/wp-json\/wp\/v2\/product_brand?post=20957"},{"taxonomy":"product_cat","embeddable":true,"href":"https:\/\/www.monnaieroyale.com\/en\/wp-json\/wp\/v2\/product_cat?post=20957"},{"taxonomy":"product_tag","embeddable":true,"href":"https:\/\/www.monnaieroyale.com\/en\/wp-json\/wp\/v2\/product_tag?post=20957"}],"curies":[{"name":"wp","href":"https:\/\/api.w.org\/{rel}","templated":true}]}}