 {"id":20954,"date":"2025-12-22T15:18:37","date_gmt":"2025-12-22T20:18:37","guid":{"rendered":"https:\/\/mrc.2dev.ca\/product\/2026-our-purest-bison-1-oz-99-999-pure-gold-coin-premium-bullion\/"},"modified":"2026-04-15T10:46:57","modified_gmt":"2026-04-15T14:46:57","slug":"bison-or-pur-1-once-99-999-2026","status":"publish","type":"product","link":"https:\/\/www.monnaieroyale.com\/en\/product\/bison-or-pur-1-once-99-999-2026\/","title":{"rendered":"Bison : Puret\u00e9 in\u00e9gal\u00e9e \u2013 Pi\u00e8ce de 1 oz en or pur \u00e0 99,999 % 2026 (pi\u00e8ce d\u2019investissement haut de gamme)"},"content":{"rendered":"<p><strong>CARACT\u00c9RISTIQUES DE LA PI\u00c8CE<\/strong><\/p>\n<div class=\"ewa-rteLine\"><\/div>\n<div class=\"ewa-rteLine\">\n<p>La pi\u00e8ce Bison\u00a0: Puret\u00e9 in\u00e9gal\u00e9e s\u2019ajoute \u00e0 notre offre croissante de produits d\u2019investissement haut de gamme pr\u00e9sent\u00e9s dans un emballage sp\u00e9cial, des produits d\u2019investissement de premier ordre qui combinent valeur intrins\u00e8que et motifs \u00e9blouissants. Comme la pi\u00e8ce Feuille d\u2019\u00e9rable\u00a0: Puret\u00e9 in\u00e9gal\u00e9e, la pi\u00e8ce Bison\u00a0: Puret\u00e9 in\u00e9gal\u00e9e affiche une puret\u00e9 exceptionnelle de 99,999\u00a0%, ce qui en fait l\u2019une des pi\u00e8ces de 1 oz en or les plus pures du monde. Elle est maintenant pr\u00e9sent\u00e9e sous une forme pratique qui s\u2019ach\u00e8te directement aupr\u00e8s de la Monnaie.<\/p>\n<p>Au revers de la pi\u00e8ce figurent des lignes radiales \u00e0 effet rayonnant en arri\u00e8re-plan d\u2019un profil de bison inspirant et puissant, symbole intemporel de force et de r\u00e9silience faisant \u00e9cho \u00e0 l\u2019esprit du patrimoine naturel canadien. Son motif \u00e9blouissant, sa puret\u00e9 exceptionnelle et son tirage limit\u00e9 font de la pi\u00e8ce Bison\u00a0: Puret\u00e9 in\u00e9gal\u00e9e un excellent ajout \u00e0 tout portefeuille et un objet de collection embl\u00e9matique d\u2019un h\u00e9ritage durable.<\/p>\n<p>Une force brute. De l\u2019or pur. Une puret\u00e9 exceptionnelle.<\/p>\n<p><strong>Un emballage sp\u00e9cial:<br \/>\n<\/strong>Pourquoi dit-on qu\u2019il s\u2019agit d\u2019une pi\u00e8ce d\u2019investissement haut de gamme? Elle est plac\u00e9e dans une capsule amovible et pr\u00e9sent\u00e9e dans un emballage sur mesure accompagn\u00e9 d\u2019une enveloppe transparente refermable, pour une protection accrue. Au dos de la carte, vous trouverez un certificat de titrage sign\u00e9 par l\u2019essayeur en chef de la Monnaie; au devant de la carte, un code QR facile \u00e0 balayer vous permet d\u2019acc\u00e9der rapidement \u00e0 un site Web instructif sur le monde des produits d\u2019investissement.<\/p>\n<ul>\n<li><strong>L\u2019une des pi\u00e8ces en or les plus pures.\u00a0<\/strong>NOUVEAUT\u00c9! Faite d\u2019or pur \u00e0 99,999\u00a0%, le plus haut degr\u00e9 de puret\u00e9 possible pour l\u2019or affin\u00e9, la pi\u00e8ce Bison\u00a0: Puret\u00e9 in\u00e9gal\u00e9e s\u2019inscrit parmi les pi\u00e8ces d\u2019investissement en or les plus pures au monde.<\/li>\n<li><strong>Soigneusement manipul\u00e9e tout au long du processus de fabrication.\u00a0<\/strong>Tous les produits d\u2019investissement haut de gamme hors-circulation ont un poids garanti et sont soigneusement manipul\u00e9s durant le processus de fabrication, avant d\u2019\u00eatre plac\u00e9s dans un emballage approuv\u00e9 par la Monnaie royale canadienne.<\/li>\n<li><strong>Produit offert directement aupr\u00e8s de la\u00a0Monnaie.\u00a0<\/strong>Si nos produits d\u2019investissement sont g\u00e9n\u00e9ralement distribu\u00e9s par nos marchands autoris\u00e9s, ces pi\u00e8ces-ci, manipul\u00e9es et emball\u00e9es avec soin, peuvent \u00eatre achet\u00e9es directement aupr\u00e8s de la Monnaie, de Postes\u00a0Canada ou d\u2019un marchand autoris\u00e9.<\/li>\n<li><strong>Comprend un certificat de titrage.\u00a0<\/strong>Sign\u00e9 par notre essayeur en chef, le certificat de titrage imprim\u00e9 au dos de la carte garantit l\u2019authenticit\u00e9 et la puret\u00e9 (or pur \u00e0 99,999\u00a0%) de votre pi\u00e8ce d\u2019investissement haut de gamme en or.<\/li>\n<li><strong>Jusqu\u2019\u00e0 \u00e9puisement des stocks.\u00a0<\/strong>Seuls 999 exemplaires ont \u00e9t\u00e9 fabriqu\u00e9s pour les personnes qui investissent et les numismates du monde entier.<\/li>\n<\/ul>\n<div class=\"ewa-rteLine\"><\/div>\n<div class=\"ewa-rteLine\">\n<p>&nbsp;<\/p>\n<\/div>\n<div class=\"ewa-rteLine\">\n<table style=\"border-collapse: collapse; width: 58.5203%; height: 240px;\">\n<tbody>\n<tr style=\"height: 24px;\">\n<td style=\"width: 22.3094%; height: 24px;\">Code<\/td>\n<td style=\"width: 46.6735%; height: 24px;\">11096<\/td>\n<\/tr>\n<tr style=\"height: 24px;\">\n<td style=\"width: 22.3094%; height: 24px;\">Ann\u00e9e<\/td>\n<td style=\"width: 46.6735%; height: 24px;\">2026<\/td>\n<\/tr>\n<tr style=\"height: 24px;\">\n<td style=\"width: 22.3094%; height: 24px;\">Puret\u00e9<\/td>\n<td style=\"width: 46.6735%; height: 24px;\">.999<\/td>\n<\/tr>\n<tr style=\"height: 24px;\">\n<td style=\"width: 22.3094%; height: 24px;\">Pays<\/td>\n<td style=\"width: 46.6735%; height: 24px;\">Canada<\/td>\n<\/tr>\n<tr style=\"height: 24px;\">\n<td style=\"width: 22.3094%; height: 24px;\">Fabricant<\/td>\n<td style=\"width: 46.6735%; height: 24px;\">Monnaie Royale Canadienne<\/td>\n<\/tr>\n<tr style=\"height: 24px;\">\n<td style=\"width: 22.3094%; height: 24px;\">Artiste<\/td>\n<td style=\"width: 46.6735%; height: 24px;\">Steven Rosati (Revers), Claudio D\u2019Angelo (Avers)<\/td>\n<\/tr>\n<tr style=\"height: 24px;\">\n<td style=\"width: 22.3094%; height: 24px;\">Poids<\/td>\n<td style=\"width: 46.6735%; height: 24px;\">1 once<\/td>\n<\/tr>\n<tr style=\"height: 24px;\">\n<td style=\"width: 22.3094%; height: 24px;\">Diam\u00e8tre<\/td>\n<td style=\"width: 46.6735%; height: 24px;\">30 mm<\/td>\n<\/tr>\n<tr style=\"height: 24px;\">\n<td style=\"width: 22.3094%; height: 24px;\">Tirage<\/td>\n<td style=\"width: 46.6735%; height: 24px;\">999<\/td>\n<\/tr>\n<\/tbody>\n<\/table>\n<\/div>\n<div class=\"ewa-rteLine\">\n<p>&nbsp;<\/p>\n<\/div>\n<div>\n<hr \/>\n<\/div>\n<div class=\"ewa-rteLine\"><strong>\u00c0 PROPOS DE LA MONNAIE ROYALE CANADIENNE\u00a0<\/strong><\/div>\n<\/div>\n<div class=\"ewa-rteLine\">\n<p>La Monnaie royale canadienne est connue pour \u00eatre l&#8217;une des monnaies les plus r\u00e9put\u00e9es au monde. La succursale d&#8217;Ottawa de la Monnaie royale a ouvert ses portes en 1908 et a \u00e9t\u00e9 rebaptis\u00e9e Monnaie royale canadienne en 1931 lorsque le contr\u00f4le a \u00e9t\u00e9 transf\u00e9r\u00e9 au gouvernement canadien. Ses normes \u00e9lev\u00e9es d&#8217;excellence et de qualit\u00e9 lui ont permis d&#8217;\u00eatre la premi\u00e8re raffinerie \u00e0 fabriquer des pi\u00e8ces d&#8217;investissement en or d&#8217;une puret\u00e9 de 9999 en 1982, ainsi que la premi\u00e8re \u00e0 atteindre une puret\u00e9 d&#8217;or de 99999 en 1998.<\/p>\n<\/div>\n","protected":false},"excerpt":{"rendered":"<p>La pi\u00e8ce Bison : Puret\u00e9 in\u00e9gal\u00e9e s\u2019ajoute \u00e0 notre offre croissante de produits d\u2019investissement haut de gamme pr\u00e9sent\u00e9s dans un emballage sp\u00e9cial, des produits d\u2019investissement de premier ordre qui combinent valeur intrins\u00e8que et motifs \u00e9blouissants. Comme la pi\u00e8ce Feuille d\u2019\u00e9rable : Puret\u00e9 in\u00e9gal\u00e9e, la pi\u00e8ce Bison : Puret\u00e9 in\u00e9gal\u00e9e affiche une puret\u00e9 exceptionnelle de 99,999 %, ce qui en fait l\u2019une des pi\u00e8ces de 1 oz en or les plus pures du monde.\u00a0Au revers de la pi\u00e8ce figurent des lignes radiales \u00e0 effet rayonnant en arri\u00e8re-plan d\u2019un profil de bison inspirant et puissant, symbole intemporel de force et de r\u00e9silience faisant \u00e9cho \u00e0 l\u2019esprit du patrimoine naturel canadien. Son motif \u00e9blouissant, sa puret\u00e9 exceptionnelle et son tirage limit\u00e9 font de la pi\u00e8ce Bison\u00a0: Puret\u00e9 in\u00e9gal\u00e9e un excellent ajout \u00e0 tout portefeuille et un objet de collection embl\u00e9matique d\u2019un h\u00e9ritage durable.<\/p>\n","protected":false},"featured_media":21238,"comment_status":"closed","ping_status":"closed","template":"","meta":{"content-type":""},"product_brand":[],"product_cat":[525,514,516],"product_tag":[],"class_list":{"0":"post-20954","1":"product","2":"type-product","3":"status-publish","4":"has-post-thumbnail","6":"product_cat-gold-coins","7":"product_cat-gold-products","8":"product_cat-investment-products","11":"first","12":"instock","13":"purchasable","14":"product-type-simple"},"yoast_head":"<!-- This site is optimized with the Yoast SEO plugin v27.4 - https:\/\/yoast.com\/product\/yoast-seo-wordpress\/ -->\n<title>Bison : Puret\u00e9 in\u00e9gal\u00e9e \u2013 Pi\u00e8ce de 1 oz en or pur \u00e0 99,999 % 2026 (pi\u00e8ce d\u2019investissement haut de gamme) - Monnaie Collection Royale<\/title>\n<meta name=\"description\" content=\"La pi\u00e8ce Bison : Puret\u00e9 in\u00e9gal\u00e9e s\u2019ajoute \u00e0 notre offre croissante de produits d\u2019investissement haut de gamme pr\u00e9sent\u00e9s dans un emballage sp\u00e9cial, des produits d\u2019investissement de premier ordre qui combinent valeur intrins\u00e8que et motifs \u00e9blouissants. Comme la pi\u00e8ce Feuille d\u2019\u00e9rable : Puret\u00e9 in\u00e9gal\u00e9e, la pi\u00e8ce Bison : Puret\u00e9 in\u00e9gal\u00e9e affiche une puret\u00e9 exceptionnelle de 99,999 %, ce qui en fait l\u2019une des pi\u00e8ces de 1 oz en or les plus pures du monde.\u00a0Au revers de la pi\u00e8ce figurent des lignes radiales \u00e0 effet rayonnant en arri\u00e8re-plan d\u2019un profil de bison inspirant et puissant, symbole intemporel de force et de r\u00e9silience faisant \u00e9cho \u00e0 l\u2019esprit du patrimoine naturel canadien. Son motif \u00e9blouissant, sa puret\u00e9 exceptionnelle et son tirage limit\u00e9 font de la pi\u00e8ce Bison\u00a0: Puret\u00e9 in\u00e9gal\u00e9e un excellent ajout \u00e0 tout portefeuille et un objet de collection embl\u00e9matique d\u2019un h\u00e9ritage durable.\" \/>\n<meta name=\"robots\" content=\"index, follow, max-snippet:-1, max-image-preview:large, max-video-preview:-1\" \/>\n<link rel=\"canonical\" href=\"https:\/\/www.monnaieroyale.com\/product\/bison-or-pur-1-once-99-999-2026\/?lang=en\" \/>\n<meta property=\"og:locale\" content=\"en_US\" \/>\n<meta property=\"og:type\" content=\"article\" \/>\n<meta property=\"og:title\" content=\"Bison : Puret\u00e9 in\u00e9gal\u00e9e \u2013 Pi\u00e8ce de 1 oz en or pur \u00e0 99,999 % 2026 (pi\u00e8ce d\u2019investissement haut de gamme) - Monnaie Collection Royale\" \/>\n<meta property=\"og:description\" content=\"La pi\u00e8ce Bison : Puret\u00e9 in\u00e9gal\u00e9e s\u2019ajoute \u00e0 notre offre croissante de produits d\u2019investissement haut de gamme pr\u00e9sent\u00e9s dans un emballage sp\u00e9cial, des produits d\u2019investissement de premier ordre qui combinent valeur intrins\u00e8que et motifs \u00e9blouissants. Comme la pi\u00e8ce Feuille d\u2019\u00e9rable : Puret\u00e9 in\u00e9gal\u00e9e, la pi\u00e8ce Bison : Puret\u00e9 in\u00e9gal\u00e9e affiche une puret\u00e9 exceptionnelle de 99,999 %, ce qui en fait l\u2019une des pi\u00e8ces de 1 oz en or les plus pures du monde.\u00a0Au revers de la pi\u00e8ce figurent des lignes radiales \u00e0 effet rayonnant en arri\u00e8re-plan d\u2019un profil de bison inspirant et puissant, symbole intemporel de force et de r\u00e9silience faisant \u00e9cho \u00e0 l\u2019esprit du patrimoine naturel canadien. Son motif \u00e9blouissant, sa puret\u00e9 exceptionnelle et son tirage limit\u00e9 font de la pi\u00e8ce Bison\u00a0: Puret\u00e9 in\u00e9gal\u00e9e un excellent ajout \u00e0 tout portefeuille et un objet de collection embl\u00e9matique d\u2019un h\u00e9ritage durable.\" \/>\n<meta property=\"og:url\" content=\"https:\/\/www.monnaieroyale.com\/product\/bison-or-pur-1-once-99-999-2026\/?lang=en\" \/>\n<meta property=\"og:site_name\" content=\"Monnaie Collection Royale\" \/>\n<meta property=\"article:modified_time\" content=\"2026-04-15T14:46:57+00:00\" \/>\n<meta name=\"twitter:card\" content=\"summary_large_image\" \/>\n<meta name=\"twitter:label1\" content=\"Est. reading time\" \/>\n\t<meta name=\"twitter:data1\" content=\"3 minutes\" \/>\n<script type=\"application\/ld+json\" class=\"yoast-schema-graph\">{\"@context\":\"https:\\\/\\\/schema.org\",\"@graph\":[{\"@type\":\"WebPage\",\"@id\":\"https:\\\/\\\/www.monnaieroyale.com\\\/product\\\/bison-or-pur-1-once-99-999-2026\\\/?lang=en\",\"url\":\"https:\\\/\\\/www.monnaieroyale.com\\\/product\\\/bison-or-pur-1-once-99-999-2026\\\/?lang=en\",\"name\":\"Bison : Puret\u00e9 in\u00e9gal\u00e9e \u2013 Pi\u00e8ce de 1 oz en or pur \u00e0 99,999 % 2026 (pi\u00e8ce d\u2019investissement haut de gamme) - Monnaie Collection Royale\",\"isPartOf\":{\"@id\":\"https:\\\/\\\/www.monnaieroyale.com\\\/#website\"},\"primaryImageOfPage\":{\"@id\":\"https:\\\/\\\/www.monnaieroyale.com\\\/product\\\/bison-or-pur-1-once-99-999-2026\\\/?lang=en#primaryimage\"},\"image\":{\"@id\":\"https:\\\/\\\/www.monnaieroyale.com\\\/product\\\/bison-or-pur-1-once-99-999-2026\\\/?lang=en#primaryimage\"},\"thumbnailUrl\":\"https:\\\/\\\/www.monnaieroyale.com\\\/wp-content\\\/uploads\\\/2025\\\/12\\\/bison-purete-inegalee-piece-de-1-oz-en-or-pur-a-99999-2026-piece-dinvestissement-haut-de-gamme-1-monnaie-collection-royale.avif\",\"datePublished\":\"2025-12-22T20:18:37+00:00\",\"dateModified\":\"2026-04-15T14:46:57+00:00\",\"description\":\"La pi\u00e8ce Bison : Puret\u00e9 in\u00e9gal\u00e9e s\u2019ajoute \u00e0 notre offre croissante de produits d\u2019investissement haut de gamme pr\u00e9sent\u00e9s dans un emballage sp\u00e9cial, des produits d\u2019investissement de premier ordre qui combinent valeur intrins\u00e8que et motifs \u00e9blouissants. Comme la pi\u00e8ce Feuille d\u2019\u00e9rable : Puret\u00e9 in\u00e9gal\u00e9e, la pi\u00e8ce Bison : Puret\u00e9 in\u00e9gal\u00e9e affiche une puret\u00e9 exceptionnelle de 99,999 %, ce qui en fait l\u2019une des pi\u00e8ces de 1 oz en or les plus pures du monde.\u00a0Au revers de la pi\u00e8ce figurent des lignes radiales \u00e0 effet rayonnant en arri\u00e8re-plan d\u2019un profil de bison inspirant et puissant, symbole intemporel de force et de r\u00e9silience faisant \u00e9cho \u00e0 l\u2019esprit du patrimoine naturel canadien. Son motif \u00e9blouissant, sa puret\u00e9 exceptionnelle et son tirage limit\u00e9 font de la pi\u00e8ce Bison\u00a0: Puret\u00e9 in\u00e9gal\u00e9e un excellent ajout \u00e0 tout portefeuille et un objet de collection embl\u00e9matique d\u2019un h\u00e9ritage durable.\",\"breadcrumb\":{\"@id\":\"https:\\\/\\\/www.monnaieroyale.com\\\/product\\\/bison-or-pur-1-once-99-999-2026\\\/?lang=en#breadcrumb\"},\"inLanguage\":\"en-US\",\"potentialAction\":[{\"@type\":\"ReadAction\",\"target\":[\"https:\\\/\\\/www.monnaieroyale.com\\\/product\\\/bison-or-pur-1-once-99-999-2026\\\/?lang=en\"]}]},{\"@type\":\"ImageObject\",\"inLanguage\":\"en-US\",\"@id\":\"https:\\\/\\\/www.monnaieroyale.com\\\/product\\\/bison-or-pur-1-once-99-999-2026\\\/?lang=en#primaryimage\",\"url\":\"https:\\\/\\\/www.monnaieroyale.com\\\/wp-content\\\/uploads\\\/2025\\\/12\\\/bison-purete-inegalee-piece-de-1-oz-en-or-pur-a-99999-2026-piece-dinvestissement-haut-de-gamme-1-monnaie-collection-royale.avif\",\"contentUrl\":\"https:\\\/\\\/www.monnaieroyale.com\\\/wp-content\\\/uploads\\\/2025\\\/12\\\/bison-purete-inegalee-piece-de-1-oz-en-or-pur-a-99999-2026-piece-dinvestissement-haut-de-gamme-1-monnaie-collection-royale.avif\",\"width\":500,\"height\":500,\"caption\":\"Bison : Puret\u00e9 in\u00e9gal\u00e9e \u2013 Pi\u00e8ce de 1 oz en or pur \u00e0 99,999 % 2026 (pi\u00e8ce d\u2019investissement haut de gamme)\"},{\"@type\":\"BreadcrumbList\",\"@id\":\"https:\\\/\\\/www.monnaieroyale.com\\\/product\\\/bison-or-pur-1-once-99-999-2026\\\/?lang=en#breadcrumb\",\"itemListElement\":[{\"@type\":\"ListItem\",\"position\":1,\"name\":\"Accueil\",\"item\":\"https:\\\/\\\/www.monnaieroyale.com\\\/?lang=en\"},{\"@type\":\"ListItem\",\"position\":2,\"name\":\"Shop\",\"item\":\"https:\\\/\\\/www.monnaieroyale.com\\\/shop\\\/?lang=en\"},{\"@type\":\"ListItem\",\"position\":3,\"name\":\"Bison : Puret\u00e9 in\u00e9gal\u00e9e \u2013 Pi\u00e8ce de 1 oz en or pur \u00e0 99,999 % 2026 (pi\u00e8ce d\u2019investissement haut de gamme)\"}]},{\"@type\":\"WebSite\",\"@id\":\"https:\\\/\\\/www.monnaieroyale.com\\\/#website\",\"url\":\"https:\\\/\\\/www.monnaieroyale.com\\\/\",\"name\":\"Monnaie Collection Royale\",\"description\":\"\",\"publisher\":{\"@id\":\"https:\\\/\\\/www.monnaieroyale.com\\\/#organization\"},\"potentialAction\":[{\"@type\":\"SearchAction\",\"target\":{\"@type\":\"EntryPoint\",\"urlTemplate\":\"https:\\\/\\\/www.monnaieroyale.com\\\/?s={search_term_string}\"},\"query-input\":{\"@type\":\"PropertyValueSpecification\",\"valueRequired\":true,\"valueName\":\"search_term_string\"}}],\"inLanguage\":\"en-US\"},{\"@type\":\"Organization\",\"@id\":\"https:\\\/\\\/www.monnaieroyale.com\\\/#organization\",\"name\":\"Monnaie Collection Royale\",\"url\":\"https:\\\/\\\/www.monnaieroyale.com\\\/\",\"logo\":{\"@type\":\"ImageObject\",\"inLanguage\":\"en-US\",\"@id\":\"https:\\\/\\\/www.monnaieroyale.com\\\/#\\\/schema\\\/logo\\\/image\\\/\",\"url\":\"https:\\\/\\\/www.monnaieroyale.com\\\/wp-content\\\/uploads\\\/2018\\\/02\\\/logo-mcr-rmc.jpg\",\"contentUrl\":\"https:\\\/\\\/www.monnaieroyale.com\\\/wp-content\\\/uploads\\\/2018\\\/02\\\/logo-mcr-rmc.jpg\",\"width\":1412,\"height\":365,\"caption\":\"Monnaie Collection Royale\"},\"image\":{\"@id\":\"https:\\\/\\\/www.monnaieroyale.com\\\/#\\\/schema\\\/logo\\\/image\\\/\"}}]}<\/script>\n<!-- \/ Yoast SEO plugin. -->","yoast_head_json":{"title":"Bison : Puret\u00e9 in\u00e9gal\u00e9e \u2013 Pi\u00e8ce de 1 oz en or pur \u00e0 99,999 % 2026 (pi\u00e8ce d\u2019investissement haut de gamme) - Monnaie Collection Royale","description":"La pi\u00e8ce Bison : Puret\u00e9 in\u00e9gal\u00e9e s\u2019ajoute \u00e0 notre offre croissante de produits d\u2019investissement haut de gamme pr\u00e9sent\u00e9s dans un emballage sp\u00e9cial, des produits d\u2019investissement de premier ordre qui combinent valeur intrins\u00e8que et motifs \u00e9blouissants. Comme la pi\u00e8ce Feuille d\u2019\u00e9rable : Puret\u00e9 in\u00e9gal\u00e9e, la pi\u00e8ce Bison : Puret\u00e9 in\u00e9gal\u00e9e affiche une puret\u00e9 exceptionnelle de 99,999 %, ce qui en fait l\u2019une des pi\u00e8ces de 1 oz en or les plus pures du monde.\u00a0Au revers de la pi\u00e8ce figurent des lignes radiales \u00e0 effet rayonnant en arri\u00e8re-plan d\u2019un profil de bison inspirant et puissant, symbole intemporel de force et de r\u00e9silience faisant \u00e9cho \u00e0 l\u2019esprit du patrimoine naturel canadien. Son motif \u00e9blouissant, sa puret\u00e9 exceptionnelle et son tirage limit\u00e9 font de la pi\u00e8ce Bison\u00a0: Puret\u00e9 in\u00e9gal\u00e9e un excellent ajout \u00e0 tout portefeuille et un objet de collection embl\u00e9matique d\u2019un h\u00e9ritage durable.","robots":{"index":"index","follow":"follow","max-snippet":"max-snippet:-1","max-image-preview":"max-image-preview:large","max-video-preview":"max-video-preview:-1"},"canonical":"https:\/\/www.monnaieroyale.com\/product\/bison-or-pur-1-once-99-999-2026\/?lang=en","og_locale":"en_US","og_type":"article","og_title":"Bison : Puret\u00e9 in\u00e9gal\u00e9e \u2013 Pi\u00e8ce de 1 oz en or pur \u00e0 99,999 % 2026 (pi\u00e8ce d\u2019investissement haut de gamme) - Monnaie Collection Royale","og_description":"La pi\u00e8ce Bison : Puret\u00e9 in\u00e9gal\u00e9e s\u2019ajoute \u00e0 notre offre croissante de produits d\u2019investissement haut de gamme pr\u00e9sent\u00e9s dans un emballage sp\u00e9cial, des produits d\u2019investissement de premier ordre qui combinent valeur intrins\u00e8que et motifs \u00e9blouissants. Comme la pi\u00e8ce Feuille d\u2019\u00e9rable : Puret\u00e9 in\u00e9gal\u00e9e, la pi\u00e8ce Bison : Puret\u00e9 in\u00e9gal\u00e9e affiche une puret\u00e9 exceptionnelle de 99,999 %, ce qui en fait l\u2019une des pi\u00e8ces de 1 oz en or les plus pures du monde.\u00a0Au revers de la pi\u00e8ce figurent des lignes radiales \u00e0 effet rayonnant en arri\u00e8re-plan d\u2019un profil de bison inspirant et puissant, symbole intemporel de force et de r\u00e9silience faisant \u00e9cho \u00e0 l\u2019esprit du patrimoine naturel canadien. Son motif \u00e9blouissant, sa puret\u00e9 exceptionnelle et son tirage limit\u00e9 font de la pi\u00e8ce Bison\u00a0: Puret\u00e9 in\u00e9gal\u00e9e un excellent ajout \u00e0 tout portefeuille et un objet de collection embl\u00e9matique d\u2019un h\u00e9ritage durable.","og_url":"https:\/\/www.monnaieroyale.com\/product\/bison-or-pur-1-once-99-999-2026\/?lang=en","og_site_name":"Monnaie Collection Royale","article_modified_time":"2026-04-15T14:46:57+00:00","twitter_card":"summary_large_image","twitter_misc":{"Est. reading time":"3 minutes"},"schema":{"@context":"https:\/\/schema.org","@graph":[{"@type":"WebPage","@id":"https:\/\/www.monnaieroyale.com\/product\/bison-or-pur-1-once-99-999-2026\/?lang=en","url":"https:\/\/www.monnaieroyale.com\/product\/bison-or-pur-1-once-99-999-2026\/?lang=en","name":"Bison : Puret\u00e9 in\u00e9gal\u00e9e \u2013 Pi\u00e8ce de 1 oz en or pur \u00e0 99,999 % 2026 (pi\u00e8ce d\u2019investissement haut de gamme) - Monnaie Collection Royale","isPartOf":{"@id":"https:\/\/www.monnaieroyale.com\/#website"},"primaryImageOfPage":{"@id":"https:\/\/www.monnaieroyale.com\/product\/bison-or-pur-1-once-99-999-2026\/?lang=en#primaryimage"},"image":{"@id":"https:\/\/www.monnaieroyale.com\/product\/bison-or-pur-1-once-99-999-2026\/?lang=en#primaryimage"},"thumbnailUrl":"https:\/\/www.monnaieroyale.com\/wp-content\/uploads\/2025\/12\/bison-purete-inegalee-piece-de-1-oz-en-or-pur-a-99999-2026-piece-dinvestissement-haut-de-gamme-1-monnaie-collection-royale.avif","datePublished":"2025-12-22T20:18:37+00:00","dateModified":"2026-04-15T14:46:57+00:00","description":"La pi\u00e8ce Bison : Puret\u00e9 in\u00e9gal\u00e9e s\u2019ajoute \u00e0 notre offre croissante de produits d\u2019investissement haut de gamme pr\u00e9sent\u00e9s dans un emballage sp\u00e9cial, des produits d\u2019investissement de premier ordre qui combinent valeur intrins\u00e8que et motifs \u00e9blouissants. Comme la pi\u00e8ce Feuille d\u2019\u00e9rable : Puret\u00e9 in\u00e9gal\u00e9e, la pi\u00e8ce Bison : Puret\u00e9 in\u00e9gal\u00e9e affiche une puret\u00e9 exceptionnelle de 99,999 %, ce qui en fait l\u2019une des pi\u00e8ces de 1 oz en or les plus pures du monde.\u00a0Au revers de la pi\u00e8ce figurent des lignes radiales \u00e0 effet rayonnant en arri\u00e8re-plan d\u2019un profil de bison inspirant et puissant, symbole intemporel de force et de r\u00e9silience faisant \u00e9cho \u00e0 l\u2019esprit du patrimoine naturel canadien. Son motif \u00e9blouissant, sa puret\u00e9 exceptionnelle et son tirage limit\u00e9 font de la pi\u00e8ce Bison\u00a0: Puret\u00e9 in\u00e9gal\u00e9e un excellent ajout \u00e0 tout portefeuille et un objet de collection embl\u00e9matique d\u2019un h\u00e9ritage durable.","breadcrumb":{"@id":"https:\/\/www.monnaieroyale.com\/product\/bison-or-pur-1-once-99-999-2026\/?lang=en#breadcrumb"},"inLanguage":"en-US","potentialAction":[{"@type":"ReadAction","target":["https:\/\/www.monnaieroyale.com\/product\/bison-or-pur-1-once-99-999-2026\/?lang=en"]}]},{"@type":"ImageObject","inLanguage":"en-US","@id":"https:\/\/www.monnaieroyale.com\/product\/bison-or-pur-1-once-99-999-2026\/?lang=en#primaryimage","url":"https:\/\/www.monnaieroyale.com\/wp-content\/uploads\/2025\/12\/bison-purete-inegalee-piece-de-1-oz-en-or-pur-a-99999-2026-piece-dinvestissement-haut-de-gamme-1-monnaie-collection-royale.avif","contentUrl":"https:\/\/www.monnaieroyale.com\/wp-content\/uploads\/2025\/12\/bison-purete-inegalee-piece-de-1-oz-en-or-pur-a-99999-2026-piece-dinvestissement-haut-de-gamme-1-monnaie-collection-royale.avif","width":500,"height":500,"caption":"Bison : Puret\u00e9 in\u00e9gal\u00e9e \u2013 Pi\u00e8ce de 1 oz en or pur \u00e0 99,999 % 2026 (pi\u00e8ce d\u2019investissement haut de gamme)"},{"@type":"BreadcrumbList","@id":"https:\/\/www.monnaieroyale.com\/product\/bison-or-pur-1-once-99-999-2026\/?lang=en#breadcrumb","itemListElement":[{"@type":"ListItem","position":1,"name":"Accueil","item":"https:\/\/www.monnaieroyale.com\/?lang=en"},{"@type":"ListItem","position":2,"name":"Shop","item":"https:\/\/www.monnaieroyale.com\/shop\/?lang=en"},{"@type":"ListItem","position":3,"name":"Bison : Puret\u00e9 in\u00e9gal\u00e9e \u2013 Pi\u00e8ce de 1 oz en or pur \u00e0 99,999 % 2026 (pi\u00e8ce d\u2019investissement haut de gamme)"}]},{"@type":"WebSite","@id":"https:\/\/www.monnaieroyale.com\/#website","url":"https:\/\/www.monnaieroyale.com\/","name":"Monnaie Collection Royale","description":"","publisher":{"@id":"https:\/\/www.monnaieroyale.com\/#organization"},"potentialAction":[{"@type":"SearchAction","target":{"@type":"EntryPoint","urlTemplate":"https:\/\/www.monnaieroyale.com\/?s={search_term_string}"},"query-input":{"@type":"PropertyValueSpecification","valueRequired":true,"valueName":"search_term_string"}}],"inLanguage":"en-US"},{"@type":"Organization","@id":"https:\/\/www.monnaieroyale.com\/#organization","name":"Monnaie Collection Royale","url":"https:\/\/www.monnaieroyale.com\/","logo":{"@type":"ImageObject","inLanguage":"en-US","@id":"https:\/\/www.monnaieroyale.com\/#\/schema\/logo\/image\/","url":"https:\/\/www.monnaieroyale.com\/wp-content\/uploads\/2018\/02\/logo-mcr-rmc.jpg","contentUrl":"https:\/\/www.monnaieroyale.com\/wp-content\/uploads\/2018\/02\/logo-mcr-rmc.jpg","width":1412,"height":365,"caption":"Monnaie Collection Royale"},"image":{"@id":"https:\/\/www.monnaieroyale.com\/#\/schema\/logo\/image\/"}}]}},"_links":{"self":[{"href":"https:\/\/www.monnaieroyale.com\/en\/wp-json\/wp\/v2\/product\/20954","targetHints":{"allow":["GET"]}}],"collection":[{"href":"https:\/\/www.monnaieroyale.com\/en\/wp-json\/wp\/v2\/product"}],"about":[{"href":"https:\/\/www.monnaieroyale.com\/en\/wp-json\/wp\/v2\/types\/product"}],"replies":[{"embeddable":true,"href":"https:\/\/www.monnaieroyale.com\/en\/wp-json\/wp\/v2\/comments?post=20954"}],"wp:featuredmedia":[{"embeddable":true,"href":"https:\/\/www.monnaieroyale.com\/en\/wp-json\/wp\/v2\/media\/21238"}],"wp:attachment":[{"href":"https:\/\/www.monnaieroyale.com\/en\/wp-json\/wp\/v2\/media?parent=20954"}],"wp:term":[{"taxonomy":"product_brand","embeddable":true,"href":"https:\/\/www.monnaieroyale.com\/en\/wp-json\/wp\/v2\/product_brand?post=20954"},{"taxonomy":"product_cat","embeddable":true,"href":"https:\/\/www.monnaieroyale.com\/en\/wp-json\/wp\/v2\/product_cat?post=20954"},{"taxonomy":"product_tag","embeddable":true,"href":"https:\/\/www.monnaieroyale.com\/en\/wp-json\/wp\/v2\/product_tag?post=20954"}],"curies":[{"name":"wp","href":"https:\/\/api.w.org\/{rel}","templated":true}]}}